{"id":188,"date":"2026-01-11T17:47:51","date_gmt":"2026-01-11T17:47:51","guid":{"rendered":"https:\/\/wordpress-1571069-6117386.cloudwaysapps.com\/?page_id=188"},"modified":"2026-01-11T18:03:08","modified_gmt":"2026-01-11T18:03:08","slug":"politica-de-privacidad","status":"publish","type":"page","link":"https:\/\/tzeustress.com\/en\/politica-de-privacidad\/","title":{"rendered":"Privacy Policy"},"content":{"rendered":"<div data-elementor-type=\"wp-page\" data-elementor-id=\"188\" class=\"elementor elementor-188\" data-elementor-post-type=\"page\">\n\t\t\t\t<div class=\"elementor-element elementor-element-f9f8a7a e-flex e-con-boxed e-con e-parent\" data-id=\"f9f8a7a\" data-element_type=\"container\" data-e-type=\"container\" data-settings=\"{&quot;background_background&quot;:&quot;classic&quot;}\">\n\t\t\t\t\t<div class=\"e-con-inner\">\n\t\t\t\t<div class=\"elementor-element elementor-element-d78c15d elementor-invisible elementor-widget elementor-widget-heading\" data-id=\"d78c15d\" data-element_type=\"widget\" data-e-type=\"widget\" data-settings=\"{&quot;_animation&quot;:&quot;fadeIn&quot;}\" data-widget_type=\"heading.default\">\n\t\t\t\t\t<h2 class=\"elementor-heading-title elementor-size-default\">Privacy Policy<\/h2>\t\t\t\t<\/div>\n\t\t\t\t\t<\/div>\n\t\t\t\t<\/div>\n\t\t<div class=\"elementor-element elementor-element-789b4b1 e-flex e-con-boxed e-con e-parent\" data-id=\"789b4b1\" data-element_type=\"container\" data-e-type=\"container\">\n\t\t\t\t\t<div class=\"e-con-inner\">\n\t\t\t\t<div class=\"elementor-element elementor-element-123807d elementor-widget elementor-widget-text-editor\" data-id=\"123807d\" data-element_type=\"widget\" data-e-type=\"widget\" data-widget_type=\"text-editor.default\">\n\t\t\t\t\t\t\t\t\t<div id=\"comp-m95vadg0\" class=\"Z_l5lU ku3DBC zQ9jDz qvSjx3 Vq6kJx comp-m95vadg0 wixui-rich-text\" data-testid=\"richTextElement\"><h2 class=\"font_3 wixui-rich-text__text\">Legal Notice<\/h2><\/div><div id=\"comp-m95vadg9\" class=\"Z_l5lU ku3DBC zQ9jDz qvSjx3 Vq6kJx comp-m95vadg9 wixui-rich-text\" data-testid=\"richTextElement\"><p class=\"font_8 wixui-rich-text__text\">The explanations and information provided on this page are only general and high-level explanations about how to draft your own Privacy Policy document. You should not consider this text as legal advice or as recommendations on what you should actually do, as we cannot know in advance the specific privacy policies you wish to establish between your business and your clients and visitors. We recommend that you seek legal advice to understand and create your own Privacy Policy.<\/p><\/div><div id=\"comp-m95vadgj\" class=\"Z_l5lU ku3DBC zQ9jDz qvSjx3 Vq6kJx comp-m95vadgj wixui-rich-text\" data-testid=\"richTextElement\"><h2 class=\"font_3 wixui-rich-text__text\">Privacy Policy: Fundamentals<\/h2><\/div><div id=\"comp-m95vadgq\" class=\"Z_l5lU ku3DBC zQ9jDz qvSjx3 Vq6kJx comp-m95vadgq wixui-rich-text\" data-testid=\"richTextElement\"><p class=\"font_8 wixui-rich-text__text\">That said, a Privacy Policy is a statement that discloses some or all of a website\u2019s practices regarding the collection, use, disclosure, processing, and management of data from its users and customers. It also usually includes a statement about the website\u2019s commitment to protecting the privacy of its visitors or clients, as well as an explanation of the different mechanisms the website applies to safeguard privacy.<\/p><\/div><div id=\"comp-m95vadgx\" class=\"Z_l5lU ku3DBC zQ9jDz qvSjx3 Vq6kJx comp-m95vadgx wixui-rich-text\" data-testid=\"richTextElement\"><p class=\"font_8 wixui-rich-text__text\">Different jurisdictions have different legal obligations regarding what must be included in a Privacy Policy. You are responsible for ensuring that you comply with the legislation relevant to your activities and location.<\/p><\/div><div id=\"comp-m95vadh5\" class=\"Z_l5lU ku3DBC zQ9jDz qvSjx3 Vq6kJx comp-m95vadh5 wixui-rich-text\" data-testid=\"richTextElement\"><h2 class=\"font_3 wixui-rich-text__text\">What Should Be Included in the Privacy Policy Document<\/h2><\/div><div id=\"comp-m95vadhd\" class=\"Z_l5lU ku3DBC zQ9jDz qvSjx3 Vq6kJx comp-m95vadhd wixui-rich-text\" data-testid=\"richTextElement\"><p class=\"font_8 wixui-rich-text__text\">In general terms, a Privacy Policy usually addresses issues such as: the types of information the website collects and how the data is collected; an explanation of why the website collects this type of information; the website\u2019s practices for sharing information with third parties; the ways in which visitors and customers can exercise their rights in accordance with applicable privacy legislation; specific practices related to the collection of data from minors; and more.<\/p><p class=\"font_8 wixui-rich-text__text\"><br class=\"wixui-rich-text__text\" \/>For more information, read our article\u00a0<span class=\"wixui-rich-text__text\"><a class=\"wixui-rich-text__text\" href=\"https:\/\/support.wix.com\/es\/article\/creando-una-pol%C3%ADtica-de-privacidad\" target=\"_blank\" rel=\"noreferrer noopener\">How to Create a Privacy Policy<\/a><\/span>.<\/p><\/div>\t\t\t\t\t\t\t\t<\/div>\n\t\t\t\t\t<\/div>\n\t\t\t\t<\/div>\n\t\t\t\t<\/div>","protected":false},"excerpt":{"rendered":"<p>Aviso legal Las explicaciones e informaci\u00f3n proporcionadas en esta p\u00e1gina son solo explicaciones e informaci\u00f3n generales y a grandes rasgos sobre c\u00f3mo redactar tu propio documento de Pol\u00edtica de Privacidad. No debes considerar este art\u00edculo como asesoramiento legal o recomendaciones sobre lo que realmente debes hacer, porque no podemos saber de antemano cu\u00e1les son las [&hellip;]<\/p>\n","protected":false},"author":1,"featured_media":0,"parent":0,"menu_order":0,"comment_status":"closed","ping_status":"closed","template":"","meta":{"footnotes":""},"class_list":["post-188","page","type-page","status-publish","hentry"],"_hostinger_reach_plugin_has_subscription_block":false,"_hostinger_reach_plugin_is_elementor":false,"_links":{"self":[{"href":"https:\/\/tzeustress.com\/en\/wp-json\/wp\/v2\/pages\/188","targetHints":{"allow":["GET"]}}],"collection":[{"href":"https:\/\/tzeustress.com\/en\/wp-json\/wp\/v2\/pages"}],"about":[{"href":"https:\/\/tzeustress.com\/en\/wp-json\/wp\/v2\/types\/page"}],"author":[{"embeddable":true,"href":"https:\/\/tzeustress.com\/en\/wp-json\/wp\/v2\/users\/1"}],"replies":[{"embeddable":true,"href":"https:\/\/tzeustress.com\/en\/wp-json\/wp\/v2\/comments?post=188"}],"version-history":[{"count":10,"href":"https:\/\/tzeustress.com\/en\/wp-json\/wp\/v2\/pages\/188\/revisions"}],"predecessor-version":[{"id":225,"href":"https:\/\/tzeustress.com\/en\/wp-json\/wp\/v2\/pages\/188\/revisions\/225"}],"wp:attachment":[{"href":"https:\/\/tzeustress.com\/en\/wp-json\/wp\/v2\/media?parent=188"}],"curies":[{"name":"wp","href":"https:\/\/api.w.org\/{rel}","templated":true}]}}