{"id":21,"date":"2026-01-06T11:27:34","date_gmt":"2026-01-06T11:27:34","guid":{"rendered":"https:\/\/wordpress-1571069-6117386.cloudwaysapps.com\/?page_id=21"},"modified":"2026-01-11T18:01:35","modified_gmt":"2026-01-11T18:01:35","slug":"blog","status":"publish","type":"page","link":"https:\/\/tzeustress.com\/en\/blog\/","title":{"rendered":"Blog"},"content":{"rendered":"<div data-elementor-type=\"wp-page\" data-elementor-id=\"21\" class=\"elementor elementor-21\" data-elementor-post-type=\"page\">\n\t\t\t\t<div class=\"elementor-element elementor-element-6de8d59 e-flex e-con-boxed e-con e-parent\" data-id=\"6de8d59\" data-element_type=\"container\" data-e-type=\"container\" data-settings=\"{&quot;background_background&quot;:&quot;classic&quot;}\">\n\t\t\t\t\t<div class=\"e-con-inner\">\n\t\t\t\t<div class=\"elementor-element elementor-element-a2c1314 elementor-invisible elementor-widget elementor-widget-heading\" data-id=\"a2c1314\" data-element_type=\"widget\" data-e-type=\"widget\" data-settings=\"{&quot;_animation&quot;:&quot;fadeIn&quot;}\" data-widget_type=\"heading.default\">\n\t\t\t\t\t<h2 class=\"elementor-heading-title elementor-size-default\">Blog<\/h2>\t\t\t\t<\/div>\n\t\t\t\t\t<\/div>\n\t\t\t\t<\/div>\n\t\t<div class=\"elementor-element elementor-element-a85dee6 e-flex e-con-boxed e-con e-parent\" data-id=\"a85dee6\" data-element_type=\"container\" data-e-type=\"container\">\n\t\t\t\t\t<div class=\"e-con-inner\">\n\t\t\t\t<div class=\"elementor-element elementor-element-6f3c13b elementor-grid-3 elementor-grid-tablet-2 elementor-grid-mobile-1 elementor-posts--thumbnail-top elementor-widget elementor-widget-posts\" data-id=\"6f3c13b\" data-element_type=\"widget\" data-e-type=\"widget\" data-settings=\"{&quot;classic_columns&quot;:&quot;3&quot;,&quot;classic_columns_tablet&quot;:&quot;2&quot;,&quot;classic_columns_mobile&quot;:&quot;1&quot;,&quot;classic_row_gap&quot;:{&quot;unit&quot;:&quot;px&quot;,&quot;size&quot;:35,&quot;sizes&quot;:[]},&quot;classic_row_gap_tablet&quot;:{&quot;unit&quot;:&quot;px&quot;,&quot;size&quot;:&quot;&quot;,&quot;sizes&quot;:[]},&quot;classic_row_gap_mobile&quot;:{&quot;unit&quot;:&quot;px&quot;,&quot;size&quot;:&quot;&quot;,&quot;sizes&quot;:[]}}\" data-widget_type=\"posts.classic\">\n\t\t\t\t<div class=\"elementor-widget-container\">\n\t\t\t\t\t\t\t<div class=\"elementor-posts-container elementor-posts elementor-posts--skin-classic elementor-grid\" role=\"list\">\n\t\t\t\t<article class=\"elementor-post elementor-grid-item post-1 post type-post status-publish format-standard has-post-thumbnail hentry category-uncategorized\" role=\"listitem\">\n\t\t\t\t<a class=\"elementor-post__thumbnail__link\" href=\"https:\/\/tzeustress.com\/en\/resiliencia-en-accion-como-entrenar-tu-mente-para-superar-la-ansiedad-los-bloqueos-y-los-desafios\/\" tabindex=\"-1\" >\n\t\t\t<div class=\"elementor-post__thumbnail\"><img fetchpriority=\"high\" decoding=\"async\" width=\"1143\" height=\"1542\" src=\"https:\/\/tzeustress.com\/wp-content\/uploads\/2026\/01\/229d5d_782ebb4caf264500b8d86e0d1deb5b17mv2.webp\" class=\"attachment-full size-full wp-image-139\" alt=\"\" srcset=\"https:\/\/tzeustress.com\/wp-content\/uploads\/2026\/01\/229d5d_782ebb4caf264500b8d86e0d1deb5b17mv2.webp 1143w, https:\/\/tzeustress.com\/wp-content\/uploads\/2026\/01\/229d5d_782ebb4caf264500b8d86e0d1deb5b17mv2-222x300.webp 222w, https:\/\/tzeustress.com\/wp-content\/uploads\/2026\/01\/229d5d_782ebb4caf264500b8d86e0d1deb5b17mv2-759x1024.webp 759w, https:\/\/tzeustress.com\/wp-content\/uploads\/2026\/01\/229d5d_782ebb4caf264500b8d86e0d1deb5b17mv2-768x1036.webp 768w, https:\/\/tzeustress.com\/wp-content\/uploads\/2026\/01\/229d5d_782ebb4caf264500b8d86e0d1deb5b17mv2-1139x1536.webp 1139w\" sizes=\"(max-width: 1143px) 100vw, 1143px\" \/><\/div>\n\t\t<\/a>\n\t\t\t\t<div class=\"elementor-post__text\">\n\t\t\t\t<h3 class=\"elementor-post__title\">\n\t\t\t<a href=\"https:\/\/tzeustress.com\/en\/resiliencia-en-accion-como-entrenar-tu-mente-para-superar-la-ansiedad-los-bloqueos-y-los-desafios\/\" >\n\t\t\t\tResilience in Action: How to Train Your Mind to Overcome Anxiety, Blocks, and Challenges\t\t\t<\/a>\n\t\t<\/h3>\n\t\t\t\t<div class=\"elementor-post__meta-data\">\n\t\t\t\t\t<span class=\"elementor-post-date\">\n\t\t\tJanuary 6, 2026\t\t<\/span>\n\t\t\t\t<span class=\"elementor-post-avatar\">\n\t\t\t1 Comment\t\t<\/span>\n\t\t\t\t<\/div>\n\t\t\t\t<div class=\"elementor-post__excerpt\">\n\t\t\t<p>Vivimos en tiempos de cambio constante y alta exigencia emocional. Adaptarse no es solo una cuesti\u00f3n de actitud, sino de habilidades entrenables. La resiliencia no<\/p>\n\t\t<\/div>\n\t\t\n\t\t<a class=\"elementor-post__read-more\" href=\"https:\/\/tzeustress.com\/en\/resiliencia-en-accion-como-entrenar-tu-mente-para-superar-la-ansiedad-los-bloqueos-y-los-desafios\/\" aria-label=\"Read more about Resiliencia en Acci\u00f3n: C\u00f3mo entrenar tu mente para superar la ansiedad, los bloqueos y los desaf\u00edos\" tabindex=\"-1\" >\n\t\t\tRead More \u00bb\t\t<\/a>\n\n\t\t\t\t<\/div>\n\t\t\t\t<\/article>\n\t\t\t\t<\/div>\n\t\t\n\t\t\t\t\t\t<\/div>\n\t\t\t\t<\/div>\n\t\t\t\t\t<\/div>\n\t\t\t\t<\/div>\n\t\t\t\t<\/div>","protected":false},"excerpt":{"rendered":"","protected":false},"author":1,"featured_media":0,"parent":0,"menu_order":0,"comment_status":"closed","ping_status":"closed","template":"","meta":{"footnotes":""},"class_list":["post-21","page","type-page","status-publish","hentry"],"_hostinger_reach_plugin_has_subscription_block":false,"_hostinger_reach_plugin_is_elementor":false,"_links":{"self":[{"href":"https:\/\/tzeustress.com\/en\/wp-json\/wp\/v2\/pages\/21","targetHints":{"allow":["GET"]}}],"collection":[{"href":"https:\/\/tzeustress.com\/en\/wp-json\/wp\/v2\/pages"}],"about":[{"href":"https:\/\/tzeustress.com\/en\/wp-json\/wp\/v2\/types\/page"}],"author":[{"embeddable":true,"href":"https:\/\/tzeustress.com\/en\/wp-json\/wp\/v2\/users\/1"}],"replies":[{"embeddable":true,"href":"https:\/\/tzeustress.com\/en\/wp-json\/wp\/v2\/comments?post=21"}],"version-history":[{"count":10,"href":"https:\/\/tzeustress.com\/en\/wp-json\/wp\/v2\/pages\/21\/revisions"}],"predecessor-version":[{"id":220,"href":"https:\/\/tzeustress.com\/en\/wp-json\/wp\/v2\/pages\/21\/revisions\/220"}],"wp:attachment":[{"href":"https:\/\/tzeustress.com\/en\/wp-json\/wp\/v2\/media?parent=21"}],"curies":[{"name":"wp","href":"https:\/\/api.w.org\/{rel}","templated":true}]}}