{"id":221,"date":"2026-01-11T18:02:13","date_gmt":"2026-01-11T18:02:13","guid":{"rendered":"https:\/\/wordpress-1571069-6117386.cloudwaysapps.com\/?page_id=221"},"modified":"2026-01-11T18:05:10","modified_gmt":"2026-01-11T18:05:10","slug":"terminos-y-condiciones","status":"publish","type":"page","link":"https:\/\/tzeustress.com\/en\/terminos-y-condiciones\/","title":{"rendered":"Terms &amp; Conditions"},"content":{"rendered":"<div data-elementor-type=\"wp-page\" data-elementor-id=\"221\" class=\"elementor elementor-221\" data-elementor-post-type=\"page\">\n\t\t\t\t<div class=\"elementor-element elementor-element-94446c6 e-flex e-con-boxed e-con e-parent\" data-id=\"94446c6\" data-element_type=\"container\" data-e-type=\"container\" data-settings=\"{&quot;background_background&quot;:&quot;classic&quot;}\">\n\t\t\t\t\t<div class=\"e-con-inner\">\n\t\t\t\t<div class=\"elementor-element elementor-element-7f491c3 elementor-invisible elementor-widget elementor-widget-heading\" data-id=\"7f491c3\" data-element_type=\"widget\" data-e-type=\"widget\" data-settings=\"{&quot;_animation&quot;:&quot;fadeIn&quot;}\" data-widget_type=\"heading.default\">\n\t\t\t\t\t<h2 class=\"elementor-heading-title elementor-size-default\">Terms &amp; Conditions<\/h2>\t\t\t\t<\/div>\n\t\t\t\t\t<\/div>\n\t\t\t\t<\/div>\n\t\t<div class=\"elementor-element elementor-element-a51b1d0 e-flex e-con-boxed e-con e-parent\" data-id=\"a51b1d0\" data-element_type=\"container\" data-e-type=\"container\">\n\t\t\t\t\t<div class=\"e-con-inner\">\n\t\t\t\t<div class=\"elementor-element elementor-element-d95bce4 elementor-widget elementor-widget-text-editor\" data-id=\"d95bce4\" data-element_type=\"widget\" data-e-type=\"widget\" data-widget_type=\"text-editor.default\">\n\t\t\t\t\t\t\t\t\t<div id=\"comp-m95vadg0\" class=\"Z_l5lU ku3DBC zQ9jDz qvSjx3 Vq6kJx comp-m95vadg0 wixui-rich-text\" data-testid=\"richTextElement\"><div id=\"comp-m95vae4z1\" class=\"Z_l5lU ku3DBC zQ9jDz qvSjx3 Vq6kJx comp-m95vae4z1 wixui-rich-text\" data-testid=\"richTextElement\"><h2 class=\"font_3 wixui-rich-text__text\">Legal Notice<\/h2><\/div><div id=\"comp-m95vae551\" class=\"Z_l5lU ku3DBC zQ9jDz qvSjx3 Vq6kJx comp-m95vae551 wixui-rich-text\" data-testid=\"richTextElement\"><p class=\"font_8 wixui-rich-text__text\">The explanations and information provided on this page are only general and high-level explanations about how to draft your own Privacy Policy document. You should not consider this text as legal advice or as recommendations on what you should actually do, as we cannot know in advance the specific privacy policies you wish to establish between your business and your clients and visitors. We recommend that you seek legal advice to understand and create your own Privacy Policy.<\/p><\/div><div id=\"comp-m95vae5b1\" class=\"Z_l5lU ku3DBC zQ9jDz qvSjx3 Vq6kJx comp-m95vae5b1 wixui-rich-text\" data-testid=\"richTextElement\"><h2 class=\"font_3 wixui-rich-text__text\">Terms and Conditions: Fundamentals<\/h2><\/div><div id=\"comp-m95vae5h\" class=\"Z_l5lU ku3DBC zQ9jDz qvSjx3 Vq6kJx comp-m95vae5h wixui-rich-text\" data-testid=\"richTextElement\"><p class=\"font_8 wixui-rich-text__text\">That said, the Terms and Conditions (\u201cT&amp;C\u201d) are a set of legally binding terms defined by you as the owner of this website. The T&amp;C establish the legal boundaries that govern the activities of the website\u2019s visitors or your customers while they visit or engage with this site. The purpose of the T&amp;C is to establish the legal relationship between the site\u2019s visitors and you as the owner of the site.<\/p><\/div><div id=\"comp-m95vae5n\" class=\"Z_l5lU ku3DBC zQ9jDz qvSjx3 Vq6kJx comp-m95vae5n wixui-rich-text\" data-testid=\"richTextElement\"><p class=\"font_8 wixui-rich-text__text\">The T&amp;C must be defined according to the specific needs and nature of each website. For example, a website that offers products to customers through e-commerce operations requires different T&amp;C than a website that only provides information (such as a blog, homepage, etc.).<\/p><\/div><div id=\"comp-m95vae5t\" class=\"Z_l5lU ku3DBC zQ9jDz qvSjx3 Vq6kJx comp-m95vae5t wixui-rich-text\" data-testid=\"richTextElement\"><p class=\"font_8 wixui-rich-text__text\">The T&amp;C give you, as the website owner, the ability to protect yourself from legal liability. However, this can differ from one jurisdiction to another, so be sure to obtain local legal advice if you are trying to protect yourself from legal liability.<\/p><\/div><div id=\"comp-m95vae5z\" class=\"Z_l5lU ku3DBC zQ9jDz qvSjx3 Vq6kJx comp-m95vae5z wixui-rich-text\" data-testid=\"richTextElement\"><h2 class=\"font_3 wixui-rich-text__text\">What Should Be Included in the Terms and Conditions Document<\/h2><\/div><div id=\"comp-m95vae65\" class=\"Z_l5lU ku3DBC zQ9jDz qvSjx3 Vq6kJx comp-m95vae65 wixui-rich-text\" data-testid=\"richTextElement\"><p class=\"font_8 wixui-rich-text__text\">In general, the T&amp;C usually address issues such as: who is authorized to use the website; possible payment methods; a statement that the website owner may change their offering in the future; the types of warranties the website owner provides to their customers; a reference to intellectual property or copyright matters (if relevant); the website owner\u2019s right to suspend or terminate a member\u2019s account; and more.\u00a0<\/p><p class=\"font_8 wixui-rich-text__text\">\u00a0<\/p><p class=\"font_8 wixui-rich-text__text\">For more information, read our article\u00a0<span class=\"wixui-rich-text__text\"><a class=\"wixui-rich-text__text\" href=\"https:\/\/support.wix.com\/es\/article\/crear-una-pol%C3%ADtica-de-t%C3%A9rminos-y-condiciones\" target=\"_blank\" rel=\"noreferrer noopener\">How to Create a Terms and Conditions Policy<\/a><\/span>.<\/p><\/div><\/div>\t\t\t\t\t\t\t\t<\/div>\n\t\t\t\t\t<\/div>\n\t\t\t\t<\/div>\n\t\t\t\t<\/div>","protected":false},"excerpt":{"rendered":"<p>Aviso legal Las explicaciones e informaci\u00f3n proporcionadas en esta p\u00e1gina son solo explicaciones e informaci\u00f3n generales y a grandes rasgos sobre c\u00f3mo redactar tu propio documento de T\u00e9rminos y Condiciones. No debes considerar este art\u00edculo como asesoramiento legal o recomendaciones sobre lo que realmente debes hacer, porque no podemos saber de antemano cu\u00e1les son los [&hellip;]<\/p>\n","protected":false},"author":1,"featured_media":0,"parent":0,"menu_order":0,"comment_status":"closed","ping_status":"closed","template":"","meta":{"footnotes":""},"class_list":["post-221","page","type-page","status-publish","hentry"],"_hostinger_reach_plugin_has_subscription_block":false,"_hostinger_reach_plugin_is_elementor":false,"_links":{"self":[{"href":"https:\/\/tzeustress.com\/en\/wp-json\/wp\/v2\/pages\/221","targetHints":{"allow":["GET"]}}],"collection":[{"href":"https:\/\/tzeustress.com\/en\/wp-json\/wp\/v2\/pages"}],"about":[{"href":"https:\/\/tzeustress.com\/en\/wp-json\/wp\/v2\/types\/page"}],"author":[{"embeddable":true,"href":"https:\/\/tzeustress.com\/en\/wp-json\/wp\/v2\/users\/1"}],"replies":[{"embeddable":true,"href":"https:\/\/tzeustress.com\/en\/wp-json\/wp\/v2\/comments?post=221"}],"version-history":[{"count":5,"href":"https:\/\/tzeustress.com\/en\/wp-json\/wp\/v2\/pages\/221\/revisions"}],"predecessor-version":[{"id":230,"href":"https:\/\/tzeustress.com\/en\/wp-json\/wp\/v2\/pages\/221\/revisions\/230"}],"wp:attachment":[{"href":"https:\/\/tzeustress.com\/en\/wp-json\/wp\/v2\/media?parent=221"}],"curies":[{"name":"wp","href":"https:\/\/api.w.org\/{rel}","templated":true}]}}