{"id":281,"date":"2026-01-12T15:45:54","date_gmt":"2026-01-12T15:45:54","guid":{"rendered":"https:\/\/wordpress-1571069-6117386.cloudwaysapps.com\/?page_id=281"},"modified":"2026-04-09T19:26:10","modified_gmt":"2026-04-09T19:26:10","slug":"programa-neuro-anti-aging","status":"publish","type":"page","link":"https:\/\/tzeustress.com\/en\/programa-neuro-anti-aging\/","title":{"rendered":"Neuro Anti-Aging Program"},"content":{"rendered":"<div data-elementor-type=\"wp-page\" data-elementor-id=\"281\" class=\"elementor elementor-281\" data-elementor-post-type=\"page\">\n\t\t\t\t<div class=\"elementor-element elementor-element-8bc6132 e-flex e-con-boxed e-con e-parent\" data-id=\"8bc6132\" data-element_type=\"container\" data-e-type=\"container\" data-settings=\"{&quot;background_background&quot;:&quot;classic&quot;}\">\n\t\t\t\t\t<div class=\"e-con-inner\">\n\t\t\t\t<div class=\"elementor-element elementor-element-bccde52 elementor-invisible elementor-widget elementor-widget-heading\" data-id=\"bccde52\" data-element_type=\"widget\" data-e-type=\"widget\" data-settings=\"{&quot;_animation&quot;:&quot;fadeIn&quot;}\" data-widget_type=\"heading.default\">\n\t\t\t\t\t<h2 class=\"elementor-heading-title elementor-size-default\">Neuro Anti-Aging Program<\/h2>\t\t\t\t<\/div>\n\t\t\t\t\t<\/div>\n\t\t\t\t<\/div>\n\t\t<div class=\"elementor-element elementor-element-54daf4a e-flex e-con-boxed e-con e-parent\" data-id=\"54daf4a\" data-element_type=\"container\" data-e-type=\"container\">\n\t\t\t\t\t<div class=\"e-con-inner\">\n\t\t<div class=\"elementor-element elementor-element-5dd8718 e-con-full e-flex e-con e-child\" data-id=\"5dd8718\" data-element_type=\"container\" data-e-type=\"container\" data-settings=\"{&quot;animation&quot;:&quot;none&quot;}\">\n\t\t\t\t<div class=\"elementor-element elementor-element-8f50a8f elementor-widget elementor-widget-heading\" data-id=\"8f50a8f\" data-element_type=\"widget\" data-e-type=\"widget\" data-widget_type=\"heading.default\">\n\t\t\t\t\t<h2 class=\"elementor-heading-title elementor-size-default\">Advanced neuropsychological intervention to slow premature brain aging<\/h2>\t\t\t\t<\/div>\n\t\t\t\t<div class=\"elementor-element elementor-element-048fd21 elementor-widget elementor-widget-text-editor\" data-id=\"048fd21\" data-element_type=\"widget\" data-e-type=\"widget\" data-widget_type=\"text-editor.default\">\n\t\t\t\t\t\t\t\t\t<p>An exclusive program designed to protect and optimize brain health against chronic stress, cognitive overload, and emotional exhaustion.<br data-start=\"3947\" data-end=\"3950\" \/>It combines non-invasive neuromodulation, psychoeducation, and advanced psychotherapy to enhance mental performance and emotional balance.<\/p>\t\t\t\t\t\t\t\t<\/div>\n\t\t\t\t<div class=\"elementor-element elementor-element-062538e elementor-widget elementor-widget-button\" data-id=\"062538e\" data-element_type=\"widget\" data-e-type=\"widget\" data-widget_type=\"button.default\">\n\t\t\t\t\t\t\t\t\t\t<a class=\"elementor-button elementor-button-link elementor-size-sm\" href=\"https:\/\/tzeustress.com\/en\/book-online\/\">\n\t\t\t\t\t\t<span class=\"elementor-button-content-wrapper\">\n\t\t\t\t\t\t<span class=\"elementor-button-icon\">\n\t\t\t\t<svg aria-hidden=\"true\" class=\"e-font-icon-svg e-fas-long-arrow-alt-right\" viewbox=\"0 0 448 512\" xmlns=\"http:\/\/www.w3.org\/2000\/svg\"><path d=\"M313.941 216H12c-6.627 0-12 5.373-12 12v56c0 6.627 5.373 12 12 12h301.941v46.059c0 21.382 25.851 32.09 40.971 16.971l86.059-86.059c9.373-9.373 9.373-24.569 0-33.941l-86.059-86.059c-15.119-15.119-40.971-4.411-40.971 16.971V216z\"><\/path><\/svg>\t\t\t<\/span>\n\t\t\t\t\t\t\t\t\t<span class=\"elementor-button-text\">Book Now<\/span>\n\t\t\t\t\t<\/span>\n\t\t\t\t\t<\/a>\n\t\t\t\t\t\t\t\t<\/div>\n\t\t\t\t<\/div>\n\t\t<div class=\"elementor-element elementor-element-be17375 e-con-full e-flex e-con e-child\" data-id=\"be17375\" data-element_type=\"container\" data-e-type=\"container\">\n\t\t\t\t<div class=\"elementor-element elementor-element-9f7c583 elementor-invisible elementor-widget elementor-widget-image\" data-id=\"9f7c583\" data-element_type=\"widget\" data-e-type=\"widget\" data-settings=\"{&quot;_animation&quot;:&quot;fadeInRight&quot;}\" data-widget_type=\"image.default\">\n\t\t\t\t\t\t\t\t\t\t\t\t\t\t\t<img fetchpriority=\"high\" decoding=\"async\" width=\"390\" height=\"261\" src=\"https:\/\/tzeustress.com\/wp-content\/uploads\/2026\/01\/229d5d_0574eb2afc134d5d911b809af82e0429mv2.avif\" class=\"attachment-full size-full wp-image-122\" alt=\"\" srcset=\"https:\/\/tzeustress.com\/wp-content\/uploads\/2026\/01\/229d5d_0574eb2afc134d5d911b809af82e0429mv2.avif 390w, https:\/\/tzeustress.com\/wp-content\/uploads\/2026\/01\/229d5d_0574eb2afc134d5d911b809af82e0429mv2-300x201.jpg 300w\" sizes=\"(max-width: 390px) 100vw, 390px\" \/>\t\t\t\t\t\t\t\t\t\t\t\t\t\t\t<\/div>\n\t\t\t\t<\/div>\n\t\t\t\t\t<\/div>\n\t\t\t\t<\/div>\n\t\t<div class=\"elementor-element elementor-element-c55fa90 e-flex e-con-boxed elementor-invisible e-con e-parent\" data-id=\"c55fa90\" data-element_type=\"container\" data-e-type=\"container\" data-settings=\"{&quot;animation&quot;:&quot;fadeInUp&quot;}\">\n\t\t\t\t\t<div class=\"e-con-inner\">\n\t\t<div class=\"elementor-element elementor-element-d565aff e-con-full e-flex e-con e-child\" data-id=\"d565aff\" data-element_type=\"container\" data-e-type=\"container\">\n\t\t\t\t<div class=\"elementor-element elementor-element-19ec7f0 elementor-widget elementor-widget-heading\" data-id=\"19ec7f0\" data-element_type=\"widget\" data-e-type=\"widget\" data-widget_type=\"heading.default\">\n\t\t\t\t\t<h2 class=\"elementor-heading-title elementor-size-default\">Main benefits:<\/h2>\t\t\t\t<\/div>\n\t\t\t\t<div class=\"elementor-element elementor-element-139bd64 elementor-widget elementor-widget-text-editor\" data-id=\"139bd64\" data-element_type=\"widget\" data-e-type=\"widget\" data-widget_type=\"text-editor.default\">\n\t\t\t\t\t\t\t\t\t<ul><li>Reduction of stress and anxiety<\/li><li>Increased concentration and mental clarity<\/li><li>Regulation of mood and the nervous system<\/li><li>Better rest and mental vitality<\/li><li>Prevention of stress-related cognitive decline<\/li><\/ul>\t\t\t\t\t\t\t\t<\/div>\n\t\t\t\t<\/div>\n\t\t<div class=\"elementor-element elementor-element-e7c324d e-con-full e-flex e-con e-child\" data-id=\"e7c324d\" data-element_type=\"container\" data-e-type=\"container\">\n\t\t\t\t<div class=\"elementor-element elementor-element-0de1be4 elementor-widget elementor-widget-heading\" data-id=\"0de1be4\" data-element_type=\"widget\" data-e-type=\"widget\" data-widget_type=\"heading.default\">\n\t\t\t\t\t<h2 class=\"elementor-heading-title elementor-size-default\">Ideal for:<\/h2>\t\t\t\t<\/div>\n\t\t\t\t<div class=\"elementor-element elementor-element-cc25fcc elementor-widget elementor-widget-text-editor\" data-id=\"cc25fcc\" data-element_type=\"widget\" data-e-type=\"widget\" data-widget_type=\"text-editor.default\">\n\t\t\t\t\t\t\t\t\t<ul><li>Individuals with high intellectual or professional demands<\/li><li>Chronic stress, mental fatigue, or emotional burnout<\/li><li>Those seeking to maintain high cognitive performance long-term<\/li><\/ul>\t\t\t\t\t\t\t\t<\/div>\n\t\t\t\t<\/div>\n\t\t\t\t\t<\/div>\n\t\t\t\t<\/div>\n\t\t<div class=\"elementor-element elementor-element-63967d8 e-flex e-con-boxed elementor-invisible e-con e-parent\" data-id=\"63967d8\" data-element_type=\"container\" data-e-type=\"container\" data-settings=\"{&quot;animation&quot;:&quot;fadeInUp&quot;}\">\n\t\t\t\t\t<div class=\"e-con-inner\">\n\t\t<div class=\"elementor-element elementor-element-311583c e-con-full e-flex e-con e-child\" data-id=\"311583c\" data-element_type=\"container\" data-e-type=\"container\">\n\t\t\t\t<div class=\"elementor-element elementor-element-343fb50 elementor-widget elementor-widget-heading\" data-id=\"343fb50\" data-element_type=\"widget\" data-e-type=\"widget\" data-widget_type=\"heading.default\">\n\t\t\t\t\t<h2 class=\"elementor-heading-title elementor-size-default\">Includes:<\/h2>\t\t\t\t<\/div>\n\t\t\t\t<div class=\"elementor-element elementor-element-13b242a elementor-widget elementor-widget-text-editor\" data-id=\"13b242a\" data-element_type=\"widget\" data-e-type=\"widget\" data-widget_type=\"text-editor.default\">\n\t\t\t\t\t\t\t\t\t<ul><li>56 sessions of non-invasive brain neuromodulation (tDCS)<\/li><li>24 sessions of vagus nerve stimulation<\/li><li>6 advanced psychotherapy sessions<\/li><li>Individualized follow-up and an integrative body\u2013mind approach<\/li><\/ul>\t\t\t\t\t\t\t\t<\/div>\n\t\t\t\t<\/div>\n\t\t\t\t\t<\/div>\n\t\t\t\t<\/div>\n\t\t\t\t<\/div>","protected":false},"excerpt":{"rendered":"<p>Intervenci\u00f3n neuropsicol\u00f3gica avanzada para frenar el envejecimiento cerebral prematuro Programa exclusivo dise\u00f1ado para proteger y optimizar la salud cerebral frente al estr\u00e9s cr\u00f3nico, la sobrecarga cognitiva y el desgaste emocional.Combina neuromodulaci\u00f3n no invasiva, psicoeducaci\u00f3n y psicoterapia avanzada para mejorar el rendimiento mental y el equilibrio emocional. Reservar ahora Beneficios principales: Mejora de la memoria y [&hellip;]<\/p>\n","protected":false},"author":1,"featured_media":0,"parent":0,"menu_order":0,"comment_status":"closed","ping_status":"closed","template":"","meta":{"footnotes":""},"class_list":["post-281","page","type-page","status-publish","hentry"],"_hostinger_reach_plugin_has_subscription_block":false,"_hostinger_reach_plugin_is_elementor":false,"_links":{"self":[{"href":"https:\/\/tzeustress.com\/en\/wp-json\/wp\/v2\/pages\/281","targetHints":{"allow":["GET"]}}],"collection":[{"href":"https:\/\/tzeustress.com\/en\/wp-json\/wp\/v2\/pages"}],"about":[{"href":"https:\/\/tzeustress.com\/en\/wp-json\/wp\/v2\/types\/page"}],"author":[{"embeddable":true,"href":"https:\/\/tzeustress.com\/en\/wp-json\/wp\/v2\/users\/1"}],"replies":[{"embeddable":true,"href":"https:\/\/tzeustress.com\/en\/wp-json\/wp\/v2\/comments?post=281"}],"version-history":[{"count":43,"href":"https:\/\/tzeustress.com\/en\/wp-json\/wp\/v2\/pages\/281\/revisions"}],"predecessor-version":[{"id":799,"href":"https:\/\/tzeustress.com\/en\/wp-json\/wp\/v2\/pages\/281\/revisions\/799"}],"wp:attachment":[{"href":"https:\/\/tzeustress.com\/en\/wp-json\/wp\/v2\/media?parent=281"}],"curies":[{"name":"wp","href":"https:\/\/api.w.org\/{rel}","templated":true}]}}