{"id":286,"date":"2026-01-12T15:53:15","date_gmt":"2026-01-12T15:53:15","guid":{"rendered":"https:\/\/wordpress-1571069-6117386.cloudwaysapps.com\/?page_id=286"},"modified":"2026-04-09T19:27:00","modified_gmt":"2026-04-09T19:27:00","slug":"programa-cleanbrain","status":"publish","type":"page","link":"https:\/\/tzeustress.com\/en\/programa-cleanbrain\/","title":{"rendered":"CleanBrain Program"},"content":{"rendered":"<div data-elementor-type=\"wp-page\" data-elementor-id=\"286\" class=\"elementor elementor-286\" data-elementor-post-type=\"page\">\n\t\t\t\t<div class=\"elementor-element elementor-element-516eddc e-flex e-con-boxed e-con e-parent\" data-id=\"516eddc\" data-element_type=\"container\" data-e-type=\"container\" data-settings=\"{&quot;background_background&quot;:&quot;classic&quot;}\">\n\t\t\t\t\t<div class=\"e-con-inner\">\n\t\t\t\t<div class=\"elementor-element elementor-element-f7a689f elementor-invisible elementor-widget elementor-widget-heading\" data-id=\"f7a689f\" data-element_type=\"widget\" data-e-type=\"widget\" data-settings=\"{&quot;_animation&quot;:&quot;fadeIn&quot;}\" data-widget_type=\"heading.default\">\n\t\t\t\t\t<h2 class=\"elementor-heading-title elementor-size-default\">CleanBrain Program<\/h2>\t\t\t\t<\/div>\n\t\t\t\t\t<\/div>\n\t\t\t\t<\/div>\n\t\t<div class=\"elementor-element elementor-element-f5fa8ab e-flex e-con-boxed e-con e-parent\" data-id=\"f5fa8ab\" data-element_type=\"container\" data-e-type=\"container\">\n\t\t\t\t\t<div class=\"e-con-inner\">\n\t\t<div class=\"elementor-element elementor-element-b0d20b4 e-con-full e-flex e-con e-child\" data-id=\"b0d20b4\" data-element_type=\"container\" data-e-type=\"container\" data-settings=\"{&quot;animation&quot;:&quot;none&quot;}\">\n\t\t\t\t<div class=\"elementor-element elementor-element-be38f1f elementor-widget elementor-widget-heading\" data-id=\"be38f1f\" data-element_type=\"widget\" data-e-type=\"widget\" data-widget_type=\"heading.default\">\n\t\t\t\t\t<h2 class=\"elementor-heading-title elementor-size-default\">Gentle brain optimization to restore clarity, focus, and self-control<\/h2>\t\t\t\t<\/div>\n\t\t\t\t<div class=\"elementor-element elementor-element-519a068 elementor-widget elementor-widget-text-editor\" data-id=\"519a068\" data-element_type=\"widget\" data-e-type=\"widget\" data-widget_type=\"text-editor.default\">\n\t\t\t\t\t\t\t\t\t<p>The CleanBrain Program is a neuropsychological optimization program designed for individuals whose nervous system has remained in stress and adaptation mode for too long.<br \/>Modern neuroscience shows that in such cases the first functions affected are attention, self-regulation, planning, and emotional control.<br \/>This program is not based solely on talking, but on direct intervention in the physiology of the nervous system and brain functioning.<\/p>\t\t\t\t\t\t\t\t<\/div>\n\t\t\t\t<div class=\"elementor-element elementor-element-ecfb330 elementor-widget elementor-widget-button\" data-id=\"ecfb330\" data-element_type=\"widget\" data-e-type=\"widget\" data-widget_type=\"button.default\">\n\t\t\t\t\t\t\t\t\t\t<a class=\"elementor-button elementor-button-link elementor-size-sm\" href=\"https:\/\/tzeustress.com\/en\/book-online\/\">\n\t\t\t\t\t\t<span class=\"elementor-button-content-wrapper\">\n\t\t\t\t\t\t<span class=\"elementor-button-icon\">\n\t\t\t\t<svg aria-hidden=\"true\" class=\"e-font-icon-svg e-fas-long-arrow-alt-right\" viewbox=\"0 0 448 512\" xmlns=\"http:\/\/www.w3.org\/2000\/svg\"><path d=\"M313.941 216H12c-6.627 0-12 5.373-12 12v56c0 6.627 5.373 12 12 12h301.941v46.059c0 21.382 25.851 32.09 40.971 16.971l86.059-86.059c9.373-9.373 9.373-24.569 0-33.941l-86.059-86.059c-15.119-15.119-40.971-4.411-40.971 16.971V216z\"><\/path><\/svg>\t\t\t<\/span>\n\t\t\t\t\t\t\t\t\t<span class=\"elementor-button-text\">Book Now<\/span>\n\t\t\t\t\t<\/span>\n\t\t\t\t\t<\/a>\n\t\t\t\t\t\t\t\t<\/div>\n\t\t\t\t<\/div>\n\t\t<div class=\"elementor-element elementor-element-f42b693 e-con-full e-flex e-con e-child\" data-id=\"f42b693\" data-element_type=\"container\" data-e-type=\"container\">\n\t\t\t\t<div class=\"elementor-element elementor-element-1fa9c6f elementor-invisible elementor-widget elementor-widget-image\" data-id=\"1fa9c6f\" data-element_type=\"widget\" data-e-type=\"widget\" data-settings=\"{&quot;_animation&quot;:&quot;fadeInRight&quot;}\" data-widget_type=\"image.default\">\n\t\t\t\t\t\t\t\t\t\t\t\t\t\t\t<img fetchpriority=\"high\" decoding=\"async\" width=\"390\" height=\"261\" src=\"https:\/\/tzeustress.com\/wp-content\/uploads\/2026\/01\/229d5d_b906c6144e4c4ab0ad66867e942a4e83mv2.avif\" class=\"attachment-full size-full wp-image-121\" alt=\"\" srcset=\"https:\/\/tzeustress.com\/wp-content\/uploads\/2026\/01\/229d5d_b906c6144e4c4ab0ad66867e942a4e83mv2.avif 390w, https:\/\/tzeustress.com\/wp-content\/uploads\/2026\/01\/229d5d_b906c6144e4c4ab0ad66867e942a4e83mv2-300x201.jpg 300w\" sizes=\"(max-width: 390px) 100vw, 390px\" \/>\t\t\t\t\t\t\t\t\t\t\t\t\t\t\t<\/div>\n\t\t\t\t<\/div>\n\t\t\t\t\t<\/div>\n\t\t\t\t<\/div>\n\t\t<div class=\"elementor-element elementor-element-0c8f3b8 e-flex e-con-boxed elementor-invisible e-con e-parent\" data-id=\"0c8f3b8\" data-element_type=\"container\" data-e-type=\"container\" data-settings=\"{&quot;animation&quot;:&quot;fadeInUp&quot;}\">\n\t\t\t\t\t<div class=\"e-con-inner\">\n\t\t<div class=\"elementor-element elementor-element-11eeb6e e-con-full e-flex e-con e-child\" data-id=\"11eeb6e\" data-element_type=\"container\" data-e-type=\"container\">\n\t\t\t\t<div class=\"elementor-element elementor-element-34ef7e6 elementor-widget elementor-widget-heading\" data-id=\"34ef7e6\" data-element_type=\"widget\" data-e-type=\"widget\" data-widget_type=\"heading.default\">\n\t\t\t\t\t<h2 class=\"elementor-heading-title elementor-size-default\">Program goals:<\/h2>\t\t\t\t<\/div>\n\t\t\t\t<div class=\"elementor-element elementor-element-4e31eeb elementor-widget elementor-widget-text-editor\" data-id=\"4e31eeb\" data-element_type=\"widget\" data-e-type=\"widget\" data-widget_type=\"text-editor.default\">\n\t\t\t\t\t\t\t\t\t<ul><li>Reduce neurophysiological overload<\/li><li>Restore nervous system balance<\/li><li>Improve attention, focus, and self-control<\/li><li>Recover the feeling of a clear and \u201cclean\u201d mind<\/li><\/ul>\t\t\t\t\t\t\t\t<\/div>\n\t\t\t\t<\/div>\n\t\t<div class=\"elementor-element elementor-element-9e058f0 e-con-full e-flex e-con e-child\" data-id=\"9e058f0\" data-element_type=\"container\" data-e-type=\"container\">\n\t\t\t\t<div class=\"elementor-element elementor-element-eee82eb elementor-widget elementor-widget-heading\" data-id=\"eee82eb\" data-element_type=\"widget\" data-e-type=\"widget\" data-widget_type=\"heading.default\">\n\t\t\t\t\t<h2 class=\"elementor-heading-title elementor-size-default\">What makes it different:<\/h2>\t\t\t\t<\/div>\n\t\t\t\t<div class=\"elementor-element elementor-element-0e3d033 elementor-widget elementor-widget-text-editor\" data-id=\"0e3d033\" data-element_type=\"widget\" data-e-type=\"widget\" data-widget_type=\"text-editor.default\">\n\t\t\t\t\t\t\t\t\t<ul><li>Work at the intersection of psychology and neuroscience<\/li><li>Clinical and individualized approach<\/li><li>Focus on real, measurable outcomes<\/li><li>Especially suited for individuals with high responsibility and mental load<\/li><\/ul>\t\t\t\t\t\t\t\t<\/div>\n\t\t\t\t<\/div>\n\t\t\t\t\t<\/div>\n\t\t\t\t<\/div>\n\t\t<div class=\"elementor-element elementor-element-7d7f040 e-flex e-con-boxed elementor-invisible e-con e-parent\" data-id=\"7d7f040\" data-element_type=\"container\" data-e-type=\"container\" data-settings=\"{&quot;animation&quot;:&quot;fadeInUp&quot;}\">\n\t\t\t\t\t<div class=\"e-con-inner\">\n\t\t<div class=\"elementor-element elementor-element-c695768 e-con-full e-flex e-con e-child\" data-id=\"c695768\" data-element_type=\"container\" data-e-type=\"container\">\n\t\t\t\t<div class=\"elementor-element elementor-element-d9604ae elementor-widget elementor-widget-heading\" data-id=\"d9604ae\" data-element_type=\"widget\" data-e-type=\"widget\" data-widget_type=\"heading.default\">\n\t\t\t\t\t<h2 class=\"elementor-heading-title elementor-size-default\">Includes:<\/h2>\t\t\t\t<\/div>\n\t\t\t\t<div class=\"elementor-element elementor-element-a3d51c9 elementor-widget elementor-widget-text-editor\" data-id=\"a3d51c9\" data-element_type=\"widget\" data-e-type=\"widget\" data-widget_type=\"text-editor.default\">\n\t\t\t\t\t\t\t\t\t<ul><li>56 sessions of non-invasive brain neuromodulation (tDCS)<\/li><li>48 sessions of vagus nerve stimulation<\/li><li>12 advanced psychotherapy sessions<\/li><li>Personalized mental optimization plan<\/li><\/ul>\t\t\t\t\t\t\t\t<\/div>\n\t\t\t\t<\/div>\n\t\t\t\t\t<\/div>\n\t\t\t\t<\/div>\n\t\t\t\t<\/div>","protected":false},"excerpt":{"rendered":"<p>Optimizaci\u00f3n cerebral suave para recuperar claridad, foco y autocontrol CleanBrain Program es un programa de optimizaci\u00f3n neuropsicol\u00f3gica dise\u00f1ado para personas cuyo sistema nervioso ha estado demasiado tiempo en modo de estr\u00e9s y adaptaci\u00f3n.La neurociencia moderna demuestra que, en estos casos, las primeras funciones afectadas son: la atenci\u00f3n, la autorregulaci\u00f3n, la planificaci\u00f3n y el control emocional.Este [&hellip;]<\/p>\n","protected":false},"author":1,"featured_media":0,"parent":0,"menu_order":0,"comment_status":"closed","ping_status":"closed","template":"","meta":{"footnotes":""},"class_list":["post-286","page","type-page","status-publish","hentry"],"_hostinger_reach_plugin_has_subscription_block":false,"_hostinger_reach_plugin_is_elementor":false,"_links":{"self":[{"href":"https:\/\/tzeustress.com\/en\/wp-json\/wp\/v2\/pages\/286","targetHints":{"allow":["GET"]}}],"collection":[{"href":"https:\/\/tzeustress.com\/en\/wp-json\/wp\/v2\/pages"}],"about":[{"href":"https:\/\/tzeustress.com\/en\/wp-json\/wp\/v2\/types\/page"}],"author":[{"embeddable":true,"href":"https:\/\/tzeustress.com\/en\/wp-json\/wp\/v2\/users\/1"}],"replies":[{"embeddable":true,"href":"https:\/\/tzeustress.com\/en\/wp-json\/wp\/v2\/comments?post=286"}],"version-history":[{"count":34,"href":"https:\/\/tzeustress.com\/en\/wp-json\/wp\/v2\/pages\/286\/revisions"}],"predecessor-version":[{"id":802,"href":"https:\/\/tzeustress.com\/en\/wp-json\/wp\/v2\/pages\/286\/revisions\/802"}],"wp:attachment":[{"href":"https:\/\/tzeustress.com\/en\/wp-json\/wp\/v2\/media?parent=286"}],"curies":[{"name":"wp","href":"https:\/\/api.w.org\/{rel}","templated":true}]}}