{"id":291,"date":"2026-01-12T15:59:09","date_gmt":"2026-01-12T15:59:09","guid":{"rendered":"https:\/\/wordpress-1571069-6117386.cloudwaysapps.com\/?page_id=291"},"modified":"2026-04-09T19:27:25","modified_gmt":"2026-04-09T19:27:25","slug":"programa-neuroemocional","status":"publish","type":"page","link":"https:\/\/tzeustress.com\/en\/programa-neuroemocional\/","title":{"rendered":"NeuroEmotional Program"},"content":{"rendered":"<div data-elementor-type=\"wp-page\" data-elementor-id=\"291\" class=\"elementor elementor-291\" data-elementor-post-type=\"page\">\n\t\t\t\t<div class=\"elementor-element elementor-element-0475211 e-flex e-con-boxed e-con e-parent\" data-id=\"0475211\" data-element_type=\"container\" data-e-type=\"container\" data-settings=\"{&quot;background_background&quot;:&quot;classic&quot;}\">\n\t\t\t\t\t<div class=\"e-con-inner\">\n\t\t\t\t<div class=\"elementor-element elementor-element-8d8836d elementor-invisible elementor-widget elementor-widget-heading\" data-id=\"8d8836d\" data-element_type=\"widget\" data-e-type=\"widget\" data-settings=\"{&quot;_animation&quot;:&quot;fadeIn&quot;}\" data-widget_type=\"heading.default\">\n\t\t\t\t\t<h2 class=\"elementor-heading-title elementor-size-default\">NeuroEmotional Program<\/h2>\t\t\t\t<\/div>\n\t\t\t\t\t<\/div>\n\t\t\t\t<\/div>\n\t\t<div class=\"elementor-element elementor-element-4f13d95 e-flex e-con-boxed e-con e-parent\" data-id=\"4f13d95\" data-element_type=\"container\" data-e-type=\"container\">\n\t\t\t\t\t<div class=\"e-con-inner\">\n\t\t<div class=\"elementor-element elementor-element-b2be548 e-con-full e-flex e-con e-child\" data-id=\"b2be548\" data-element_type=\"container\" data-e-type=\"container\" data-settings=\"{&quot;animation&quot;:&quot;none&quot;}\">\n\t\t\t\t<div class=\"elementor-element elementor-element-45c9a3e elementor-widget elementor-widget-heading\" data-id=\"45c9a3e\" data-element_type=\"widget\" data-e-type=\"widget\" data-widget_type=\"heading.default\">\n\t\t\t\t\t<h2 class=\"elementor-heading-title elementor-size-default\">Development of emotional intelligence and self-regulation through neuroscience<\/h2>\t\t\t\t<\/div>\n\t\t\t\t<div class=\"elementor-element elementor-element-bbaee2d elementor-widget elementor-widget-text-editor\" data-id=\"bbaee2d\" data-element_type=\"widget\" data-e-type=\"widget\" data-widget_type=\"text-editor.default\">\n\t\t\t\t\t\t\t\t\t<p>An individual program based on the neuroscientific model of emotional intelligence, aimed at improving emotional regulation, anxiety management, impulsivity, and adaptive capacity.<br data-start=\"6440\" data-end=\"6443\" \/>The central focus is work with the autonomic nervous system, a key element in emotion and behavior regulation.<br data-start=\"6579\" data-end=\"6582\" \/>Non-invasive neuromodulation enhances the psychotherapeutic intervention, accelerates neuroplasticity, and enables lasting results in less time.<\/p><p><strong data-start=\"4829\" data-end=\"4841\">Format:<\/strong> Online + in-person<br data-start=\"4861\" data-end=\"4864\" \/><strong data-start=\"4864\" data-end=\"4877\">Duration:<\/strong> 5 weeks<\/p>\t\t\t\t\t\t\t\t<\/div>\n\t\t\t\t<div class=\"elementor-element elementor-element-35bec1f elementor-widget elementor-widget-button\" data-id=\"35bec1f\" data-element_type=\"widget\" data-e-type=\"widget\" data-widget_type=\"button.default\">\n\t\t\t\t\t\t\t\t\t\t<a class=\"elementor-button elementor-button-link elementor-size-sm\" href=\"https:\/\/tzeustress.com\/en\/book-online\/\">\n\t\t\t\t\t\t<span class=\"elementor-button-content-wrapper\">\n\t\t\t\t\t\t<span class=\"elementor-button-icon\">\n\t\t\t\t<svg aria-hidden=\"true\" class=\"e-font-icon-svg e-fas-long-arrow-alt-right\" viewbox=\"0 0 448 512\" xmlns=\"http:\/\/www.w3.org\/2000\/svg\"><path d=\"M313.941 216H12c-6.627 0-12 5.373-12 12v56c0 6.627 5.373 12 12 12h301.941v46.059c0 21.382 25.851 32.09 40.971 16.971l86.059-86.059c9.373-9.373 9.373-24.569 0-33.941l-86.059-86.059c-15.119-15.119-40.971-4.411-40.971 16.971V216z\"><\/path><\/svg>\t\t\t<\/span>\n\t\t\t\t\t\t\t\t\t<span class=\"elementor-button-text\">Book Now<\/span>\n\t\t\t\t\t<\/span>\n\t\t\t\t\t<\/a>\n\t\t\t\t\t\t\t\t<\/div>\n\t\t\t\t<\/div>\n\t\t<div class=\"elementor-element elementor-element-02ffa4e e-con-full e-flex e-con e-child\" data-id=\"02ffa4e\" data-element_type=\"container\" data-e-type=\"container\">\n\t\t\t\t<div class=\"elementor-element elementor-element-ffe13c7 elementor-invisible elementor-widget elementor-widget-image\" data-id=\"ffe13c7\" data-element_type=\"widget\" data-e-type=\"widget\" data-settings=\"{&quot;_animation&quot;:&quot;fadeInRight&quot;}\" data-widget_type=\"image.default\">\n\t\t\t\t\t\t\t\t\t\t\t\t\t\t\t<img fetchpriority=\"high\" decoding=\"async\" width=\"390\" height=\"261\" src=\"https:\/\/tzeustress.com\/wp-content\/uploads\/2026\/01\/229d5d_da793513067944b4a6cb771e0c809581mv2.avif\" class=\"attachment-full size-full wp-image-120\" alt=\"\" srcset=\"https:\/\/tzeustress.com\/wp-content\/uploads\/2026\/01\/229d5d_da793513067944b4a6cb771e0c809581mv2.avif 390w, https:\/\/tzeustress.com\/wp-content\/uploads\/2026\/01\/229d5d_da793513067944b4a6cb771e0c809581mv2-300x201.jpg 300w\" sizes=\"(max-width: 390px) 100vw, 390px\" \/>\t\t\t\t\t\t\t\t\t\t\t\t\t\t\t<\/div>\n\t\t\t\t<\/div>\n\t\t\t\t\t<\/div>\n\t\t\t\t<\/div>\n\t\t<div class=\"elementor-element elementor-element-f7069d0 e-flex e-con-boxed elementor-invisible e-con e-parent\" data-id=\"f7069d0\" data-element_type=\"container\" data-e-type=\"container\" data-settings=\"{&quot;animation&quot;:&quot;fadeInUp&quot;}\">\n\t\t\t\t\t<div class=\"e-con-inner\">\n\t\t<div class=\"elementor-element elementor-element-674fd41 e-con-full e-flex e-con e-child\" data-id=\"674fd41\" data-element_type=\"container\" data-e-type=\"container\">\n\t\t\t\t<div class=\"elementor-element elementor-element-20d0d6e elementor-widget elementor-widget-heading\" data-id=\"20d0d6e\" data-element_type=\"widget\" data-e-type=\"widget\" data-widget_type=\"heading.default\">\n\t\t\t\t\t<h2 class=\"elementor-heading-title elementor-size-default\">Program goals:<\/h2>\t\t\t\t<\/div>\n\t\t\t\t<div class=\"elementor-element elementor-element-4a82366 elementor-widget elementor-widget-text-editor\" data-id=\"4a82366\" data-element_type=\"widget\" data-e-type=\"widget\" data-widget_type=\"text-editor.default\">\n\t\t\t\t\t\t\t\t\t<ul><li>Improve emotional regulation and self-control<\/li><li>Reduce anxiety, reactivity, and impulsivity<\/li><li>Strengthen emotional stability and stress adaptation<\/li><li>Develop functional, applied emotional intelligence<\/li><\/ul>\t\t\t\t\t\t\t\t<\/div>\n\t\t\t\t<\/div>\n\t\t<div class=\"elementor-element elementor-element-3bfb7fe e-con-full e-flex e-con e-child\" data-id=\"3bfb7fe\" data-element_type=\"container\" data-e-type=\"container\">\n\t\t\t\t<div class=\"elementor-element elementor-element-810d4b2 elementor-widget elementor-widget-heading\" data-id=\"810d4b2\" data-element_type=\"widget\" data-e-type=\"widget\" data-widget_type=\"heading.default\">\n\t\t\t\t\t<h2 class=\"elementor-heading-title elementor-size-default\">Includes:<\/h2>\t\t\t\t<\/div>\n\t\t\t\t<div class=\"elementor-element elementor-element-7c204b8 elementor-widget elementor-widget-text-editor\" data-id=\"7c204b8\" data-element_type=\"widget\" data-e-type=\"widget\" data-widget_type=\"text-editor.default\">\n\t\t\t\t\t\t\t\t\t<ul><li>Initial assessment of the emotional profile<\/li><li>Neuropsychology-based psychoeducation<\/li><li>Individual mindfulness and neurotraining practices<\/li><li>Neurostimulation (according to professional indication)<\/li><li>Personalized recommendations for daily self-regulation<\/li><li>5 psychoeducation and psychotherapy sessions<\/li><li>28 vagus nerve stimulation sessions<\/li><\/ul>\t\t\t\t\t\t\t\t<\/div>\n\t\t\t\t<\/div>\n\t\t\t\t\t<\/div>\n\t\t\t\t<\/div>\n\t\t\t\t<\/div>","protected":false},"excerpt":{"rendered":"<p>Desarrollo de la inteligencia emocional y la autorregulaci\u00f3n desde la neurociencia Programa individual basado en el modelo neurocient\u00edfico de la inteligencia emocional, orientado a mejorar la regulaci\u00f3n emocional, la gesti\u00f3n de la ansiedad, la impulsividad y la capacidad de adaptaci\u00f3n.El eje central del programa es el trabajo con el sistema nervioso aut\u00f3nomo, clave en la [&hellip;]<\/p>\n","protected":false},"author":1,"featured_media":0,"parent":0,"menu_order":0,"comment_status":"closed","ping_status":"closed","template":"","meta":{"footnotes":""},"class_list":["post-291","page","type-page","status-publish","hentry"],"_hostinger_reach_plugin_has_subscription_block":false,"_hostinger_reach_plugin_is_elementor":false,"_links":{"self":[{"href":"https:\/\/tzeustress.com\/en\/wp-json\/wp\/v2\/pages\/291","targetHints":{"allow":["GET"]}}],"collection":[{"href":"https:\/\/tzeustress.com\/en\/wp-json\/wp\/v2\/pages"}],"about":[{"href":"https:\/\/tzeustress.com\/en\/wp-json\/wp\/v2\/types\/page"}],"author":[{"embeddable":true,"href":"https:\/\/tzeustress.com\/en\/wp-json\/wp\/v2\/users\/1"}],"replies":[{"embeddable":true,"href":"https:\/\/tzeustress.com\/en\/wp-json\/wp\/v2\/comments?post=291"}],"version-history":[{"count":30,"href":"https:\/\/tzeustress.com\/en\/wp-json\/wp\/v2\/pages\/291\/revisions"}],"predecessor-version":[{"id":805,"href":"https:\/\/tzeustress.com\/en\/wp-json\/wp\/v2\/pages\/291\/revisions\/805"}],"wp:attachment":[{"href":"https:\/\/tzeustress.com\/en\/wp-json\/wp\/v2\/media?parent=291"}],"curies":[{"name":"wp","href":"https:\/\/api.w.org\/{rel}","templated":true}]}}