{"id":336,"date":"2026-01-13T13:24:05","date_gmt":"2026-01-13T13:24:05","guid":{"rendered":"https:\/\/wordpress-1571069-6117386.cloudwaysapps.com\/?page_id=336"},"modified":"2026-04-26T07:27:45","modified_gmt":"2026-04-26T07:27:45","slug":"consulta-psicologica-online","status":"publish","type":"page","link":"https:\/\/tzeustress.com\/en\/consulta-psicologica-online\/","title":{"rendered":"Online Psychological Consultation"},"content":{"rendered":"<div data-elementor-type=\"wp-page\" data-elementor-id=\"336\" class=\"elementor elementor-336\" data-elementor-post-type=\"page\">\n\t\t\t\t<div class=\"elementor-element elementor-element-2374303 e-flex e-con-boxed e-con e-parent\" data-id=\"2374303\" data-element_type=\"container\" data-e-type=\"container\" data-settings=\"{&quot;background_background&quot;:&quot;classic&quot;}\">\n\t\t\t\t\t<div class=\"e-con-inner\">\n\t\t\t\t<div class=\"elementor-element elementor-element-4868ecc elementor-invisible elementor-widget elementor-widget-heading\" data-id=\"4868ecc\" data-element_type=\"widget\" data-e-type=\"widget\" data-settings=\"{&quot;_animation&quot;:&quot;fadeIn&quot;}\" data-widget_type=\"heading.default\">\n\t\t\t\t\t<h2 class=\"elementor-heading-title elementor-size-default\">Online Psychological Consultation<\/h2>\t\t\t\t<\/div>\n\t\t\t\t\t<\/div>\n\t\t\t\t<\/div>\n\t\t<div class=\"elementor-element elementor-element-d4e9788 e-flex e-con-boxed e-con e-parent\" data-id=\"d4e9788\" data-element_type=\"container\" data-e-type=\"container\">\n\t\t\t\t\t<div class=\"e-con-inner\">\n\t\t<div class=\"elementor-element elementor-element-c2fbc56 e-con-full e-flex e-con e-child\" data-id=\"c2fbc56\" data-element_type=\"container\" data-e-type=\"container\" data-settings=\"{&quot;animation&quot;:&quot;none&quot;}\">\n\t\t\t\t<div class=\"elementor-element elementor-element-2be7427 elementor-widget elementor-widget-heading\" data-id=\"2be7427\" data-element_type=\"widget\" data-e-type=\"widget\" data-widget_type=\"heading.default\">\n\t\t\t\t\t<h2 class=\"elementor-heading-title elementor-size-default\">Effective psychotherapy at a distance, with the same professional rigor<\/h2>\t\t\t\t<\/div>\n\t\t\t\t<div class=\"elementor-element elementor-element-d5b8495 elementor-widget elementor-widget-text-editor\" data-id=\"d5b8495\" data-element_type=\"widget\" data-e-type=\"widget\" data-widget_type=\"text-editor.default\">\n\t\t\t\t\t\t\t\t\t<p>Individual online sessions designed to provide high-quality psychological support and psychotherapy from anywhere.<br data-start=\"1335\" data-end=\"1338\" \/>All interventions are grounded in scientific evidence and adapted to the online format without loss of effectiveness.<\/p>\t\t\t\t\t\t\t\t<\/div>\n\t\t\t\t<div class=\"elementor-element elementor-element-4ba4f5e elementor-widget elementor-widget-button\" data-id=\"4ba4f5e\" data-element_type=\"widget\" data-e-type=\"widget\" data-widget_type=\"button.default\">\n\t\t\t\t\t\t\t\t\t\t<a class=\"elementor-button elementor-button-link elementor-size-sm\" href=\"https:\/\/tzeustress.com\/en\/book-online\/\">\n\t\t\t\t\t\t<span class=\"elementor-button-content-wrapper\">\n\t\t\t\t\t\t<span class=\"elementor-button-icon\">\n\t\t\t\t<svg aria-hidden=\"true\" class=\"e-font-icon-svg e-fas-long-arrow-alt-right\" viewbox=\"0 0 448 512\" xmlns=\"http:\/\/www.w3.org\/2000\/svg\"><path d=\"M313.941 216H12c-6.627 0-12 5.373-12 12v56c0 6.627 5.373 12 12 12h301.941v46.059c0 21.382 25.851 32.09 40.971 16.971l86.059-86.059c9.373-9.373 9.373-24.569 0-33.941l-86.059-86.059c-15.119-15.119-40.971-4.411-40.971 16.971V216z\"><\/path><\/svg>\t\t\t<\/span>\n\t\t\t\t\t\t\t\t\t<span class=\"elementor-button-text\">Book Now<\/span>\n\t\t\t\t\t<\/span>\n\t\t\t\t\t<\/a>\n\t\t\t\t\t\t\t\t<\/div>\n\t\t\t\t<\/div>\n\t\t<div class=\"elementor-element elementor-element-fcb9bbe e-con-full e-flex e-con e-child\" data-id=\"fcb9bbe\" data-element_type=\"container\" data-e-type=\"container\">\n\t\t\t\t<div class=\"elementor-element elementor-element-7f80e35 elementor-invisible elementor-widget elementor-widget-image\" data-id=\"7f80e35\" data-element_type=\"widget\" data-e-type=\"widget\" data-settings=\"{&quot;_animation&quot;:&quot;fadeInRight&quot;}\" data-widget_type=\"image.default\">\n\t\t\t\t\t\t\t\t\t\t\t\t\t\t\t<img fetchpriority=\"high\" decoding=\"async\" width=\"466\" height=\"398\" src=\"https:\/\/tzeustress.com\/wp-content\/uploads\/2026\/03\/image-e1773230533912.jpg\" class=\"attachment-full size-full wp-image-732\" alt=\"\" srcset=\"https:\/\/tzeustress.com\/wp-content\/uploads\/2026\/03\/image-e1773230533912.jpg 466w, https:\/\/tzeustress.com\/wp-content\/uploads\/2026\/03\/image-e1773230533912-300x256.jpg 300w, https:\/\/tzeustress.com\/wp-content\/uploads\/2026\/03\/image-e1773230533912-14x12.jpg 14w\" sizes=\"(max-width: 466px) 100vw, 466px\" \/>\t\t\t\t\t\t\t\t\t\t\t\t\t\t\t<\/div>\n\t\t\t\t<\/div>\n\t\t\t\t\t<\/div>\n\t\t\t\t<\/div>\n\t\t<div class=\"elementor-element elementor-element-7cb5187 e-flex e-con-boxed elementor-invisible e-con e-parent\" data-id=\"7cb5187\" data-element_type=\"container\" data-e-type=\"container\" data-settings=\"{&quot;animation&quot;:&quot;fadeInUp&quot;}\">\n\t\t\t\t\t<div class=\"e-con-inner\">\n\t\t<div class=\"elementor-element elementor-element-9bc7343 e-con-full e-flex e-con e-child\" data-id=\"9bc7343\" data-element_type=\"container\" data-e-type=\"container\">\n\t\t\t\t<div class=\"elementor-element elementor-element-9c2af8f elementor-widget elementor-widget-heading\" data-id=\"9c2af8f\" data-element_type=\"widget\" data-e-type=\"widget\" data-widget_type=\"heading.default\">\n\t\t\t\t\t<h2 class=\"elementor-heading-title elementor-size-default\">Indicated for:<\/h2>\t\t\t\t<\/div>\n\t\t\t\t<div class=\"elementor-element elementor-element-639bacb elementor-widget elementor-widget-text-editor\" data-id=\"639bacb\" data-element_type=\"widget\" data-e-type=\"widget\" data-widget_type=\"text-editor.default\">\n\t\t\t\t\t\t\t\t\t<ul><li>Psycho-emotional support and psychological guidance<\/li><li>Anxiety, stress, burnout, and mental overload<\/li><li>Periods of crisis, grief, or adaptation processes<\/li><li>Development of new self-regulation and coping strategies<\/li><\/ul>\t\t\t\t\t\t\t\t<\/div>\n\t\t\t\t<\/div>\n\t\t<div class=\"elementor-element elementor-element-e7153b3 e-con-full e-flex e-con e-child\" data-id=\"e7153b3\" data-element_type=\"container\" data-e-type=\"container\">\n\t\t\t\t<div class=\"elementor-element elementor-element-9b8ebd3 elementor-widget elementor-widget-heading\" data-id=\"9b8ebd3\" data-element_type=\"widget\" data-e-type=\"widget\" data-widget_type=\"heading.default\">\n\t\t\t\t\t<h2 class=\"elementor-heading-title elementor-size-default\">Working framework:<\/h2>\t\t\t\t<\/div>\n\t\t\t\t<div class=\"elementor-element elementor-element-b68853f elementor-widget elementor-widget-text-editor\" data-id=\"b68853f\" data-element_type=\"widget\" data-e-type=\"widget\" data-widget_type=\"text-editor.default\">\n\t\t\t\t\t\t\t\t\t<ul><li>\u00a0Clear goals from the outset<\/li><li>Methods with scientifically proven effectiveness<\/li><\/ul>\t\t\t\t\t\t\t\t<\/div>\n\t\t\t\t<\/div>\n\t\t\t\t\t<\/div>\n\t\t\t\t<\/div>\n\t\t<div class=\"elementor-element elementor-element-32143af e-flex e-con-boxed elementor-invisible e-con e-parent\" data-id=\"32143af\" data-element_type=\"container\" data-e-type=\"container\" data-settings=\"{&quot;animation&quot;:&quot;fadeInUp&quot;}\">\n\t\t\t\t\t<div class=\"e-con-inner\">\n\t\t<div class=\"elementor-element elementor-element-d24b607 e-con-full e-flex e-con e-child\" data-id=\"d24b607\" data-element_type=\"container\" data-e-type=\"container\">\n\t\t\t\t<div class=\"elementor-element elementor-element-db5b094 elementor-widget elementor-widget-heading\" data-id=\"db5b094\" data-element_type=\"widget\" data-e-type=\"widget\" data-widget_type=\"heading.default\">\n\t\t\t\t\t<h2 class=\"elementor-heading-title elementor-size-default\">Includes:<\/h2>\t\t\t\t<\/div>\n\t\t\t\t<div class=\"elementor-element elementor-element-a2f30c2 elementor-widget elementor-widget-text-editor\" data-id=\"a2f30c2\" data-element_type=\"widget\" data-e-type=\"widget\" data-widget_type=\"text-editor.default\">\n\t\t\t\t\t\t\t\t\t<ul><li>Initial psychological assessment<\/li><li>Individual online psychotherapy<\/li><li>Intervention plan with defined objectives<\/li><li>Results-oriented follow-up<\/li><\/ul>\t\t\t\t\t\t\t\t<\/div>\n\t\t\t\t<\/div>\n\t\t\t\t\t<\/div>\n\t\t\t\t<\/div>\n\t\t\t\t<\/div>","protected":false},"excerpt":{"rendered":"<p>Psicoterapia eficaz a distancia, con el mismo rigor profesional Sesiones individuales online, dise\u00f1adas para ofrecer apoyo psicol\u00f3gico y psicoterapia de alta calidad desde cualquier lugar.Todas las intervenciones est\u00e1n respaldadas por evidencia cient\u00edfica y adaptadas al formato online sin perder eficacia. Reservar ahora Indicada para: Apoyo psicoemocional y acompa\u00f1amiento psicol\u00f3gico Ansiedad, estr\u00e9s, burnout y sobrecarga mental [&hellip;]<\/p>\n","protected":false},"author":1,"featured_media":0,"parent":0,"menu_order":0,"comment_status":"closed","ping_status":"closed","template":"","meta":{"footnotes":""},"class_list":["post-336","page","type-page","status-publish","hentry"],"_hostinger_reach_plugin_has_subscription_block":false,"_hostinger_reach_plugin_is_elementor":false,"_links":{"self":[{"href":"https:\/\/tzeustress.com\/en\/wp-json\/wp\/v2\/pages\/336","targetHints":{"allow":["GET"]}}],"collection":[{"href":"https:\/\/tzeustress.com\/en\/wp-json\/wp\/v2\/pages"}],"about":[{"href":"https:\/\/tzeustress.com\/en\/wp-json\/wp\/v2\/types\/page"}],"author":[{"embeddable":true,"href":"https:\/\/tzeustress.com\/en\/wp-json\/wp\/v2\/users\/1"}],"replies":[{"embeddable":true,"href":"https:\/\/tzeustress.com\/en\/wp-json\/wp\/v2\/comments?post=336"}],"version-history":[{"count":41,"href":"https:\/\/tzeustress.com\/en\/wp-json\/wp\/v2\/pages\/336\/revisions"}],"predecessor-version":[{"id":834,"href":"https:\/\/tzeustress.com\/en\/wp-json\/wp\/v2\/pages\/336\/revisions\/834"}],"wp:attachment":[{"href":"https:\/\/tzeustress.com\/en\/wp-json\/wp\/v2\/media?parent=336"}],"curies":[{"name":"wp","href":"https:\/\/api.w.org\/{rel}","templated":true}]}}