{"id":414,"date":"2026-01-13T17:48:10","date_gmt":"2026-01-13T17:48:10","guid":{"rendered":"https:\/\/wordpress-1571069-6117386.cloudwaysapps.com\/?page_id=414"},"modified":"2026-01-21T11:26:37","modified_gmt":"2026-01-21T11:26:37","slug":"elite-neuropsychological-resilience-performance-program-for-yacht-crew","status":"publish","type":"page","link":"https:\/\/tzeustress.com\/en\/elite-neuropsychological-resilience-performance-program-for-yacht-crew\/","title":{"rendered":"Elite Neuropsychological Resilience &amp; Performance Program for Yacht Crew"},"content":{"rendered":"<div data-elementor-type=\"wp-page\" data-elementor-id=\"414\" class=\"elementor elementor-414\" data-elementor-post-type=\"page\">\n\t\t\t\t<div class=\"elementor-element elementor-element-491cc48 e-flex e-con-boxed e-con e-parent\" data-id=\"491cc48\" data-element_type=\"container\" data-e-type=\"container\" data-settings=\"{&quot;background_background&quot;:&quot;classic&quot;}\">\n\t\t\t\t\t<div class=\"e-con-inner\">\n\t\t\t\t<div class=\"elementor-element elementor-element-bf63805 elementor-invisible elementor-widget elementor-widget-heading\" data-id=\"bf63805\" data-element_type=\"widget\" data-e-type=\"widget\" data-settings=\"{&quot;_animation&quot;:&quot;fadeIn&quot;}\" data-widget_type=\"heading.default\">\n\t\t\t\t\t<h2 class=\"elementor-heading-title elementor-size-default\">Elite Neuropsychological Resilience &amp; Performance Program for Yacht Crew<\/h2>\t\t\t\t<\/div>\n\t\t\t\t\t<\/div>\n\t\t\t\t<\/div>\n\t\t<div class=\"elementor-element elementor-element-da4db2b e-flex e-con-boxed e-con e-parent\" data-id=\"da4db2b\" data-element_type=\"container\" data-e-type=\"container\">\n\t\t\t\t\t<div class=\"e-con-inner\">\n\t\t<div class=\"elementor-element elementor-element-f9dfa2d e-con-full e-flex e-con e-child\" data-id=\"f9dfa2d\" data-element_type=\"container\" data-e-type=\"container\" data-settings=\"{&quot;animation&quot;:&quot;none&quot;}\">\n\t\t\t\t<div class=\"elementor-element elementor-element-7cd24d3 elementor-widget elementor-widget-heading\" data-id=\"7cd24d3\" data-element_type=\"widget\" data-e-type=\"widget\" data-widget_type=\"heading.default\">\n\t\t\t\t\t<h2 class=\"elementor-heading-title elementor-size-default\">Advanced resilience and performance program for yacht crews<\/h2>\t\t\t\t<\/div>\n\t\t\t\t<div class=\"elementor-element elementor-element-8bc69bf elementor-widget elementor-widget-text-editor\" data-id=\"8bc69bf\" data-element_type=\"widget\" data-e-type=\"widget\" data-widget_type=\"text-editor.default\">\n\t\t\t\t\t\t\t\t\t<p>A specialized neuropsychological program for maritime professionals exposed to prolonged stress, high operational demands, and limited recovery opportunities.<br data-start=\"11258\" data-end=\"11261\" \/>This is not general training or occasional support.<br data-start=\"11302\" data-end=\"11305\" \/>It is a structured, confidential, and personalized intervention aimed at restoring emotional regulation and sustainable performance.<\/p>\t\t\t\t\t\t\t\t<\/div>\n\t\t\t\t<div class=\"elementor-element elementor-element-58cca16 elementor-widget elementor-widget-button\" data-id=\"58cca16\" data-element_type=\"widget\" data-e-type=\"widget\" data-widget_type=\"button.default\">\n\t\t\t\t\t\t\t\t\t\t<a class=\"elementor-button elementor-button-link elementor-size-sm\" href=\"https:\/\/tzeustress.com\/en\/book-online\/\">\n\t\t\t\t\t\t<span class=\"elementor-button-content-wrapper\">\n\t\t\t\t\t\t<span class=\"elementor-button-icon\">\n\t\t\t\t<svg aria-hidden=\"true\" class=\"e-font-icon-svg e-fas-long-arrow-alt-right\" viewbox=\"0 0 448 512\" xmlns=\"http:\/\/www.w3.org\/2000\/svg\"><path d=\"M313.941 216H12c-6.627 0-12 5.373-12 12v56c0 6.627 5.373 12 12 12h301.941v46.059c0 21.382 25.851 32.09 40.971 16.971l86.059-86.059c9.373-9.373 9.373-24.569 0-33.941l-86.059-86.059c-15.119-15.119-40.971-4.411-40.971 16.971V216z\"><\/path><\/svg>\t\t\t<\/span>\n\t\t\t\t\t\t\t\t\t<span class=\"elementor-button-text\">Book Now<\/span>\n\t\t\t\t\t<\/span>\n\t\t\t\t\t<\/a>\n\t\t\t\t\t\t\t\t<\/div>\n\t\t\t\t<\/div>\n\t\t<div class=\"elementor-element elementor-element-4c7a378 e-con-full e-flex e-con e-child\" data-id=\"4c7a378\" data-element_type=\"container\" data-e-type=\"container\">\n\t\t\t\t<div class=\"elementor-element elementor-element-c8cf981 elementor-invisible elementor-widget elementor-widget-image\" data-id=\"c8cf981\" data-element_type=\"widget\" data-e-type=\"widget\" data-settings=\"{&quot;_animation&quot;:&quot;fadeInRight&quot;}\" data-widget_type=\"image.default\">\n\t\t\t\t\t\t\t\t\t\t\t\t\t\t\t<img fetchpriority=\"high\" decoding=\"async\" width=\"390\" height=\"261\" src=\"https:\/\/tzeustress.com\/wp-content\/uploads\/2026\/01\/229d5d_006fd266915b443798cddffa6f35e45amv2.avif\" class=\"attachment-full size-full wp-image-114\" alt=\"\" srcset=\"https:\/\/tzeustress.com\/wp-content\/uploads\/2026\/01\/229d5d_006fd266915b443798cddffa6f35e45amv2.avif 390w, https:\/\/tzeustress.com\/wp-content\/uploads\/2026\/01\/229d5d_006fd266915b443798cddffa6f35e45amv2-300x201.jpg 300w\" sizes=\"(max-width: 390px) 100vw, 390px\" \/>\t\t\t\t\t\t\t\t\t\t\t\t\t\t\t<\/div>\n\t\t\t\t<\/div>\n\t\t\t\t\t<\/div>\n\t\t\t\t<\/div>\n\t\t<div class=\"elementor-element elementor-element-a7905b3 e-flex e-con-boxed elementor-invisible e-con e-parent\" data-id=\"a7905b3\" data-element_type=\"container\" data-e-type=\"container\" data-settings=\"{&quot;animation&quot;:&quot;fadeInUp&quot;}\">\n\t\t\t\t\t<div class=\"e-con-inner\">\n\t\t<div class=\"elementor-element elementor-element-05b3523 e-con-full e-flex e-con e-child\" data-id=\"05b3523\" data-element_type=\"container\" data-e-type=\"container\">\n\t\t\t\t<div class=\"elementor-element elementor-element-349fa09 elementor-widget elementor-widget-heading\" data-id=\"349fa09\" data-element_type=\"widget\" data-e-type=\"widget\" data-widget_type=\"heading.default\">\n\t\t\t\t\t<h2 class=\"elementor-heading-title elementor-size-default\">Designed for:<\/h2>\t\t\t\t<\/div>\n\t\t\t\t<div class=\"elementor-element elementor-element-2d160c0 elementor-widget elementor-widget-text-editor\" data-id=\"2d160c0\" data-element_type=\"widget\" data-e-type=\"widget\" data-widget_type=\"text-editor.default\">\n\t\t\t\t\t\t\t\t\t<ul><li>Yacht and superyacht crew<\/li><li>Officers, captains, and senior personnel<\/li><li>Professionals experiencing chronic stress, mental fatigue, or emotional burnout<\/li><\/ul>\t\t\t\t\t\t\t\t<\/div>\n\t\t\t\t<\/div>\n\t\t<div class=\"elementor-element elementor-element-8ad5ece e-con-full e-flex e-con e-child\" data-id=\"8ad5ece\" data-element_type=\"container\" data-e-type=\"container\">\n\t\t\t\t<div class=\"elementor-element elementor-element-e9b1431 elementor-widget elementor-widget-heading\" data-id=\"e9b1431\" data-element_type=\"widget\" data-e-type=\"widget\" data-widget_type=\"heading.default\">\n\t\t\t\t\t<h2 class=\"elementor-heading-title elementor-size-default\">Addresses:<\/h2>\t\t\t\t<\/div>\n\t\t\t\t<div class=\"elementor-element elementor-element-f5ed3d6 elementor-widget elementor-widget-text-editor\" data-id=\"f5ed3d6\" data-element_type=\"widget\" data-e-type=\"widget\" data-widget_type=\"text-editor.default\">\n\t\t\t\t\t\t\t\t\t<ul><li>Chronic stress and nervous system overload<\/li><li>Sleep disturbances and difficulty disconnecting<\/li><li>Anxiety, irritability, and mental fog<\/li><li>Decision-making difficulties under pressure<\/li><li>Psychological wear after intensive seasons<\/li><\/ul>\t\t\t\t\t\t\t\t<\/div>\n\t\t\t\t<\/div>\n\t\t\t\t\t<\/div>\n\t\t\t\t<\/div>\n\t\t<div class=\"elementor-element elementor-element-61e93e5 e-flex e-con-boxed elementor-invisible e-con e-parent\" data-id=\"61e93e5\" data-element_type=\"container\" data-e-type=\"container\" data-settings=\"{&quot;animation&quot;:&quot;fadeInUp&quot;}\">\n\t\t\t\t\t<div class=\"e-con-inner\">\n\t\t<div class=\"elementor-element elementor-element-0a6de39 e-con-full e-flex e-con e-child\" data-id=\"0a6de39\" data-element_type=\"container\" data-e-type=\"container\">\n\t\t\t\t<div class=\"elementor-element elementor-element-913f89c elementor-widget elementor-widget-heading\" data-id=\"913f89c\" data-element_type=\"widget\" data-e-type=\"widget\" data-widget_type=\"heading.default\">\n\t\t\t\t\t<h2 class=\"elementor-heading-title elementor-size-default\">Differential approach:<\/h2>\t\t\t\t<\/div>\n\t\t\t\t<div class=\"elementor-element elementor-element-fb42111 elementor-widget elementor-widget-text-editor\" data-id=\"fb42111\" data-element_type=\"widget\" data-e-type=\"widget\" data-widget_type=\"text-editor.default\">\n\t\t\t\t\t\t\t\t\t<ul><li>Evidence-based psychology<\/li><li>Neuropsychological intervention focused on nervous system regulation<\/li><li>Emotional resilience and self-regulation training<\/li><li>Optimization of rest, recovery, and cognitive performance<\/li><\/ul>\t\t\t\t\t\t\t\t<\/div>\n\t\t\t\t<\/div>\n\t\t<div class=\"elementor-element elementor-element-84c9059 e-con-full e-flex e-con e-child\" data-id=\"84c9059\" data-element_type=\"container\" data-e-type=\"container\">\n\t\t\t\t<div class=\"elementor-element elementor-element-6ea6571 elementor-widget elementor-widget-heading\" data-id=\"6ea6571\" data-element_type=\"widget\" data-e-type=\"widget\" data-widget_type=\"heading.default\">\n\t\t\t\t\t<h2 class=\"elementor-heading-title elementor-size-default\">Includes:<\/h2>\t\t\t\t<\/div>\n\t\t\t\t<div class=\"elementor-element elementor-element-8fd41cb elementor-widget elementor-widget-text-editor\" data-id=\"8fd41cb\" data-element_type=\"widget\" data-e-type=\"widget\" data-widget_type=\"text-editor.default\">\n\t\t\t\t\t\t\t\t\t<ul><li>12 advanced integrative psychotherapy sessions<\/li><li>56 brain stimulation sessions (tDCS)<\/li><li>48 non-invasive vagal stimulation sessions<\/li><\/ul>\t\t\t\t\t\t\t\t<\/div>\n\t\t\t\t<div class=\"elementor-element elementor-element-101e040 elementor-widget elementor-widget-text-editor\" data-id=\"101e040\" data-element_type=\"widget\" data-e-type=\"widget\" data-widget_type=\"text-editor.default\">\n\t\t\t\t\t\t\t\t\t<p>A clinical, neuroscientific, and applied approach, clearly differentiated from generic coaching or superficial wellness models.<\/p>\t\t\t\t\t\t\t\t<\/div>\n\t\t\t\t<\/div>\n\t\t\t\t\t<\/div>\n\t\t\t\t<\/div>\n\t\t<div class=\"elementor-element elementor-element-0466e92 elementor-hidden-desktop elementor-hidden-tablet elementor-hidden-mobile e-flex e-con-boxed e-con e-parent\" data-id=\"0466e92\" data-element_type=\"container\" data-e-type=\"container\">\n\t\t\t\t\t<div class=\"e-con-inner\">\n\t\t\t\t<div class=\"elementor-element elementor-element-aee51e8 elementor-widget elementor-widget-heading\" data-id=\"aee51e8\" data-element_type=\"widget\" data-e-type=\"widget\" data-widget_type=\"heading.default\">\n\t\t\t\t\t<h2 class=\"elementor-heading-title elementor-size-default\">Programa neuropsicol\u00f3gico avanzado de resiliencia y rendimiento para tripulaciones de yates<\/h2>\t\t\t\t<\/div>\n\t\t\t\t\t<\/div>\n\t\t\t\t<\/div>\n\t\t<div class=\"elementor-element elementor-element-1b44e77 elementor-hidden-desktop elementor-hidden-tablet elementor-hidden-mobile e-flex e-con-boxed e-con e-parent\" data-id=\"1b44e77\" data-element_type=\"container\" data-e-type=\"container\">\n\t\t\t\t\t<div class=\"e-con-inner\">\n\t\t<div class=\"elementor-element elementor-element-855be9c e-con-full e-flex e-con e-child\" data-id=\"855be9c\" data-element_type=\"container\" data-e-type=\"container\" data-settings=\"{&quot;animation&quot;:&quot;none&quot;}\">\n\t\t\t\t<div class=\"elementor-element elementor-element-39748a5 elementor-widget elementor-widget-heading\" data-id=\"39748a5\" data-element_type=\"widget\" data-e-type=\"widget\" data-widget_type=\"heading.default\">\n\t\t\t\t\t<h2 class=\"elementor-heading-title elementor-size-default\">Descripci\u00f3n del servicio<\/h2>\t\t\t\t<\/div>\n\t\t\t\t<div class=\"elementor-element elementor-element-4f3584e elementor-widget elementor-widget-text-editor\" data-id=\"4f3584e\" data-element_type=\"widget\" data-e-type=\"widget\" data-widget_type=\"text-editor.default\">\n\t\t\t\t\t\t\t\t\t<div class=\"s__2rf_yC\" data-hook=\"plan-tagline\">l Elite Neuropsychological Resilience &amp; Performance Program for Yacht Crew es un programa especializado de intervenci\u00f3n psicol\u00f3gica y neurocient\u00edfica, dise\u00f1ado para profesionales del sector n\u00e1utico expuestos a altos niveles de estr\u00e9s prolongado, exigencia constante, presi\u00f3n operativa y escasas oportunidades reales de recuperaci\u00f3n. Este programa no es formaci\u00f3n general ni apoyo puntual en crisis. Es una intervenci\u00f3n estructurada, confidencial y personalizada orientada a restaurar la regulaci\u00f3n emocional, la claridad cognitiva y la capacidad de rendimiento sostenible en entornos mar\u00edtimos de alta exigencia.<\/div>\t\t\t\t\t\t\t\t<\/div>\n\t\t\t\t<\/div>\n\t\t<div class=\"elementor-element elementor-element-8a6ce2e e-con-full e-flex e-con e-child\" data-id=\"8a6ce2e\" data-element_type=\"container\" data-e-type=\"container\">\n\t\t\t\t<div class=\"elementor-element elementor-element-1127403 elementor-invisible elementor-widget elementor-widget-image\" data-id=\"1127403\" data-element_type=\"widget\" data-e-type=\"widget\" data-settings=\"{&quot;_animation&quot;:&quot;fadeInRight&quot;}\" data-widget_type=\"image.default\">\n\t\t\t\t\t\t\t\t\t\t\t\t\t\t\t<img fetchpriority=\"high\" decoding=\"async\" width=\"390\" height=\"261\" src=\"https:\/\/tzeustress.com\/wp-content\/uploads\/2026\/01\/229d5d_006fd266915b443798cddffa6f35e45amv2.avif\" class=\"attachment-full size-full wp-image-114\" alt=\"\" srcset=\"https:\/\/tzeustress.com\/wp-content\/uploads\/2026\/01\/229d5d_006fd266915b443798cddffa6f35e45amv2.avif 390w, https:\/\/tzeustress.com\/wp-content\/uploads\/2026\/01\/229d5d_006fd266915b443798cddffa6f35e45amv2-300x201.jpg 300w\" sizes=\"(max-width: 390px) 100vw, 390px\" \/>\t\t\t\t\t\t\t\t\t\t\t\t\t\t\t<\/div>\n\t\t\t\t<\/div>\n\t\t\t\t\t<\/div>\n\t\t\t\t<\/div>\n\t\t<div class=\"elementor-element elementor-element-d3d861c elementor-hidden-desktop elementor-hidden-tablet elementor-hidden-mobile e-flex e-con-boxed e-con e-parent\" data-id=\"d3d861c\" data-element_type=\"container\" data-e-type=\"container\">\n\t\t\t\t\t<div class=\"e-con-inner\">\n\t\t<div class=\"elementor-element elementor-element-d78fe90 e-con-full e-flex e-con e-child\" data-id=\"d78fe90\" data-element_type=\"container\" data-e-type=\"container\" data-settings=\"{&quot;animation&quot;:&quot;none&quot;}\">\n\t\t\t\t<div class=\"elementor-element elementor-element-843a210 elementor-widget elementor-widget-text-editor\" data-id=\"843a210\" data-element_type=\"widget\" data-e-type=\"widget\" data-widget_type=\"text-editor.default\">\n\t\t\t\t\t\t\t\t\t<div class=\"s__2rf_yC\" data-hook=\"plan-tagline\">\u00bfA qui\u00e9n va dirigido?<\/div><div class=\"s__2rf_yC\" data-hook=\"plan-tagline\">Tripulaci\u00f3n de yates y superyates Oficiales, capitanes y personal senior Profesionales del sector mar\u00edtimo sometidos a estr\u00e9s cr\u00f3nico, fatiga mental o desgaste emocional Personas que desean mantener un alto nivel de rendimiento sin comprometer su salud mental<\/div><div data-hook=\"plan-tagline\">\u00a0<\/div><div class=\"s__2rf_yC\" data-hook=\"plan-tagline\">\u00bfQu\u00e9 aborda este programa<\/div><div class=\"s__2rf_yC\" data-hook=\"plan-tagline\">Estr\u00e9s cr\u00f3nico y sobrecarga del sistema nervioso Alteraciones del sue\u00f1o y dificultad para desconectar Ansiedad, irritabilidad y fatiga emocional Dificultad de concentraci\u00f3n, \u201cmental fog\u201d y toma de decisiones bajo presi\u00f3n Desgaste psicol\u00f3gico tras temporadas intensivas<\/div><div data-hook=\"plan-tagline\">\u00a0<\/div><div class=\"s__2rf_yC\" data-hook=\"plan-tagline\">Enfoque diferencial<\/div><div class=\"s__2rf_yC\" data-hook=\"plan-tagline\">Este programa integra: Psicolog\u00eda basada en evidencia cient\u00edfica Intervenci\u00f3n neuropsicol\u00f3gica centrada en la regulaci\u00f3n del sistema nervioso Entrenamiento en resiliencia emocional y autorregulaci\u00f3n Optimizaci\u00f3n de recuperaci\u00f3n, descanso y rendimiento cognitivo El enfoque es cl\u00ednico, neurocient\u00edfico y aplicado, alejado de modelos gen\u00e9ricos de coaching, motivaci\u00f3n o bienestar superficial.<\/div>\t\t\t\t\t\t\t\t<\/div>\n\t\t\t\t<\/div>\n\t\t\t\t\t<\/div>\n\t\t\t\t<\/div>\n\t\t<div class=\"elementor-element elementor-element-d317cad elementor-hidden-desktop elementor-hidden-tablet elementor-hidden-mobile e-flex e-con-boxed e-con e-parent\" data-id=\"d317cad\" data-element_type=\"container\" data-e-type=\"container\">\n\t\t\t\t\t<div class=\"e-con-inner\">\n\t\t<div class=\"elementor-element elementor-element-823d4e3 e-con-full e-flex e-con e-child\" data-id=\"823d4e3\" data-element_type=\"container\" data-e-type=\"container\" data-settings=\"{&quot;animation&quot;:&quot;none&quot;}\">\n\t\t\t\t<div class=\"elementor-element elementor-element-2dcd690 elementor-widget elementor-widget-heading\" data-id=\"2dcd690\" data-element_type=\"widget\" data-e-type=\"widget\" data-widget_type=\"heading.default\">\n\t\t\t\t\t<h2 class=\"elementor-heading-title elementor-size-default\">Pol\u00edtica de cancelaci\u00f3n<\/h2>\t\t\t\t<\/div>\n\t\t\t\t<div class=\"elementor-element elementor-element-58e4b15 elementor-widget elementor-widget-text-editor\" data-id=\"58e4b15\" data-element_type=\"widget\" data-e-type=\"widget\" data-widget_type=\"text-editor.default\">\n\t\t\t\t\t\t\t\t\t<div class=\"s__2rf_yC\" data-hook=\"plan-tagline\"><div class=\"sOMZnbk oTZu_Li---alignment-4-left\" data-hook=\"policy-section\" data-section-type=\"POLICY\"><div class=\"sydKowG oTZu_Li--flex\" data-hook=\"children-POLICY\"><div><p class=\"sLoPao4 onEzxJb---typography-11-runningText onEzxJb---priority-7-primary sPHZGGF oNKl38p---location-4-BODY\" aria-hidden=\"false\" data-hook=\"cancellation-policy\">En TZ Eustress Center nos comprometemos a ofrecer un servicio de calidad y respetuoso con tu tiempo y el nuestro. Por ello, aplicamos la siguiente pol\u00edtica para reservas, cambios y cancelaciones:<\/p><p class=\"sLoPao4 onEzxJb---typography-11-runningText onEzxJb---priority-7-primary sPHZGGF oNKl38p---location-4-BODY\" aria-hidden=\"false\" data-hook=\"cancellation-policy\">Reprogramaci\u00f3n: Se permite cambiar la cita con al menos 24 horas de antelaci\u00f3n sin coste adicional.<\/p><p class=\"sLoPao4 onEzxJb---typography-11-runningText onEzxJb---priority-7-primary sPHZGGF oNKl38p---location-4-BODY\" aria-hidden=\"false\" data-hook=\"cancellation-policy\">Cancelaci\u00f3n: Las cancelaciones realizadas con menos de 24 horas de antelaci\u00f3n no son reembolsables.<\/p><p class=\"sLoPao4 onEzxJb---typography-11-runningText onEzxJb---priority-7-primary sPHZGGF oNKl38p---location-4-BODY\" aria-hidden=\"false\" data-hook=\"cancellation-policy\">No asistencia: En caso de no presentarse sin previo aviso, la sesi\u00f3n ser\u00e1 considerada como realizada.<\/p><p class=\"sLoPao4 onEzxJb---typography-11-runningText onEzxJb---priority-7-primary sPHZGGF oNKl38p---location-4-BODY\" aria-hidden=\"false\" data-hook=\"cancellation-policy\">Reservas: Para confirmar una cita, es necesario abonar el 100% del importe por adelantado. Retrasos: Si llegas tarde, la sesi\u00f3n se mantendr\u00e1 dentro del tiempo previsto sin posibilidad de extensi\u00f3n.<\/p><\/div><\/div><\/div><div class=\"sOMZnbk oTZu_Li---alignment-4-left\" data-section-type=\"CONTACT\"><hr class=\"s__4kNYQU ofdGAeA---direction-10-horizontal sW_eZPV\" data-hook=\"section-divider\" \/><div class=\"sydKowG oTZu_Li--flex\" data-hook=\"children-CONTACT\"><div data-hook=\"contact-details-wrapper\"><h5 class=\"sLoPao4 onEzxJb---typography-11-runningText onEzxJb---priority-7-primary siptXFP o_IUGOz---location-4-BODY\" aria-hidden=\"false\" data-hook=\"contact-title\">Datos de contacto<\/h5><div class=\"\"><p class=\"sLoPao4 onEzxJb---typography-11-runningText onEzxJb---priority-7-primary sPHZGGF oNKl38p---location-4-BODY\" aria-hidden=\"false\" data-hook=\"business-phone-number\">52-1-33-12345678<\/p><\/div><div class=\"\"><p class=\"sLoPao4 onEzxJb---typography-11-runningText onEzxJb---priority-7-primary sPHZGGF oNKl38p---location-4-BODY\" aria-hidden=\"false\" data-hook=\"business-email\">info@sitio.com<\/p><\/div><div class=\"\"><p class=\"sLoPao4 onEzxJb---typography-11-runningText onEzxJb---priority-7-primary sPHZGGF oNKl38p---location-4-BODY\" aria-hidden=\"false\" data-hook=\"business-address\">Espa\u00f1a<\/p><\/div><\/div><\/div><\/div><\/div>\t\t\t\t\t\t\t\t<\/div>\n\t\t\t\t<\/div>\n\t\t\t\t\t<\/div>\n\t\t\t\t<\/div>\n\t\t\t\t<\/div>","protected":false},"excerpt":{"rendered":"<p>Programa avanzado de resiliencia y rendimiento para tripulaciones de yates Programa neuropsicol\u00f3gico especializado para profesionales del sector n\u00e1utico expuestos a estr\u00e9s prolongado, alta exigencia operativa y escasas oportunidades de recuperaci\u00f3n.No es formaci\u00f3n general ni apoyo puntual.Es una intervenci\u00f3n estructurada, confidencial y personalizada, orientada a restaurar la regulaci\u00f3n emocional y el rendimiento sostenible. Reservar ahora Dirigido [&hellip;]<\/p>\n","protected":false},"author":1,"featured_media":0,"parent":0,"menu_order":0,"comment_status":"closed","ping_status":"closed","template":"","meta":{"footnotes":""},"class_list":["post-414","page","type-page","status-publish","hentry"],"_hostinger_reach_plugin_has_subscription_block":false,"_hostinger_reach_plugin_is_elementor":false,"_links":{"self":[{"href":"https:\/\/tzeustress.com\/en\/wp-json\/wp\/v2\/pages\/414","targetHints":{"allow":["GET"]}}],"collection":[{"href":"https:\/\/tzeustress.com\/en\/wp-json\/wp\/v2\/pages"}],"about":[{"href":"https:\/\/tzeustress.com\/en\/wp-json\/wp\/v2\/types\/page"}],"author":[{"embeddable":true,"href":"https:\/\/tzeustress.com\/en\/wp-json\/wp\/v2\/users\/1"}],"replies":[{"embeddable":true,"href":"https:\/\/tzeustress.com\/en\/wp-json\/wp\/v2\/comments?post=414"}],"version-history":[{"count":14,"href":"https:\/\/tzeustress.com\/en\/wp-json\/wp\/v2\/pages\/414\/revisions"}],"predecessor-version":[{"id":644,"href":"https:\/\/tzeustress.com\/en\/wp-json\/wp\/v2\/pages\/414\/revisions\/644"}],"wp:attachment":[{"href":"https:\/\/tzeustress.com\/en\/wp-json\/wp\/v2\/media?parent=414"}],"curies":[{"name":"wp","href":"https:\/\/api.w.org\/{rel}","templated":true}]}}