{"id":453,"date":"2026-01-20T19:43:08","date_gmt":"2026-01-20T19:43:08","guid":{"rendered":"https:\/\/wordpress-1571069-6117386.cloudwaysapps.com\/?page_id=453"},"modified":"2026-01-21T11:04:06","modified_gmt":"2026-01-21T11:04:06","slug":"evaluacion-de-tdah","status":"publish","type":"page","link":"https:\/\/tzeustress.com\/en\/evaluacion-de-tdah\/","title":{"rendered":"ADHD Assessment"},"content":{"rendered":"<div data-elementor-type=\"wp-page\" data-elementor-id=\"453\" class=\"elementor elementor-453\" data-elementor-post-type=\"page\">\n\t\t\t\t<div class=\"elementor-element elementor-element-f343166 e-flex e-con-boxed e-con e-parent\" data-id=\"f343166\" data-element_type=\"container\" data-e-type=\"container\" data-settings=\"{&quot;background_background&quot;:&quot;classic&quot;}\">\n\t\t\t\t\t<div class=\"e-con-inner\">\n\t\t\t\t<div class=\"elementor-element elementor-element-6415046 elementor-invisible elementor-widget elementor-widget-heading\" data-id=\"6415046\" data-element_type=\"widget\" data-e-type=\"widget\" data-settings=\"{&quot;_animation&quot;:&quot;fadeIn&quot;}\" data-widget_type=\"heading.default\">\n\t\t\t\t\t<h2 class=\"elementor-heading-title elementor-size-default\">ADHD Assessment<\/h2>\t\t\t\t<\/div>\n\t\t\t\t\t<\/div>\n\t\t\t\t<\/div>\n\t\t<div class=\"elementor-element elementor-element-a2e84a4 e-flex e-con-boxed e-con e-parent\" data-id=\"a2e84a4\" data-element_type=\"container\" data-e-type=\"container\">\n\t\t\t\t\t<div class=\"e-con-inner\">\n\t\t<div class=\"elementor-element elementor-element-2758dd2 e-con-full e-flex e-con e-child\" data-id=\"2758dd2\" data-element_type=\"container\" data-e-type=\"container\" data-settings=\"{&quot;animation&quot;:&quot;none&quot;}\">\n\t\t\t\t<div class=\"elementor-element elementor-element-9852b82 elementor-widget elementor-widget-heading\" data-id=\"9852b82\" data-element_type=\"widget\" data-e-type=\"widget\" data-widget_type=\"heading.default\">\n\t\t\t\t\t<h2 class=\"elementor-heading-title elementor-size-default\">Specialized psychological assessment with professional report<\/h2>\t\t\t\t<\/div>\n\t\t\t\t<div class=\"elementor-element elementor-element-ffaf7c6 elementor-widget elementor-widget-text-editor\" data-id=\"ffaf7c6\" data-element_type=\"widget\" data-e-type=\"widget\" data-widget_type=\"text-editor.default\">\n\t\t\t\t\t\t\t\t\t<p>Psychological and neuropsychological assessment service for ADHD in children and adolescents, structured and based on standardized tests.<br data-start=\"2277\" data-end=\"2280\" \/>The process concludes with a detailed, clear, and practical professional report for families and the educational environment.<\/p>\t\t\t\t\t\t\t\t<\/div>\n\t\t\t\t<div class=\"elementor-element elementor-element-0eb0e32 elementor-widget elementor-widget-button\" data-id=\"0eb0e32\" data-element_type=\"widget\" data-e-type=\"widget\" data-widget_type=\"button.default\">\n\t\t\t\t\t\t\t\t\t\t<a class=\"elementor-button elementor-button-link elementor-size-sm\" href=\"https:\/\/tzeustress.com\/en\/book-online\/\">\n\t\t\t\t\t\t<span class=\"elementor-button-content-wrapper\">\n\t\t\t\t\t\t<span class=\"elementor-button-icon\">\n\t\t\t\t<svg aria-hidden=\"true\" class=\"e-font-icon-svg e-fas-long-arrow-alt-right\" viewbox=\"0 0 448 512\" xmlns=\"http:\/\/www.w3.org\/2000\/svg\"><path d=\"M313.941 216H12c-6.627 0-12 5.373-12 12v56c0 6.627 5.373 12 12 12h301.941v46.059c0 21.382 25.851 32.09 40.971 16.971l86.059-86.059c9.373-9.373 9.373-24.569 0-33.941l-86.059-86.059c-15.119-15.119-40.971-4.411-40.971 16.971V216z\"><\/path><\/svg>\t\t\t<\/span>\n\t\t\t\t\t\t\t\t\t<span class=\"elementor-button-text\">Book Now<\/span>\n\t\t\t\t\t<\/span>\n\t\t\t\t\t<\/a>\n\t\t\t\t\t\t\t\t<\/div>\n\t\t\t\t<\/div>\n\t\t<div class=\"elementor-element elementor-element-fa5a36d e-con-full e-flex e-con e-child\" data-id=\"fa5a36d\" data-element_type=\"container\" data-e-type=\"container\">\n\t\t\t\t<div class=\"elementor-element elementor-element-d05c882 elementor-invisible elementor-widget elementor-widget-image\" data-id=\"d05c882\" data-element_type=\"widget\" data-e-type=\"widget\" data-settings=\"{&quot;_animation&quot;:&quot;fadeInRight&quot;}\" data-widget_type=\"image.default\">\n\t\t\t\t\t\t\t\t\t\t\t\t\t\t\t<img fetchpriority=\"high\" decoding=\"async\" width=\"390\" height=\"261\" src=\"https:\/\/tzeustress.com\/wp-content\/uploads\/2026\/01\/229d5d_a338202bd31647b09a0d0ce9f6ec4920mv2.avif\" class=\"attachment-full size-full wp-image-115\" alt=\"\" srcset=\"https:\/\/tzeustress.com\/wp-content\/uploads\/2026\/01\/229d5d_a338202bd31647b09a0d0ce9f6ec4920mv2.avif 390w, https:\/\/tzeustress.com\/wp-content\/uploads\/2026\/01\/229d5d_a338202bd31647b09a0d0ce9f6ec4920mv2-300x201.jpg 300w\" sizes=\"(max-width: 390px) 100vw, 390px\" \/>\t\t\t\t\t\t\t\t\t\t\t\t\t\t\t<\/div>\n\t\t\t\t<\/div>\n\t\t\t\t\t<\/div>\n\t\t\t\t<\/div>\n\t\t<div class=\"elementor-element elementor-element-7fb769c e-flex e-con-boxed elementor-invisible e-con e-parent\" data-id=\"7fb769c\" data-element_type=\"container\" data-e-type=\"container\" data-settings=\"{&quot;animation&quot;:&quot;fadeInUp&quot;}\">\n\t\t\t\t\t<div class=\"e-con-inner\">\n\t\t<div class=\"elementor-element elementor-element-909a77e e-con-full e-flex e-con e-child\" data-id=\"909a77e\" data-element_type=\"container\" data-e-type=\"container\">\n\t\t\t\t<div class=\"elementor-element elementor-element-d4b8683 elementor-widget elementor-widget-heading\" data-id=\"d4b8683\" data-element_type=\"widget\" data-e-type=\"widget\" data-widget_type=\"heading.default\">\n\t\t\t\t\t<h2 class=\"elementor-heading-title elementor-size-default\">The assessment includes:<\/h2>\t\t\t\t<\/div>\n\t\t\t\t<div class=\"elementor-element elementor-element-a1859bc elementor-widget elementor-widget-text-editor\" data-id=\"a1859bc\" data-element_type=\"widget\" data-e-type=\"widget\" data-widget_type=\"text-editor.default\">\n\t\t\t\t\t\t\t\t\t<ul><li>Clinical interviews<\/li><li>Standardized psychological and neuropsychological tests<\/li><li>Analysis of attentional, behavioral, and emotional functioning<\/li><li>Integration of family and school information (when necessary)<\/li><\/ul>\t\t\t\t\t\t\t\t<\/div>\n\t\t\t\t<\/div>\n\t\t<div class=\"elementor-element elementor-element-362bb55 e-con-full e-flex e-con e-child\" data-id=\"362bb55\" data-element_type=\"container\" data-e-type=\"container\">\n\t\t\t\t<div class=\"elementor-element elementor-element-6ce2323 elementor-widget elementor-widget-heading\" data-id=\"6ce2323\" data-element_type=\"widget\" data-e-type=\"widget\" data-widget_type=\"heading.default\">\n\t\t\t\t\t<h2 class=\"elementor-heading-title elementor-size-default\">The report provides:<\/h2>\t\t\t\t<\/div>\n\t\t\t\t<div class=\"elementor-element elementor-element-33abde0 elementor-widget elementor-widget-text-editor\" data-id=\"33abde0\" data-element_type=\"widget\" data-e-type=\"widget\" data-widget_type=\"text-editor.default\">\n\t\t\t\t\t\t\t\t\t<ul><li>A clear description of the assessed profile<\/li><li>Psychological and psychoeducational guidance<\/li><li>Practical recommendations for the family and school context<\/li><\/ul>\t\t\t\t\t\t\t\t<\/div>\n\t\t\t\t<\/div>\n\t\t\t\t\t<\/div>\n\t\t\t\t<\/div>\n\t\t\t\t<\/div>","protected":false},"excerpt":{"rendered":"<p>Evaluaci\u00f3n psicol\u00f3gica especializada con informe profesional Servicio de evaluaci\u00f3n psicol\u00f3gica y neuropsicol\u00f3gica del TDAH en ni\u00f1os y adolescentes, estructurado y basado en pruebas estandarizadas.El proceso concluye con la elaboraci\u00f3n de un informe profesional detallado, claro y \u00fatil para la familia y el entorno educativo. Reservar ahora La evaluaci\u00f3n incluye: Entrevistas cl\u00ednicas Pruebas psicol\u00f3gicas y neuropsicol\u00f3gicas [&hellip;]<\/p>\n","protected":false},"author":1,"featured_media":0,"parent":0,"menu_order":0,"comment_status":"closed","ping_status":"closed","template":"","meta":{"footnotes":""},"class_list":["post-453","page","type-page","status-publish","hentry"],"_hostinger_reach_plugin_has_subscription_block":false,"_hostinger_reach_plugin_is_elementor":false,"_links":{"self":[{"href":"https:\/\/tzeustress.com\/en\/wp-json\/wp\/v2\/pages\/453","targetHints":{"allow":["GET"]}}],"collection":[{"href":"https:\/\/tzeustress.com\/en\/wp-json\/wp\/v2\/pages"}],"about":[{"href":"https:\/\/tzeustress.com\/en\/wp-json\/wp\/v2\/types\/page"}],"author":[{"embeddable":true,"href":"https:\/\/tzeustress.com\/en\/wp-json\/wp\/v2\/users\/1"}],"replies":[{"embeddable":true,"href":"https:\/\/tzeustress.com\/en\/wp-json\/wp\/v2\/comments?post=453"}],"version-history":[{"count":13,"href":"https:\/\/tzeustress.com\/en\/wp-json\/wp\/v2\/pages\/453\/revisions"}],"predecessor-version":[{"id":619,"href":"https:\/\/tzeustress.com\/en\/wp-json\/wp\/v2\/pages\/453\/revisions\/619"}],"wp:attachment":[{"href":"https:\/\/tzeustress.com\/en\/wp-json\/wp\/v2\/media?parent=453"}],"curies":[{"name":"wp","href":"https:\/\/api.w.org\/{rel}","templated":true}]}}