{"id":716,"date":"2026-03-11T11:53:02","date_gmt":"2026-03-11T11:53:02","guid":{"rendered":"https:\/\/tzeustress.com\/?page_id=716"},"modified":"2026-03-11T11:55:25","modified_gmt":"2026-03-11T11:55:25","slug":"evaluacion-psicologica-infantil-y-adolescente","status":"publish","type":"page","link":"https:\/\/tzeustress.com\/en\/evaluacion-psicologica-infantil-y-adolescente\/","title":{"rendered":"Child and Adolescent Psychological Assessment"},"content":{"rendered":"<div data-elementor-type=\"wp-page\" data-elementor-id=\"716\" class=\"elementor elementor-716\" data-elementor-post-type=\"page\">\n\t\t\t\t<div class=\"elementor-element elementor-element-3410283 e-flex e-con-boxed e-con e-parent\" data-id=\"3410283\" data-element_type=\"container\" data-e-type=\"container\" data-settings=\"{&quot;background_background&quot;:&quot;classic&quot;}\">\n\t\t\t\t\t<div class=\"e-con-inner\">\n\t\t\t\t<div class=\"elementor-element elementor-element-4568124 elementor-invisible elementor-widget elementor-widget-heading\" data-id=\"4568124\" data-element_type=\"widget\" data-e-type=\"widget\" data-settings=\"{&quot;_animation&quot;:&quot;fadeIn&quot;}\" data-widget_type=\"heading.default\">\n\t\t\t\t\t<h2 class=\"elementor-heading-title elementor-size-default\">Child and Adolescent Psychological Assessment<\/h2>\t\t\t\t<\/div>\n\t\t\t\t\t<\/div>\n\t\t\t\t<\/div>\n\t\t<div class=\"elementor-element elementor-element-e240f4b e-flex e-con-boxed e-con e-parent\" data-id=\"e240f4b\" data-element_type=\"container\" data-e-type=\"container\">\n\t\t\t\t\t<div class=\"e-con-inner\">\n\t\t<div class=\"elementor-element elementor-element-0245ac4 e-con-full e-flex e-con e-child\" data-id=\"0245ac4\" data-element_type=\"container\" data-e-type=\"container\" data-settings=\"{&quot;animation&quot;:&quot;none&quot;}\">\n\t\t\t\t<div class=\"elementor-element elementor-element-87f0ff2 elementor-widget elementor-widget-heading\" data-id=\"87f0ff2\" data-element_type=\"widget\" data-e-type=\"widget\" data-widget_type=\"heading.default\">\n\t\t\t\t\t<h2 class=\"elementor-heading-title elementor-size-default\">Clearly understanding what is happening with your child<\/h2>\t\t\t\t<\/div>\n\t\t\t\t<div class=\"elementor-element elementor-element-d436cba elementor-widget elementor-widget-text-editor\" data-id=\"d436cba\" data-element_type=\"widget\" data-e-type=\"widget\" data-widget_type=\"text-editor.default\">\n\t\t\t\t\t\t\t\t\t<p><span style=\"font-weight: 400;\">A structured psychological assessment service aimed at thoroughly analysing the emotional, behavioural, and adaptive functioning of children and adolescents.<\/span><\/p><p><span style=\"font-weight: 400;\">Often, parents notice changes, difficulties, or conflicts but cannot clearly understand what is truly happening. This assessment provides a professional, objective, and in-depth perspective on the situation, helping to avoid subjective interpretations and premature decisions.<\/span><\/p><p class=\"translation-block\">The goal is to clarify the situation, provide guidance, and establish a solid foundation for confident and well-informed action.<\/p>\t\t\t\t\t\t\t\t<\/div>\n\t\t\t\t<div class=\"elementor-element elementor-element-3a034e2 elementor-widget elementor-widget-button\" data-id=\"3a034e2\" data-element_type=\"widget\" data-e-type=\"widget\" data-widget_type=\"button.default\">\n\t\t\t\t\t\t\t\t\t\t<a class=\"elementor-button elementor-button-link elementor-size-sm\" href=\"https:\/\/tzeustress.com\/en\/book-online\/\">\n\t\t\t\t\t\t<span class=\"elementor-button-content-wrapper\">\n\t\t\t\t\t\t<span class=\"elementor-button-icon\">\n\t\t\t\t<svg aria-hidden=\"true\" class=\"e-font-icon-svg e-fas-long-arrow-alt-right\" viewbox=\"0 0 448 512\" xmlns=\"http:\/\/www.w3.org\/2000\/svg\"><path d=\"M313.941 216H12c-6.627 0-12 5.373-12 12v56c0 6.627 5.373 12 12 12h301.941v46.059c0 21.382 25.851 32.09 40.971 16.971l86.059-86.059c9.373-9.373 9.373-24.569 0-33.941l-86.059-86.059c-15.119-15.119-40.971-4.411-40.971 16.971V216z\"><\/path><\/svg>\t\t\t<\/span>\n\t\t\t\t\t\t\t\t\t<span class=\"elementor-button-text\">Book Now<\/span>\n\t\t\t\t\t<\/span>\n\t\t\t\t\t<\/a>\n\t\t\t\t\t\t\t\t<\/div>\n\t\t\t\t<\/div>\n\t\t<div class=\"elementor-element elementor-element-ec2716f e-con-full e-flex e-con e-child\" data-id=\"ec2716f\" data-element_type=\"container\" data-e-type=\"container\">\n\t\t\t\t<div class=\"elementor-element elementor-element-ea73819 elementor-invisible elementor-widget elementor-widget-image\" data-id=\"ea73819\" data-element_type=\"widget\" data-e-type=\"widget\" data-settings=\"{&quot;_animation&quot;:&quot;fadeInRight&quot;}\" data-widget_type=\"image.default\">\n\t\t\t\t\t\t\t\t\t\t\t\t\t\t\t<img fetchpriority=\"high\" decoding=\"async\" width=\"986\" height=\"658\" src=\"https:\/\/tzeustress.com\/wp-content\/uploads\/2026\/03\/image1.jpg\" class=\"attachment-full size-full wp-image-720\" alt=\"\" srcset=\"https:\/\/tzeustress.com\/wp-content\/uploads\/2026\/03\/image1.jpg 986w, https:\/\/tzeustress.com\/wp-content\/uploads\/2026\/03\/image1-300x200.jpg 300w, https:\/\/tzeustress.com\/wp-content\/uploads\/2026\/03\/image1-768x513.jpg 768w, https:\/\/tzeustress.com\/wp-content\/uploads\/2026\/03\/image1-18x12.jpg 18w\" sizes=\"(max-width: 986px) 100vw, 986px\" \/>\t\t\t\t\t\t\t\t\t\t\t\t\t\t\t<\/div>\n\t\t\t\t<\/div>\n\t\t\t\t\t<\/div>\n\t\t\t\t<\/div>\n\t\t<div class=\"elementor-element elementor-element-b192a5d e-flex e-con-boxed elementor-invisible e-con e-parent\" data-id=\"b192a5d\" data-element_type=\"container\" data-e-type=\"container\" data-settings=\"{&quot;animation&quot;:&quot;fadeInUp&quot;}\">\n\t\t\t\t\t<div class=\"e-con-inner\">\n\t\t<div class=\"elementor-element elementor-element-8f2add7 e-con-full e-flex e-con e-child\" data-id=\"8f2add7\" data-element_type=\"container\" data-e-type=\"container\">\n\t\t\t\t<div class=\"elementor-element elementor-element-df39fff elementor-widget elementor-widget-heading\" data-id=\"df39fff\" data-element_type=\"widget\" data-e-type=\"widget\" data-widget_type=\"heading.default\">\n\t\t\t\t\t<h2 class=\"elementor-heading-title elementor-size-default\">Areas assessed<\/h2>\t\t\t\t<\/div>\n\t\t\t\t<div class=\"elementor-element elementor-element-7168403 elementor-widget elementor-widget-text-editor\" data-id=\"7168403\" data-element_type=\"widget\" data-e-type=\"widget\" data-widget_type=\"text-editor.default\">\n\t\t\t\t\t\t\t\t\t<ul><li style=\"font-weight: 400;\" aria-level=\"1\"><span style=\"font-weight: 400;\">Anxiety, fears, and insecurity<\/span><\/li><li style=\"font-weight: 400;\" aria-level=\"1\"><span style=\"font-weight: 400;\">Sadness, low motivation, or emotional changes<\/span><\/li><li style=\"font-weight: 400;\" aria-level=\"1\"><span style=\"font-weight: 400;\">Irritability, impulsivity, and behavioural difficulties<\/span><\/li><li style=\"font-weight: 400;\" aria-level=\"1\"><span style=\"font-weight: 400;\">Emotional regulation and frustration tolerance<\/span><\/li><li style=\"font-weight: 400;\" aria-level=\"1\"><span style=\"font-weight: 400;\">Self-esteem and self-concept<\/span><\/li><li style=\"font-weight: 400;\" aria-level=\"1\"><span style=\"font-weight: 400;\">Social skills and school adjustment<\/span><\/li><li style=\"font-weight: 400;\" aria-level=\"1\"><span style=\"font-weight: 400;\">Family conflicts and relational dynamics<\/span><\/li><li style=\"font-weight: 400;\" aria-level=\"1\"><span style=\"font-weight: 400;\">Internal distress that may not always be externally visible<\/span><\/li><\/ul><p>\u00a0<\/p><p><span style=\"font-weight: 400;\">The assessment is conducted from an integrative perspective, taking into account the different contexts in which the child develops.<\/span><\/p>\t\t\t\t\t\t\t\t<\/div>\n\t\t\t\t<\/div>\n\t\t<div class=\"elementor-element elementor-element-9233c9f e-con-full e-flex e-con e-child\" data-id=\"9233c9f\" data-element_type=\"container\" data-e-type=\"container\">\n\t\t\t\t<div class=\"elementor-element elementor-element-e270358 elementor-widget elementor-widget-heading\" data-id=\"e270358\" data-element_type=\"widget\" data-e-type=\"widget\" data-widget_type=\"heading.default\">\n\t\t\t\t\t<h2 class=\"elementor-heading-title elementor-size-default\">Includes:<\/h2>\t\t\t\t<\/div>\n\t\t\t\t<div class=\"elementor-element elementor-element-b74df6b elementor-widget elementor-widget-text-editor\" data-id=\"b74df6b\" data-element_type=\"widget\" data-e-type=\"widget\" data-widget_type=\"text-editor.default\">\n\t\t\t\t\t\t\t\t\t<ul><li style=\"font-weight: 400;\" aria-level=\"1\"><span style=\"font-weight: 400;\">Entrevista cl\u00ednica inicial con la familia<\/span><\/li><li style=\"font-weight: 400;\" aria-level=\"1\"><span style=\"font-weight: 400;\">Evaluaci\u00f3n psicol\u00f3gica individual del ni\u00f1o o adolescente<\/span><\/li><li style=\"font-weight: 400;\" aria-level=\"1\"><span style=\"font-weight: 400;\">Recogida e integraci\u00f3n de informaci\u00f3n del entorno escolar<\/span><\/li><li style=\"font-weight: 400;\" aria-level=\"1\"><span style=\"font-weight: 400;\">An\u00e1lisis cl\u00ednico global e integraci\u00f3n profesional de resultados<\/span><\/li><li style=\"font-weight: 400;\" aria-level=\"1\"><span style=\"font-weight: 400;\">Informe psicol\u00f3gico detallado<\/span><\/li><li style=\"font-weight: 400;\" aria-level=\"1\"><span style=\"font-weight: 400;\">Sesi\u00f3n de devoluci\u00f3n explicativa con orientaciones pr\u00e1cticas para la familia<\/span><\/li><li style=\"font-weight: 400;\" aria-level=\"1\"><span style=\"font-weight: 400;\">Recomendaciones espec\u00edficas para facilitar la coordinaci\u00f3n con el centro educativo<\/span><\/li><\/ul><p>\u00a0<\/p><p><span style=\"font-weight: 400;\">El informe puede ser presentado al colegio para favorecer una intervenci\u00f3n coherente, ajustada al perfil del menor y basada en criterios profesionales.<\/span><\/p>\t\t\t\t\t\t\t\t<\/div>\n\t\t\t\t<\/div>\n\t\t\t\t\t<\/div>\n\t\t\t\t<\/div>\n\t\t\t\t<\/div>","protected":false},"excerpt":{"rendered":"<p>Comprender con claridad lo que le est\u00e1 ocurriendo a tu hijo Servicio de evaluaci\u00f3n psicol\u00f3gica estructurada orientado a analizar el funcionamiento emocional, conductual y adaptativo de ni\u00f1os y adolescentes. Muchas veces los padres perciben cambios, dificultades o conflictos, pero no logran entender con precisi\u00f3n qu\u00e9 est\u00e1 ocurriendo. Esta evaluaci\u00f3n permite obtener una visi\u00f3n profesional, objetiva [&hellip;]<\/p>\n","protected":false},"author":1,"featured_media":0,"parent":0,"menu_order":0,"comment_status":"closed","ping_status":"closed","template":"","meta":{"footnotes":""},"class_list":["post-716","page","type-page","status-publish","hentry"],"_hostinger_reach_plugin_has_subscription_block":false,"_hostinger_reach_plugin_is_elementor":false,"_links":{"self":[{"href":"https:\/\/tzeustress.com\/en\/wp-json\/wp\/v2\/pages\/716","targetHints":{"allow":["GET"]}}],"collection":[{"href":"https:\/\/tzeustress.com\/en\/wp-json\/wp\/v2\/pages"}],"about":[{"href":"https:\/\/tzeustress.com\/en\/wp-json\/wp\/v2\/types\/page"}],"author":[{"embeddable":true,"href":"https:\/\/tzeustress.com\/en\/wp-json\/wp\/v2\/users\/1"}],"replies":[{"embeddable":true,"href":"https:\/\/tzeustress.com\/en\/wp-json\/wp\/v2\/comments?post=716"}],"version-history":[{"count":4,"href":"https:\/\/tzeustress.com\/en\/wp-json\/wp\/v2\/pages\/716\/revisions"}],"predecessor-version":[{"id":723,"href":"https:\/\/tzeustress.com\/en\/wp-json\/wp\/v2\/pages\/716\/revisions\/723"}],"wp:attachment":[{"href":"https:\/\/tzeustress.com\/en\/wp-json\/wp\/v2\/media?parent=716"}],"curies":[{"name":"wp","href":"https:\/\/api.w.org\/{rel}","templated":true}]}}