{"id":188,"date":"2026-01-11T17:47:51","date_gmt":"2026-01-11T17:47:51","guid":{"rendered":"https:\/\/wordpress-1571069-6117386.cloudwaysapps.com\/?page_id=188"},"modified":"2026-01-11T18:03:08","modified_gmt":"2026-01-11T18:03:08","slug":"politica-de-privacidad","status":"publish","type":"page","link":"https:\/\/tzeustress.com\/ru\/politica-de-privacidad\/","title":{"rendered":"\u041f\u043e\u043b\u0438\u0442\u0438\u043a\u0430 \u043a\u043e\u043d\u0444\u0438\u0434\u0435\u043d\u0446\u0438\u0430\u043b\u044c\u043d\u043e\u0441\u0442\u0438"},"content":{"rendered":"<div data-elementor-type=\"wp-page\" data-elementor-id=\"188\" class=\"elementor elementor-188\" data-elementor-post-type=\"page\">\n\t\t\t\t<div class=\"elementor-element elementor-element-f9f8a7a e-flex e-con-boxed e-con e-parent\" data-id=\"f9f8a7a\" data-element_type=\"container\" data-e-type=\"container\" data-settings=\"{&quot;background_background&quot;:&quot;classic&quot;}\">\n\t\t\t\t\t<div class=\"e-con-inner\">\n\t\t\t\t<div class=\"elementor-element elementor-element-d78c15d elementor-invisible elementor-widget elementor-widget-heading\" data-id=\"d78c15d\" data-element_type=\"widget\" data-e-type=\"widget\" data-settings=\"{&quot;_animation&quot;:&quot;fadeIn&quot;}\" data-widget_type=\"heading.default\">\n\t\t\t\t\t<h2 class=\"elementor-heading-title elementor-size-default\">\u041f\u043e\u043b\u0438\u0442\u0438\u043a\u0430 \u043a\u043e\u043d\u0444\u0438\u0434\u0435\u043d\u0446\u0438\u0430\u043b\u044c\u043d\u043e\u0441\u0442\u0438<\/h2>\t\t\t\t<\/div>\n\t\t\t\t\t<\/div>\n\t\t\t\t<\/div>\n\t\t<div class=\"elementor-element elementor-element-789b4b1 e-flex e-con-boxed e-con e-parent\" data-id=\"789b4b1\" data-element_type=\"container\" data-e-type=\"container\">\n\t\t\t\t\t<div class=\"e-con-inner\">\n\t\t\t\t<div class=\"elementor-element elementor-element-123807d elementor-widget elementor-widget-text-editor\" data-id=\"123807d\" data-element_type=\"widget\" data-e-type=\"widget\" data-widget_type=\"text-editor.default\">\n\t\t\t\t\t\t\t\t\t<div id=\"comp-m95vadg0\" class=\"Z_l5lU ku3DBC zQ9jDz qvSjx3 Vq6kJx comp-m95vadg0 wixui-rich-text\" data-testid=\"richTextElement\"><h2 class=\"font_3 wixui-rich-text__text\">\u042e\u0440\u0438\u0434\u0438\u0447\u0435\u0441\u043a\u043e\u0435 \u0443\u0432\u0435\u0434\u043e\u043c\u043b\u0435\u043d\u0438\u0435<\/h2><\/div><div id=\"comp-m95vadg9\" class=\"Z_l5lU ku3DBC zQ9jDz qvSjx3 Vq6kJx comp-m95vadg9 wixui-rich-text\" data-testid=\"richTextElement\"><p class=\"font_8 wixui-rich-text__text\">\u041e\u0431\u044a\u044f\u0441\u043d\u0435\u043d\u0438\u044f \u0438 \u0438\u043d\u0444\u043e\u0440\u043c\u0430\u0446\u0438\u044f, \u043f\u0440\u0435\u0434\u0441\u0442\u0430\u0432\u043b\u0435\u043d\u043d\u044b\u0435 \u043d\u0430 \u044d\u0442\u043e\u0439 \u0441\u0442\u0440\u0430\u043d\u0438\u0446\u0435, \u044f\u0432\u043b\u044f\u044e\u0442\u0441\u044f \u043b\u0438\u0448\u044c \u043e\u0431\u0449\u0438\u043c\u0438 \u0438 \u0448\u0438\u0440\u043e\u043a\u0438\u043c\u0438 \u043e\u0431\u044a\u044f\u0441\u043d\u0435\u043d\u0438\u044f\u043c\u0438 \u0438 \u0438\u043d\u0444\u043e\u0440\u043c\u0430\u0446\u0438\u0435\u0439 \u043e \u0442\u043e\u043c, \u043a\u0430\u043a \u0441\u043e\u0441\u0442\u0430\u0432\u0438\u0442\u044c \u0441\u043e\u0431\u0441\u0442\u0432\u0435\u043d\u043d\u044b\u0439 \u0434\u043e\u043a\u0443\u043c\u0435\u043d\u0442 \u041f\u043e\u043b\u0438\u0442\u0438\u043a\u0438 \u043a\u043e\u043d\u0444\u0438\u0434\u0435\u043d\u0446\u0438\u0430\u043b\u044c\u043d\u043e\u0441\u0442\u0438. \u041d\u0435 \u0441\u043b\u0435\u0434\u0443\u0435\u0442 \u0440\u0430\u0441\u0441\u043c\u0430\u0442\u0440\u0438\u0432\u0430\u0442\u044c \u0434\u0430\u043d\u043d\u0443\u044e \u0441\u0442\u0430\u0442\u044c\u044e \u043a\u0430\u043a \u044e\u0440\u0438\u0434\u0438\u0447\u0435\u0441\u043a\u0438\u0439 \u0441\u043e\u0432\u0435\u0442 \u0438\u043b\u0438 \u0440\u0435\u043a\u043e\u043c\u0435\u043d\u0434\u0430\u0446\u0438\u044e \u043e \u0442\u043e\u043c, \u0447\u0442\u043e \u0432\u0430\u043c \u0441\u043b\u0435\u0434\u0443\u0435\u0442 \u0434\u0435\u043b\u0430\u0442\u044c \u043d\u0430 \u0441\u0430\u043c\u043e\u043c \u0434\u0435\u043b\u0435, \u043f\u043e\u0441\u043a\u043e\u043b\u044c\u043a\u0443 \u043c\u044b \u043d\u0435 \u043c\u043e\u0436\u0435\u043c \u0437\u0430\u0440\u0430\u043d\u0435\u0435 \u0437\u043d\u0430\u0442\u044c, \u043a\u0430\u043a\u0443\u044e \u043a\u043e\u043d\u043a\u0440\u0435\u0442\u043d\u0443\u044e \u043f\u043e\u043b\u0438\u0442\u0438\u043a\u0443 \u043a\u043e\u043d\u0444\u0438\u0434\u0435\u043d\u0446\u0438\u0430\u043b\u044c\u043d\u043e\u0441\u0442\u0438 \u0432\u044b \u0445\u043e\u0442\u0438\u0442\u0435 \u0443\u0441\u0442\u0430\u043d\u043e\u0432\u0438\u0442\u044c \u043c\u0435\u0436\u0434\u0443 \u0441\u0432\u043e\u0438\u043c \u0431\u0438\u0437\u043d\u0435\u0441\u043e\u043c \u0438 \u0432\u0430\u0448\u0438\u043c\u0438 \u043a\u043b\u0438\u0435\u043d\u0442\u0430\u043c\u0438 \u0438 \u043f\u043e\u0441\u0435\u0442\u0438\u0442\u0435\u043b\u044f\u043c\u0438. \u041c\u044b \u0440\u0435\u043a\u043e\u043c\u0435\u043d\u0434\u0443\u0435\u043c \u0432\u0430\u043c \u043e\u0431\u0440\u0430\u0442\u0438\u0442\u044c\u0441\u044f \u0437\u0430 \u044e\u0440\u0438\u0434\u0438\u0447\u0435\u0441\u043a\u043e\u0439 \u043a\u043e\u043d\u0441\u0443\u043b\u044c\u0442\u0430\u0446\u0438\u0435\u0439, \u0447\u0442\u043e\u0431\u044b \u043f\u043e\u043d\u044f\u0442\u044c \u0438 \u0440\u0430\u0437\u0440\u0430\u0431\u043e\u0442\u0430\u0442\u044c \u0441\u043e\u0431\u0441\u0442\u0432\u0435\u043d\u043d\u0443\u044e \u041f\u043e\u043b\u0438\u0442\u0438\u043a\u0443 \u043a\u043e\u043d\u0444\u0438\u0434\u0435\u043d\u0446\u0438\u0430\u043b\u044c\u043d\u043e\u0441\u0442\u0438.<\/p><\/div><div id=\"comp-m95vadgj\" class=\"Z_l5lU ku3DBC zQ9jDz qvSjx3 Vq6kJx comp-m95vadgj wixui-rich-text\" data-testid=\"richTextElement\"><h2 class=\"font_3 wixui-rich-text__text\">\u041f\u043e\u043b\u0438\u0442\u0438\u043a\u0430 \u043a\u043e\u043d\u0444\u0438\u0434\u0435\u043d\u0446\u0438\u0430\u043b\u044c\u043d\u043e\u0441\u0442\u0438: \u041e\u0441\u043d\u043e\u0432\u044b<\/h2><\/div><div id=\"comp-m95vadgq\" class=\"Z_l5lU ku3DBC zQ9jDz qvSjx3 Vq6kJx comp-m95vadgq wixui-rich-text\" data-testid=\"richTextElement\"><p class=\"font_8 wixui-rich-text__text\">\u041f\u0440\u0438 \u044d\u0442\u043e\u043c \u041f\u043e\u043b\u0438\u0442\u0438\u043a\u0430 \u043a\u043e\u043d\u0444\u0438\u0434\u0435\u043d\u0446\u0438\u0430\u043b\u044c\u043d\u043e\u0441\u0442\u0438 \u043f\u0440\u0435\u0434\u0441\u0442\u0430\u0432\u043b\u044f\u0435\u0442 \u0441\u043e\u0431\u043e\u0439 \u0437\u0430\u044f\u0432\u043b\u0435\u043d\u0438\u0435, \u0432 \u043a\u043e\u0442\u043e\u0440\u043e\u043c \u0440\u0430\u0441\u043a\u0440\u044b\u0432\u0430\u044e\u0442\u0441\u044f \u043d\u0435\u043a\u043e\u0442\u043e\u0440\u044b\u0435 \u0438\u043b\u0438 \u0432\u0441\u0435 \u043c\u0435\u0442\u043e\u0434\u044b \u0441\u0431\u043e\u0440\u0430, \u0438\u0441\u043f\u043e\u043b\u044c\u0437\u043e\u0432\u0430\u043d\u0438\u044f, \u0440\u0430\u0441\u043a\u0440\u044b\u0442\u0438\u044f, \u043e\u0431\u0440\u0430\u0431\u043e\u0442\u043a\u0438 \u0438 \u0443\u043f\u0440\u0430\u0432\u043b\u0435\u043d\u0438\u044f \u0434\u0430\u043d\u043d\u044b\u043c\u0438 \u043d\u0430 \u0432\u0435\u0431-\u0441\u0430\u0439\u0442\u0435 \u0434\u043b\u044f \u043f\u043e\u043b\u044c\u0437\u043e\u0432\u0430\u0442\u0435\u043b\u0435\u0439 \u0438 \u043a\u043b\u0438\u0435\u043d\u0442\u043e\u0432. \u041e\u0431\u044b\u0447\u043d\u043e \u043e\u043d \u0442\u0430\u043a\u0436\u0435 \u0432\u043a\u043b\u044e\u0447\u0430\u0435\u0442 \u0437\u0430\u044f\u0432\u043b\u0435\u043d\u0438\u0435 \u043e \u043f\u0440\u0438\u0432\u0435\u0440\u0436\u0435\u043d\u043d\u043e\u0441\u0442\u0438 \u0432\u0435\u0431-\u0441\u0430\u0439\u0442\u0430 \u0437\u0430\u0449\u0438\u0442\u0435 \u043a\u043e\u043d\u0444\u0438\u0434\u0435\u043d\u0446\u0438\u0430\u043b\u044c\u043d\u043e\u0441\u0442\u0438 \u0441\u0432\u043e\u0438\u0445 \u043f\u043e\u0441\u0435\u0442\u0438\u0442\u0435\u043b\u0435\u0439 \u0438\u043b\u0438 \u043a\u043b\u0438\u0435\u043d\u0442\u043e\u0432, \u0430 \u0442\u0430\u043a\u0436\u0435 \u043e\u0431\u044a\u044f\u0441\u043d\u0435\u043d\u0438\u0435 \u0440\u0430\u0437\u043b\u0438\u0447\u043d\u044b\u0445 \u043c\u0435\u0445\u0430\u043d\u0438\u0437\u043c\u043e\u0432, \u043a\u043e\u0442\u043e\u0440\u044b\u0435 \u0432\u0435\u0431-\u0441\u0430\u0439\u0442 \u0438\u0441\u043f\u043e\u043b\u044c\u0437\u0443\u0435\u0442 \u0434\u043b\u044f \u0437\u0430\u0449\u0438\u0442\u044b \u043a\u043e\u043d\u0444\u0438\u0434\u0435\u043d\u0446\u0438\u0430\u043b\u044c\u043d\u043e\u0441\u0442\u0438.<\/p><\/div><div id=\"comp-m95vadgx\" class=\"Z_l5lU ku3DBC zQ9jDz qvSjx3 Vq6kJx comp-m95vadgx wixui-rich-text\" data-testid=\"richTextElement\"><p class=\"font_8 wixui-rich-text__text\">\u0412 \u0440\u0430\u0437\u043d\u044b\u0445 \u044e\u0440\u0438\u0441\u0434\u0438\u043a\u0446\u0438\u044f\u0445 \u0441\u0443\u0449\u0435\u0441\u0442\u0432\u0443\u044e\u0442 \u0440\u0430\u0437\u043d\u044b\u0435 \u043f\u0440\u0430\u0432\u043e\u0432\u044b\u0435 \u043e\u0431\u044f\u0437\u0430\u0442\u0435\u043b\u044c\u0441\u0442\u0432\u0430 \u043e\u0442\u043d\u043e\u0441\u0438\u0442\u0435\u043b\u044c\u043d\u043e \u0442\u043e\u0433\u043e, \u0447\u0442\u043e \u0434\u043e\u043b\u0436\u043d\u043e \u0431\u044b\u0442\u044c \u0432\u043a\u043b\u044e\u0447\u0435\u043d\u043e \u0432 \u041f\u043e\u043b\u0438\u0442\u0438\u043a\u0443 \u043a\u043e\u043d\u0444\u0438\u0434\u0435\u043d\u0446\u0438\u0430\u043b\u044c\u043d\u043e\u0441\u0442\u0438. \u0412\u044b \u043d\u0435\u0441\u0435\u0442\u0435 \u043e\u0442\u0432\u0435\u0442\u0441\u0442\u0432\u0435\u043d\u043d\u043e\u0441\u0442\u044c \u0437\u0430 \u0441\u043e\u0431\u043b\u044e\u0434\u0435\u043d\u0438\u0435 \u0437\u0430\u043a\u043e\u043d\u043e\u0432, \u043f\u0440\u0438\u043c\u0435\u043d\u0438\u043c\u044b\u0445 \u043a \u0432\u0430\u0448\u0435\u0439 \u0434\u0435\u044f\u0442\u0435\u043b\u044c\u043d\u043e\u0441\u0442\u0438 \u0438 \u043c\u0435\u0441\u0442\u043e\u043f\u043e\u043b\u043e\u0436\u0435\u043d\u0438\u044e.<\/p><\/div><div id=\"comp-m95vadh5\" class=\"Z_l5lU ku3DBC zQ9jDz qvSjx3 Vq6kJx comp-m95vadh5 wixui-rich-text\" data-testid=\"richTextElement\"><h2 class=\"font_3 wixui-rich-text__text\">\u0427\u0442\u043e \u0434\u043e\u043b\u0436\u043d\u043e \u0431\u044b\u0442\u044c \u0432\u043a\u043b\u044e\u0447\u0435\u043d\u043e \u0432 \u0434\u043e\u043a\u0443\u043c\u0435\u043d\u0442 \u041f\u043e\u043b\u0438\u0442\u0438\u043a\u0438 \u043a\u043e\u043d\u0444\u0438\u0434\u0435\u043d\u0446\u0438\u0430\u043b\u044c\u043d\u043e\u0441\u0442\u0438<\/h2><\/div><div id=\"comp-m95vadhd\" class=\"Z_l5lU ku3DBC zQ9jDz qvSjx3 Vq6kJx comp-m95vadhd wixui-rich-text\" data-testid=\"richTextElement\"><p class=\"font_8 wixui-rich-text__text\">\u0412 \u0446\u0435\u043b\u043e\u043c, \u041f\u043e\u043b\u0438\u0442\u0438\u043a\u0430 \u043a\u043e\u043d\u0444\u0438\u0434\u0435\u043d\u0446\u0438\u0430\u043b\u044c\u043d\u043e\u0441\u0442\u0438 \u043e\u0431\u044b\u0447\u043d\u043e \u043e\u0445\u0432\u0430\u0442\u044b\u0432\u0430\u0435\u0442 \u0441\u043b\u0435\u0434\u0443\u044e\u0449\u0438\u0435 \u0442\u0438\u043f\u044b \u0432\u043e\u043f\u0440\u043e\u0441\u043e\u0432: \u0442\u0438\u043f\u044b \u0438\u043d\u0444\u043e\u0440\u043c\u0430\u0446\u0438\u0438, \u043a\u043e\u0442\u043e\u0440\u0443\u044e \u0441\u043e\u0431\u0438\u0440\u0430\u0435\u0442 \u0432\u0435\u0431-\u0441\u0430\u0439\u0442, \u0438 \u0441\u043f\u043e\u0441\u043e\u0431\u044b \u0441\u0431\u043e\u0440\u0430 \u044d\u0442\u0438\u0445 \u0434\u0430\u043d\u043d\u044b\u0445, \u043e\u0431\u044a\u044f\u0441\u043d\u0435\u043d\u0438\u0435 \u0442\u043e\u0433\u043e, \u043f\u043e\u0447\u0435\u043c\u0443 \u0432\u0435\u0431-\u0441\u0430\u0439\u0442 \u0441\u043e\u0431\u0438\u0440\u0430\u0435\u0442 \u044d\u0442\u043e\u0442 \u0442\u0438\u043f \u0438\u043d\u0444\u043e\u0440\u043c\u0430\u0446\u0438\u0438, \u043f\u0440\u0430\u043a\u0442\u0438\u043a\u0430 \u0432\u0435\u0431-\u0441\u0430\u0439\u0442\u0430 \u043f\u043e \u043e\u0431\u043c\u0435\u043d\u0443 \u0438\u043d\u0444\u043e\u0440\u043c\u0430\u0446\u0438\u0435\u0439 \u0441 \u0442\u0440\u0435\u0442\u044c\u0438\u043c\u0438 \u043b\u0438\u0446\u0430\u043c\u0438, \u0441\u043f\u043e\u0441\u043e\u0431\u044b, \u043a\u043e\u0442\u043e\u0440\u044b\u043c\u0438 \u0432\u0430\u0448\u0438 \u043f\u043e\u0441\u0435\u0442\u0438\u0442\u0435\u043b\u0438 \u0438 \u043a\u043b\u0438\u0435\u043d\u0442\u044b \u043c\u043e\u0433\u0443\u0442 \u043e\u0441\u0443\u0449\u0435\u0441\u0442\u0432\u043b\u044f\u0442\u044c \u0441\u0432\u043e\u0438 \u043f\u0440\u0430\u0432\u0430 \u0432 \u0441\u043e\u043e\u0442\u0432\u0435\u0442\u0441\u0442\u0432\u0438\u0438 \u0441 \u0434\u0435\u0439\u0441\u0442\u0432\u0443\u044e\u0449\u0438\u043c\u0438 \u0437\u0430\u043a\u043e\u043d\u0430\u043c\u0438 \u043e \u043a\u043e\u043d\u0444\u0438\u0434\u0435\u043d\u0446\u0438\u0430\u043b\u044c\u043d\u043e\u0441\u0442\u0438, \u043e\u0441\u043e\u0431\u044b\u0435 \u043f\u0440\u0430\u0432\u0438\u043b\u0430, \u0441\u0432\u044f\u0437\u0430\u043d\u043d\u044b\u0435 \u0441\u043e \u0441\u0431\u043e\u0440\u043e\u043c \u0434\u0430\u043d\u043d\u044b\u0445 \u043e\u0442 \u043d\u0435\u0441\u043e\u0432\u0435\u0440\u0448\u0435\u043d\u043d\u043e\u043b\u0435\u0442\u043d\u0438\u0445 \u0438 \u043c\u043d\u043e\u0433\u043e\u0435 \u0434\u0440\u0443\u0433\u043e\u0435.<\/p><p class=\"font_8 wixui-rich-text__text\"><br class=\"wixui-rich-text__text\" \/>\u0411\u043e\u043b\u0435\u0435 \u043f\u043e\u0434\u0440\u043e\u0431\u043d\u0443\u044e \u0438\u043d\u0444\u043e\u0440\u043c\u0430\u0446\u0438\u044e \u043c\u043e\u0436\u043d\u043e \u043d\u0430\u0439\u0442\u0438 \u0432 \u043d\u0430\u0448\u0435\u0439 \u0441\u0442\u0430\u0442\u044c\u0435\u00a0<span class=\"wixui-rich-text__text\"><a class=\"wixui-rich-text__text\" href=\"https:\/\/support.wix.com\/es\/article\/creando-una-pol%C3%ADtica-de-privacidad\" target=\"_blank\" rel=\"noreferrer noopener\">\u00ab\u041a\u0430\u043a \u0441\u043e\u0437\u0434\u0430\u0442\u044c \u043f\u043e\u043b\u0438\u0442\u0438\u043a\u0443 \u043a\u043e\u043d\u0444\u0438\u0434\u0435\u043d\u0446\u0438\u0430\u043b\u044c\u043d\u043e\u0441\u0442\u0438\u00bb<\/a><\/span>.<\/p><\/div>\t\t\t\t\t\t\t\t<\/div>\n\t\t\t\t\t<\/div>\n\t\t\t\t<\/div>\n\t\t\t\t<\/div>","protected":false},"excerpt":{"rendered":"<p>Aviso legal Las explicaciones e informaci\u00f3n proporcionadas en esta p\u00e1gina son solo explicaciones e informaci\u00f3n generales y a grandes rasgos sobre c\u00f3mo redactar tu propio documento de Pol\u00edtica de Privacidad. No debes considerar este art\u00edculo como asesoramiento legal o recomendaciones sobre lo que realmente debes hacer, porque no podemos saber de antemano cu\u00e1les son las [&hellip;]<\/p>\n","protected":false},"author":1,"featured_media":0,"parent":0,"menu_order":0,"comment_status":"closed","ping_status":"closed","template":"","meta":{"footnotes":""},"class_list":["post-188","page","type-page","status-publish","hentry"],"_hostinger_reach_plugin_has_subscription_block":false,"_hostinger_reach_plugin_is_elementor":false,"_links":{"self":[{"href":"https:\/\/tzeustress.com\/ru\/wp-json\/wp\/v2\/pages\/188","targetHints":{"allow":["GET"]}}],"collection":[{"href":"https:\/\/tzeustress.com\/ru\/wp-json\/wp\/v2\/pages"}],"about":[{"href":"https:\/\/tzeustress.com\/ru\/wp-json\/wp\/v2\/types\/page"}],"author":[{"embeddable":true,"href":"https:\/\/tzeustress.com\/ru\/wp-json\/wp\/v2\/users\/1"}],"replies":[{"embeddable":true,"href":"https:\/\/tzeustress.com\/ru\/wp-json\/wp\/v2\/comments?post=188"}],"version-history":[{"count":10,"href":"https:\/\/tzeustress.com\/ru\/wp-json\/wp\/v2\/pages\/188\/revisions"}],"predecessor-version":[{"id":225,"href":"https:\/\/tzeustress.com\/ru\/wp-json\/wp\/v2\/pages\/188\/revisions\/225"}],"wp:attachment":[{"href":"https:\/\/tzeustress.com\/ru\/wp-json\/wp\/v2\/media?parent=188"}],"curies":[{"name":"wp","href":"https:\/\/api.w.org\/{rel}","templated":true}]}}