{"id":221,"date":"2026-01-11T18:02:13","date_gmt":"2026-01-11T18:02:13","guid":{"rendered":"https:\/\/wordpress-1571069-6117386.cloudwaysapps.com\/?page_id=221"},"modified":"2026-01-11T18:05:10","modified_gmt":"2026-01-11T18:05:10","slug":"terminos-y-condiciones","status":"publish","type":"page","link":"https:\/\/tzeustress.com\/ru\/terminos-y-condiciones\/","title":{"rendered":"\u0423\u0441\u043b\u043e\u0432\u0438\u044f \u0438\u0441\u043f\u043e\u043b\u044c\u0437\u043e\u0432\u0430\u043d\u0438\u044f"},"content":{"rendered":"<div data-elementor-type=\"wp-page\" data-elementor-id=\"221\" class=\"elementor elementor-221\" data-elementor-post-type=\"page\">\n\t\t\t\t<div class=\"elementor-element elementor-element-94446c6 e-flex e-con-boxed e-con e-parent\" data-id=\"94446c6\" data-element_type=\"container\" data-e-type=\"container\" data-settings=\"{&quot;background_background&quot;:&quot;classic&quot;}\">\n\t\t\t\t\t<div class=\"e-con-inner\">\n\t\t\t\t<div class=\"elementor-element elementor-element-7f491c3 elementor-invisible elementor-widget elementor-widget-heading\" data-id=\"7f491c3\" data-element_type=\"widget\" data-e-type=\"widget\" data-settings=\"{&quot;_animation&quot;:&quot;fadeIn&quot;}\" data-widget_type=\"heading.default\">\n\t\t\t\t\t<h2 class=\"elementor-heading-title elementor-size-default\">\u0423\u0441\u043b\u043e\u0432\u0438\u044f \u0438\u0441\u043f\u043e\u043b\u044c\u0437\u043e\u0432\u0430\u043d\u0438\u044f<\/h2>\t\t\t\t<\/div>\n\t\t\t\t\t<\/div>\n\t\t\t\t<\/div>\n\t\t<div class=\"elementor-element elementor-element-a51b1d0 e-flex e-con-boxed e-con e-parent\" data-id=\"a51b1d0\" data-element_type=\"container\" data-e-type=\"container\">\n\t\t\t\t\t<div class=\"e-con-inner\">\n\t\t\t\t<div class=\"elementor-element elementor-element-d95bce4 elementor-widget elementor-widget-text-editor\" data-id=\"d95bce4\" data-element_type=\"widget\" data-e-type=\"widget\" data-widget_type=\"text-editor.default\">\n\t\t\t\t\t\t\t\t\t<div id=\"comp-m95vadg0\" class=\"Z_l5lU ku3DBC zQ9jDz qvSjx3 Vq6kJx comp-m95vadg0 wixui-rich-text\" data-testid=\"richTextElement\"><div id=\"comp-m95vae4z1\" class=\"Z_l5lU ku3DBC zQ9jDz qvSjx3 Vq6kJx comp-m95vae4z1 wixui-rich-text\" data-testid=\"richTextElement\"><h2 class=\"font_3 wixui-rich-text__text\">\u042e\u0440\u0438\u0434\u0438\u0447\u0435\u0441\u043a\u043e\u0435 \u0443\u0432\u0435\u0434\u043e\u043c\u043b\u0435\u043d\u0438\u0435<\/h2><\/div><div id=\"comp-m95vae551\" class=\"Z_l5lU ku3DBC zQ9jDz qvSjx3 Vq6kJx comp-m95vae551 wixui-rich-text\" data-testid=\"richTextElement\"><p class=\"font_8 wixui-rich-text__text\">\u041f\u043e\u044f\u0441\u043d\u0435\u043d\u0438\u044f \u0438 \u0438\u043d\u0444\u043e\u0440\u043c\u0430\u0446\u0438\u044f, \u043f\u0440\u0435\u0434\u0441\u0442\u0430\u0432\u043b\u0435\u043d\u043d\u044b\u0435 \u043d\u0430 \u044d\u0442\u043e\u0439 \u0441\u0442\u0440\u0430\u043d\u0438\u0446\u0435, \u043d\u043e\u0441\u044f\u0442 \u0438\u0441\u043a\u043b\u044e\u0447\u0438\u0442\u0435\u043b\u044c\u043d\u043e \u043e\u0431\u0449\u0438\u0439 \u0445\u0430\u0440\u0430\u043a\u0442\u0435\u0440 \u0438 \u0441\u043e\u0434\u0435\u0440\u0436\u0430\u0442 \u043e\u0431\u0449\u0438\u0435 \u043f\u043e\u044f\u0441\u043d\u0435\u043d\u0438\u044f \u0438 \u0438\u043d\u0444\u043e\u0440\u043c\u0430\u0446\u0438\u044e \u043e \u0442\u043e\u043c, \u043a\u0430\u043a \u0441\u043e\u0441\u0442\u0430\u0432\u0438\u0442\u044c \u0441\u043e\u0431\u0441\u0442\u0432\u0435\u043d\u043d\u044b\u0439 \u0434\u043e\u043a\u0443\u043c\u0435\u043d\u0442 \u00ab\u0423\u0441\u043b\u043e\u0432\u0438\u044f \u0438\u0441\u043f\u043e\u043b\u044c\u0437\u043e\u0432\u0430\u043d\u0438\u044f\u00bb. \u041d\u0435 \u0441\u043b\u0435\u0434\u0443\u0435\u0442 \u0440\u0430\u0441\u0441\u043c\u0430\u0442\u0440\u0438\u0432\u0430\u0442\u044c \u0434\u0430\u043d\u043d\u0443\u044e \u0441\u0442\u0430\u0442\u044c\u044e \u043a\u0430\u043a \u044e\u0440\u0438\u0434\u0438\u0447\u0435\u0441\u043a\u0438\u0439 \u0441\u043e\u0432\u0435\u0442 \u0438\u043b\u0438 \u0440\u0435\u043a\u043e\u043c\u0435\u043d\u0434\u0430\u0446\u0438\u044e \u043e \u0442\u043e\u043c, \u0447\u0442\u043e \u0432\u0430\u043c \u0441\u043b\u0435\u0434\u0443\u0435\u0442 \u0434\u0435\u043b\u0430\u0442\u044c \u043d\u0430 \u0441\u0430\u043c\u043e\u043c \u0434\u0435\u043b\u0435, \u043f\u043e\u0441\u043a\u043e\u043b\u044c\u043a\u0443 \u043c\u044b \u043d\u0435 \u043c\u043e\u0436\u0435\u043c \u0437\u0430\u0440\u0430\u043d\u0435\u0435 \u0437\u043d\u0430\u0442\u044c, \u043a\u0430\u043a\u0438\u0435 \u043a\u043e\u043d\u043a\u0440\u0435\u0442\u043d\u044b\u0435 \u0443\u0441\u043b\u043e\u0432\u0438\u044f \u0432\u044b \u0445\u043e\u0442\u0438\u0442\u0435 \u0443\u0441\u0442\u0430\u043d\u043e\u0432\u0438\u0442\u044c \u043c\u0435\u0436\u0434\u0443 \u0441\u0432\u043e\u0438\u043c \u0431\u0438\u0437\u043d\u0435\u0441\u043e\u043c \u0438 \u0432\u0430\u0448\u0438\u043c\u0438 \u043a\u043b\u0438\u0435\u043d\u0442\u0430\u043c\u0438 \u0438 \u043f\u043e\u0441\u0435\u0442\u0438\u0442\u0435\u043b\u044f\u043c\u0438. \u041c\u044b \u0440\u0435\u043a\u043e\u043c\u0435\u043d\u0434\u0443\u0435\u043c \u0432\u0430\u043c \u043e\u0431\u0440\u0430\u0442\u0438\u0442\u044c\u0441\u044f \u0437\u0430 \u044e\u0440\u0438\u0434\u0438\u0447\u0435\u0441\u043a\u043e\u0439 \u043a\u043e\u043d\u0441\u0443\u043b\u044c\u0442\u0430\u0446\u0438\u0435\u0439, \u0447\u0442\u043e\u0431\u044b \u043f\u043e\u043d\u044f\u0442\u044c \u0438 \u0440\u0430\u0437\u0440\u0430\u0431\u043e\u0442\u0430\u0442\u044c \u0441\u043e\u0431\u0441\u0442\u0432\u0435\u043d\u043d\u044b\u0435 \u0423\u0441\u043b\u043e\u0432\u0438\u044f.<\/p><\/div><div id=\"comp-m95vae5b1\" class=\"Z_l5lU ku3DBC zQ9jDz qvSjx3 Vq6kJx comp-m95vae5b1 wixui-rich-text\" data-testid=\"richTextElement\"><h2 class=\"font_3 wixui-rich-text__text\">\u0423\u0441\u043b\u043e\u0432\u0438\u044f \u0438 \u043f\u043e\u043b\u043e\u0436\u0435\u043d\u0438\u044f: \u041e\u0441\u043d\u043e\u0432\u044b<\/h2><\/div><div id=\"comp-m95vae5h\" class=\"Z_l5lU ku3DBC zQ9jDz qvSjx3 Vq6kJx comp-m95vae5h wixui-rich-text\" data-testid=\"richTextElement\"><p class=\"font_8 wixui-rich-text__text\">\u041f\u0440\u0438 \u044d\u0442\u043e\u043c \u0423\u0441\u043b\u043e\u0432\u0438\u044f \u0438 \u043f\u043e\u043b\u043e\u0436\u0435\u043d\u0438\u044f (\u00ab\u0423&amp;\u041f\u00bb) \u043f\u0440\u0435\u0434\u0441\u0442\u0430\u0432\u043b\u044f\u044e\u0442 \u0441\u043e\u0431\u043e\u0439 \u043d\u0430\u0431\u043e\u0440 \u044e\u0440\u0438\u0434\u0438\u0447\u0435\u0441\u043a\u0438 \u043e\u0431\u044f\u0437\u0430\u0442\u0435\u043b\u044c\u043d\u044b\u0445 \u0443\u0441\u043b\u043e\u0432\u0438\u0439, \u043e\u043f\u0440\u0435\u0434\u0435\u043b\u0435\u043d\u043d\u044b\u0445 \u0432\u0430\u043c\u0438 \u043a\u0430\u043a \u0432\u043b\u0430\u0434\u0435\u043b\u044c\u0446\u0435\u043c \u0434\u0430\u043d\u043d\u043e\u0433\u043e \u0432\u0435\u0431-\u0441\u0430\u0439\u0442\u0430. \u0423\u0441\u043b\u043e\u0432\u0438\u044f \u0443\u0441\u0442\u0430\u043d\u0430\u0432\u043b\u0438\u0432\u0430\u044e\u0442 \u043f\u0440\u0430\u0432\u043e\u0432\u044b\u0435 \u043e\u0433\u0440\u0430\u043d\u0438\u0447\u0435\u043d\u0438\u044f, \u0440\u0435\u0433\u0443\u043b\u0438\u0440\u0443\u044e\u0449\u0438\u0435 \u0434\u0435\u0439\u0441\u0442\u0432\u0438\u044f \u043f\u043e\u0441\u0435\u0442\u0438\u0442\u0435\u043b\u0435\u0439 \u0432\u0435\u0431-\u0441\u0430\u0439\u0442\u0430 \u0438\u043b\u0438 \u0432\u0430\u0448\u0438\u0445 \u043a\u043b\u0438\u0435\u043d\u0442\u043e\u0432 \u043f\u0440\u0438 \u043f\u043e\u0441\u0435\u0449\u0435\u043d\u0438\u0438 \u0438\u043b\u0438 \u0443\u0447\u0430\u0441\u0442\u0438\u0438 \u0432 \u0440\u0430\u0431\u043e\u0442\u0435 \u0434\u0430\u043d\u043d\u043e\u0433\u043e \u0432\u0435\u0431-\u0441\u0430\u0439\u0442\u0430. \u041d\u0430\u0441\u0442\u043e\u044f\u0449\u0438\u0435 \u0423\u0441\u043b\u043e\u0432\u0438\u044f \u0438 \u043f\u043e\u043b\u043e\u0436\u0435\u043d\u0438\u044f \u043f\u0440\u0435\u0434\u043d\u0430\u0437\u043d\u0430\u0447\u0435\u043d\u044b \u0434\u043b\u044f \u0443\u0441\u0442\u0430\u043d\u043e\u0432\u043b\u0435\u043d\u0438\u044f \u043f\u0440\u0430\u0432\u043e\u0432\u044b\u0445 \u043e\u0442\u043d\u043e\u0448\u0435\u043d\u0438\u0439 \u043c\u0435\u0436\u0434\u0443 \u043f\u043e\u0441\u0435\u0442\u0438\u0442\u0435\u043b\u044f\u043c\u0438 \u0441\u0430\u0439\u0442\u0430 \u0438 \u0432\u0430\u043c\u0438 \u043a\u0430\u043a \u0432\u043b\u0430\u0434\u0435\u043b\u044c\u0446\u0435\u043c \u0441\u0430\u0439\u0442\u0430.<\/p><\/div><div id=\"comp-m95vae5n\" class=\"Z_l5lU ku3DBC zQ9jDz qvSjx3 Vq6kJx comp-m95vae5n wixui-rich-text\" data-testid=\"richTextElement\"><p class=\"font_8 wixui-rich-text__text\">\u0423\u0441\u043b\u043e\u0432\u0438\u044f \u0438 \u043f\u043e\u043b\u043e\u0436\u0435\u043d\u0438\u044f \u0434\u043e\u043b\u0436\u043d\u044b \u043e\u043f\u0440\u0435\u0434\u0435\u043b\u044f\u0442\u044c\u0441\u044f \u0432 \u0441\u043e\u043e\u0442\u0432\u0435\u0442\u0441\u0442\u0432\u0438\u0438 \u0441 \u043a\u043e\u043d\u043a\u0440\u0435\u0442\u043d\u044b\u043c\u0438 \u043f\u043e\u0442\u0440\u0435\u0431\u043d\u043e\u0441\u0442\u044f\u043c\u0438 \u0438 \u0445\u0430\u0440\u0430\u043a\u0442\u0435\u0440\u043e\u043c \u043a\u0430\u0436\u0434\u043e\u0433\u043e \u0432\u0435\u0431-\u0441\u0430\u0439\u0442\u0430. \u041d\u0430\u043f\u0440\u0438\u043c\u0435\u0440, \u0432\u0435\u0431-\u0441\u0430\u0439\u0442, \u043f\u0440\u0435\u0434\u043b\u0430\u0433\u0430\u044e\u0449\u0438\u0439 \u043a\u043b\u0438\u0435\u043d\u0442\u0430\u043c \u043f\u0440\u043e\u0434\u0443\u043a\u0446\u0438\u044e \u0432 \u0440\u0430\u043c\u043a\u0430\u0445 \u0442\u0440\u0430\u043d\u0437\u0430\u043a\u0446\u0438\u0439 \u044d\u043b\u0435\u043a\u0442\u0440\u043e\u043d\u043d\u043e\u0439 \u043a\u043e\u043c\u043c\u0435\u0440\u0446\u0438\u0438, \u0442\u0440\u0435\u0431\u0443\u0435\u0442 \u0438\u043d\u044b\u0445 \u043f\u043e\u043b\u043e\u0436\u0435\u043d\u0438\u0439 \u0438 \u0443\u0441\u043b\u043e\u0432\u0438\u0439, \u0447\u0435\u043c \u0432\u0435\u0431-\u0441\u0430\u0439\u0442, \u043f\u0440\u0435\u0434\u043e\u0441\u0442\u0430\u0432\u043b\u044f\u044e\u0449\u0438\u0439 \u0442\u043e\u043b\u044c\u043a\u043e \u0438\u043d\u0444\u043e\u0440\u043c\u0430\u0446\u0438\u044e (\u043d\u0430\u043f\u0440\u0438\u043c\u0435\u0440, \u0431\u043b\u043e\u0433, \u0434\u043e\u043c\u0430\u0448\u043d\u044f\u044f \u0441\u0442\u0440\u0430\u043d\u0438\u0446\u0430 \u0438 \u0442. \u0434.).<\/p><\/div><div id=\"comp-m95vae5t\" class=\"Z_l5lU ku3DBC zQ9jDz qvSjx3 Vq6kJx comp-m95vae5t wixui-rich-text\" data-testid=\"richTextElement\"><p class=\"font_8 wixui-rich-text__text\">\u0423\u0441\u043b\u043e\u0432\u0438\u044f \u0438 \u043f\u043e\u043b\u043e\u0436\u0435\u043d\u0438\u044f \u043f\u0440\u0435\u0434\u043e\u0441\u0442\u0430\u0432\u043b\u044f\u044e\u0442 \u0432\u0430\u043c, \u043a\u0430\u043a \u0432\u043b\u0430\u0434\u0435\u043b\u044c\u0446\u0443 \u0432\u0435\u0431-\u0441\u0430\u0439\u0442\u0430, \u0432\u043e\u0437\u043c\u043e\u0436\u043d\u043e\u0441\u0442\u044c \u0437\u0430\u0449\u0438\u0442\u0438\u0442\u044c \u0441\u0435\u0431\u044f \u043e\u0442 \u044e\u0440\u0438\u0434\u0438\u0447\u0435\u0441\u043a\u043e\u0439 \u043e\u0442\u0432\u0435\u0442\u0441\u0442\u0432\u0435\u043d\u043d\u043e\u0441\u0442\u0438, \u043d\u043e \u044d\u0442\u043e \u043c\u043e\u0436\u0435\u0442 \u043e\u0442\u043b\u0438\u0447\u0430\u0442\u044c\u0441\u044f \u0432 \u0437\u0430\u0432\u0438\u0441\u0438\u043c\u043e\u0441\u0442\u0438 \u043e\u0442 \u044e\u0440\u0438\u0441\u0434\u0438\u043a\u0446\u0438\u0438, \u043f\u043e\u044d\u0442\u043e\u043c\u0443 \u043e\u0431\u044f\u0437\u0430\u0442\u0435\u043b\u044c\u043d\u043e \u043e\u0431\u0440\u0430\u0442\u0438\u0442\u0435\u0441\u044c \u0437\u0430 \u043c\u0435\u0441\u0442\u043d\u043e\u0439 \u044e\u0440\u0438\u0434\u0438\u0447\u0435\u0441\u043a\u043e\u0439 \u043a\u043e\u043d\u0441\u0443\u043b\u044c\u0442\u0430\u0446\u0438\u0435\u0439, \u0435\u0441\u043b\u0438 \u0432\u044b \u043f\u044b\u0442\u0430\u0435\u0442\u0435\u0441\u044c \u0437\u0430\u0449\u0438\u0442\u0438\u0442\u044c \u0441\u0435\u0431\u044f \u043e\u0442 \u044e\u0440\u0438\u0434\u0438\u0447\u0435\u0441\u043a\u043e\u0439 \u043e\u0442\u0432\u0435\u0442\u0441\u0442\u0432\u0435\u043d\u043d\u043e\u0441\u0442\u0438.<\/p><\/div><div id=\"comp-m95vae5z\" class=\"Z_l5lU ku3DBC zQ9jDz qvSjx3 Vq6kJx comp-m95vae5z wixui-rich-text\" data-testid=\"richTextElement\"><h2 class=\"font_3 wixui-rich-text__text\">\u0427\u0442\u043e \u0434\u043e\u043b\u0436\u043d\u043e \u0431\u044b\u0442\u044c \u0432\u043a\u043b\u044e\u0447\u0435\u043d\u043e \u0432 \u0434\u043e\u043a\u0443\u043c\u0435\u043d\u0442 \u00ab\u0423\u0441\u043b\u043e\u0432\u0438\u044f \u0438 \u043f\u043e\u043b\u043e\u0436\u0435\u043d\u0438\u044f\u00bb<\/h2><\/div><div id=\"comp-m95vae65\" class=\"Z_l5lU ku3DBC zQ9jDz qvSjx3 Vq6kJx comp-m95vae65 wixui-rich-text\" data-testid=\"richTextElement\"><p class=\"font_8 wixui-rich-text__text\">\u0412 \u0446\u0435\u043b\u043e\u043c, \u043f\u043e\u043b\u043e\u0436\u0435\u043d\u0438\u044f \u0438 \u0443\u0441\u043b\u043e\u0432\u0438\u044f \u043e\u0431\u044b\u0447\u043d\u043e \u043e\u0445\u0432\u0430\u0442\u044b\u0432\u0430\u044e\u0442 \u0441\u043b\u0435\u0434\u0443\u044e\u0449\u0438\u0435 \u0442\u0438\u043f\u044b \u0432\u043e\u043f\u0440\u043e\u0441\u043e\u0432: \u043a\u0442\u043e \u0438\u043c\u0435\u0435\u0442 \u043f\u0440\u0430\u0432\u043e \u0438\u0441\u043f\u043e\u043b\u044c\u0437\u043e\u0432\u0430\u0442\u044c \u0432\u0435\u0431-\u0441\u0430\u0439\u0442, \u0432\u043e\u0437\u043c\u043e\u0436\u043d\u044b\u0435 \u0441\u043f\u043e\u0441\u043e\u0431\u044b \u043e\u043f\u043b\u0430\u0442\u044b, \u0437\u0430\u044f\u0432\u043b\u0435\u043d\u0438\u0435 \u043e \u0442\u043e\u043c, \u0447\u0442\u043e \u0432\u043b\u0430\u0434\u0435\u043b\u0435\u0446 \u0432\u0435\u0431-\u0441\u0430\u0439\u0442\u0430 \u043c\u043e\u0436\u0435\u0442 \u0438\u0437\u043c\u0435\u043d\u0438\u0442\u044c \u0441\u0432\u043e\u0435 \u043f\u0440\u0435\u0434\u043b\u043e\u0436\u0435\u043d\u0438\u0435 \u0432 \u0431\u0443\u0434\u0443\u0449\u0435\u043c, \u0442\u0438\u043f\u044b \u0433\u0430\u0440\u0430\u043d\u0442\u0438\u0439, \u043a\u043e\u0442\u043e\u0440\u044b\u0435 \u0432\u043b\u0430\u0434\u0435\u043b\u0435\u0446 \u0432\u0435\u0431-\u0441\u0430\u0439\u0442\u0430 \u043f\u0440\u0435\u0434\u043b\u0430\u0433\u0430\u0435\u0442 \u0441\u0432\u043e\u0438\u043c \u043a\u043b\u0438\u0435\u043d\u0442\u0430\u043c, \u0441\u0441\u044b\u043b\u043a\u0430 \u043d\u0430 \u0432\u043e\u043f\u0440\u043e\u0441\u044b \u0438\u043d\u0442\u0435\u043b\u043b\u0435\u043a\u0442\u0443\u0430\u043b\u044c\u043d\u043e\u0439 \u0441\u043e\u0431\u0441\u0442\u0432\u0435\u043d\u043d\u043e\u0441\u0442\u0438 \u0438\u043b\u0438 \u0430\u0432\u0442\u043e\u0440\u0441\u043a\u0438\u0445 \u043f\u0440\u0430\u0432 (\u0435\u0441\u043b\u0438 \u043f\u0440\u0438\u043c\u0435\u043d\u0438\u043c\u043e), \u043f\u0440\u0430\u0432\u043e \u0432\u043b\u0430\u0434\u0435\u043b\u044c\u0446\u0430 \u0432\u0435\u0431-\u0441\u0430\u0439\u0442\u0430 \u043f\u0440\u0438\u043e\u0441\u0442\u0430\u043d\u0430\u0432\u043b\u0438\u0432\u0430\u0442\u044c \u0438\u043b\u0438 \u043f\u0440\u0435\u043a\u0440\u0430\u0449\u0430\u0442\u044c \u0434\u0435\u0439\u0441\u0442\u0432\u0438\u0435 \u0443\u0447\u0435\u0442\u043d\u043e\u0439 \u0437\u0430\u043f\u0438\u0441\u0438 \u0443\u0447\u0430\u0441\u0442\u043d\u0438\u043a\u0430 \u0438 \u043c\u043d\u043e\u0433\u043e\u0435 \u0434\u0440\u0443\u0433\u043e\u0435.\u00a0<\/p><p class=\"font_8 wixui-rich-text__text\">\u00a0<\/p><p class=\"font_8 wixui-rich-text__text\">\u0411\u043e\u043b\u0435\u0435 \u043f\u043e\u0434\u0440\u043e\u0431\u043d\u0443\u044e \u0438\u043d\u0444\u043e\u0440\u043c\u0430\u0446\u0438\u044e \u043c\u043e\u0436\u043d\u043e \u043d\u0430\u0439\u0442\u0438 \u0432 \u043d\u0430\u0448\u0435\u0439 \u0441\u0442\u0430\u0442\u044c\u0435\u00a0<span class=\"wixui-rich-text__text\"><a class=\"wixui-rich-text__text\" href=\"https:\/\/support.wix.com\/es\/article\/crear-una-pol%C3%ADtica-de-t%C3%A9rminos-y-condiciones\" target=\"_blank\" rel=\"noreferrer noopener\">\u00ab\u041a\u0430\u043a \u0441\u043e\u0437\u0434\u0430\u0442\u044c \u043f\u043e\u043b\u0438\u0442\u0438\u043a\u0443 \u043f\u043e\u043b\u043e\u0436\u0435\u043d\u0438\u0439 \u0438 \u0443\u0441\u043b\u043e\u0432\u0438\u0439\u00bb<\/a><\/span>.<\/p><\/div><\/div>\t\t\t\t\t\t\t\t<\/div>\n\t\t\t\t\t<\/div>\n\t\t\t\t<\/div>\n\t\t\t\t<\/div>","protected":false},"excerpt":{"rendered":"<p>Aviso legal Las explicaciones e informaci\u00f3n proporcionadas en esta p\u00e1gina son solo explicaciones e informaci\u00f3n generales y a grandes rasgos sobre c\u00f3mo redactar tu propio documento de T\u00e9rminos y Condiciones. No debes considerar este art\u00edculo como asesoramiento legal o recomendaciones sobre lo que realmente debes hacer, porque no podemos saber de antemano cu\u00e1les son los [&hellip;]<\/p>\n","protected":false},"author":1,"featured_media":0,"parent":0,"menu_order":0,"comment_status":"closed","ping_status":"closed","template":"","meta":{"footnotes":""},"class_list":["post-221","page","type-page","status-publish","hentry"],"_hostinger_reach_plugin_has_subscription_block":false,"_hostinger_reach_plugin_is_elementor":false,"_links":{"self":[{"href":"https:\/\/tzeustress.com\/ru\/wp-json\/wp\/v2\/pages\/221","targetHints":{"allow":["GET"]}}],"collection":[{"href":"https:\/\/tzeustress.com\/ru\/wp-json\/wp\/v2\/pages"}],"about":[{"href":"https:\/\/tzeustress.com\/ru\/wp-json\/wp\/v2\/types\/page"}],"author":[{"embeddable":true,"href":"https:\/\/tzeustress.com\/ru\/wp-json\/wp\/v2\/users\/1"}],"replies":[{"embeddable":true,"href":"https:\/\/tzeustress.com\/ru\/wp-json\/wp\/v2\/comments?post=221"}],"version-history":[{"count":5,"href":"https:\/\/tzeustress.com\/ru\/wp-json\/wp\/v2\/pages\/221\/revisions"}],"predecessor-version":[{"id":230,"href":"https:\/\/tzeustress.com\/ru\/wp-json\/wp\/v2\/pages\/221\/revisions\/230"}],"wp:attachment":[{"href":"https:\/\/tzeustress.com\/ru\/wp-json\/wp\/v2\/media?parent=221"}],"curies":[{"name":"wp","href":"https:\/\/api.w.org\/{rel}","templated":true}]}}