{"id":281,"date":"2026-01-12T15:45:54","date_gmt":"2026-01-12T15:45:54","guid":{"rendered":"https:\/\/wordpress-1571069-6117386.cloudwaysapps.com\/?page_id=281"},"modified":"2026-04-09T19:26:10","modified_gmt":"2026-04-09T19:26:10","slug":"programa-neuro-anti-aging","status":"publish","type":"page","link":"https:\/\/tzeustress.com\/ru\/programa-neuro-anti-aging\/","title":{"rendered":"\u041f\u0440\u043e\u0433\u0440\u0430\u043c\u043c\u0430 Neuro Anti-Aging"},"content":{"rendered":"<div data-elementor-type=\"wp-page\" data-elementor-id=\"281\" class=\"elementor elementor-281\" data-elementor-post-type=\"page\">\n\t\t\t\t<div class=\"elementor-element elementor-element-8bc6132 e-flex e-con-boxed e-con e-parent\" data-id=\"8bc6132\" data-element_type=\"container\" data-e-type=\"container\" data-settings=\"{&quot;background_background&quot;:&quot;classic&quot;}\">\n\t\t\t\t\t<div class=\"e-con-inner\">\n\t\t\t\t<div class=\"elementor-element elementor-element-bccde52 elementor-invisible elementor-widget elementor-widget-heading\" data-id=\"bccde52\" data-element_type=\"widget\" data-e-type=\"widget\" data-settings=\"{&quot;_animation&quot;:&quot;fadeIn&quot;}\" data-widget_type=\"heading.default\">\n\t\t\t\t\t<h2 class=\"elementor-heading-title elementor-size-default\">\u041f\u0440\u043e\u0433\u0440\u0430\u043c\u043c\u0430 Neuro Anti-Aging<\/h2>\t\t\t\t<\/div>\n\t\t\t\t\t<\/div>\n\t\t\t\t<\/div>\n\t\t<div class=\"elementor-element elementor-element-54daf4a e-flex e-con-boxed e-con e-parent\" data-id=\"54daf4a\" data-element_type=\"container\" data-e-type=\"container\">\n\t\t\t\t\t<div class=\"e-con-inner\">\n\t\t<div class=\"elementor-element elementor-element-5dd8718 e-con-full e-flex e-con e-child\" data-id=\"5dd8718\" data-element_type=\"container\" data-e-type=\"container\" data-settings=\"{&quot;animation&quot;:&quot;none&quot;}\">\n\t\t\t\t<div class=\"elementor-element elementor-element-8f50a8f elementor-widget elementor-widget-heading\" data-id=\"8f50a8f\" data-element_type=\"widget\" data-e-type=\"widget\" data-widget_type=\"heading.default\">\n\t\t\t\t\t<h2 class=\"elementor-heading-title elementor-size-default\">\u041f\u0440\u043e\u0434\u0432\u0438\u043d\u0443\u0442\u0430\u044f \u043d\u0435\u0439\u0440\u043e\u043f\u0441\u0438\u0445\u043e\u043b\u043e\u0433\u0438\u0447\u0435\u0441\u043a\u0430\u044f \u0438\u043d\u0442\u0435\u0440\u0432\u0435\u043d\u0446\u0438\u044f \u0434\u043b\u044f \u0437\u0430\u043c\u0435\u0434\u043b\u0435\u043d\u0438\u044f \u043f\u0440\u0435\u0436\u0434\u0435\u0432\u0440\u0435\u043c\u0435\u043d\u043d\u043e\u0433\u043e \u0441\u0442\u0430\u0440\u0435\u043d\u0438\u044f \u043c\u043e\u0437\u0433\u0430<\/h2>\t\t\t\t<\/div>\n\t\t\t\t<div class=\"elementor-element elementor-element-048fd21 elementor-widget elementor-widget-text-editor\" data-id=\"048fd21\" data-element_type=\"widget\" data-e-type=\"widget\" data-widget_type=\"text-editor.default\">\n\t\t\t\t\t\t\t\t\t<p>\u042d\u043a\u0441\u043a\u043b\u044e\u0437\u0438\u0432\u043d\u0430\u044f \u043f\u0440\u043e\u0433\u0440\u0430\u043c\u043c\u0430, \u0440\u0430\u0437\u0440\u0430\u0431\u043e\u0442\u0430\u043d\u043d\u0430\u044f \u0434\u043b\u044f \u0437\u0430\u0449\u0438\u0442\u044b \u0438 \u043e\u043f\u0442\u0438\u043c\u0438\u0437\u0430\u0446\u0438\u0438 \u0437\u0434\u043e\u0440\u043e\u0432\u044c\u044f \u043c\u043e\u0437\u0433\u0430 \u043d\u0430 \u0444\u043e\u043d\u0435 \u0445\u0440\u043e\u043d\u0438\u0447\u0435\u0441\u043a\u043e\u0433\u043e \u0441\u0442\u0440\u0435\u0441\u0441\u0430, \u043a\u043e\u0433\u043d\u0438\u0442\u0438\u0432\u043d\u043e\u0439 \u043f\u0435\u0440\u0435\u0433\u0440\u0443\u0437\u043a\u0438 \u0438 \u044d\u043c\u043e\u0446\u0438\u043e\u043d\u0430\u043b\u044c\u043d\u043e\u0433\u043e \u0438\u0441\u0442\u043e\u0449\u0435\u043d\u0438\u044f.<br data-start=\"3947\" data-end=\"3950\" \/>\u0421\u043e\u0447\u0435\u0442\u0430\u0435\u0442 \u043d\u0435\u0438\u043d\u0432\u0430\u0437\u0438\u0432\u043d\u0443\u044e \u043d\u0435\u0439\u0440\u043e\u043c\u043e\u0434\u0443\u043b\u044f\u0446\u0438\u044e, \u043f\u0441\u0438\u0445\u043e\u043e\u0431\u0440\u0430\u0437\u043e\u0432\u0430\u043d\u0438\u0435 \u0438 \u043f\u0440\u043e\u0434\u0432\u0438\u043d\u0443\u0442\u0443\u044e \u043f\u0441\u0438\u0445\u043e\u0442\u0435\u0440\u0430\u043f\u0438\u044e \u0434\u043b\u044f \u0443\u043b\u0443\u0447\u0448\u0435\u043d\u0438\u044f \u0443\u043c\u0441\u0442\u0432\u0435\u043d\u043d\u043e\u0439 \u0440\u0430\u0431\u043e\u0442\u043e\u0441\u043f\u043e\u0441\u043e\u0431\u043d\u043e\u0441\u0442\u0438 \u0438 \u044d\u043c\u043e\u0446\u0438\u043e\u043d\u0430\u043b\u044c\u043d\u043e\u0433\u043e \u0431\u0430\u043b\u0430\u043d\u0441\u0430.<\/p>\t\t\t\t\t\t\t\t<\/div>\n\t\t\t\t<div class=\"elementor-element elementor-element-062538e elementor-widget elementor-widget-button\" data-id=\"062538e\" data-element_type=\"widget\" data-e-type=\"widget\" data-widget_type=\"button.default\">\n\t\t\t\t\t\t\t\t\t\t<a class=\"elementor-button elementor-button-link elementor-size-sm\" href=\"https:\/\/tzeustress.com\/ru\/book-online\/\">\n\t\t\t\t\t\t<span class=\"elementor-button-content-wrapper\">\n\t\t\t\t\t\t<span class=\"elementor-button-icon\">\n\t\t\t\t<svg aria-hidden=\"true\" class=\"e-font-icon-svg e-fas-long-arrow-alt-right\" viewbox=\"0 0 448 512\" xmlns=\"http:\/\/www.w3.org\/2000\/svg\"><path d=\"M313.941 216H12c-6.627 0-12 5.373-12 12v56c0 6.627 5.373 12 12 12h301.941v46.059c0 21.382 25.851 32.09 40.971 16.971l86.059-86.059c9.373-9.373 9.373-24.569 0-33.941l-86.059-86.059c-15.119-15.119-40.971-4.411-40.971 16.971V216z\"><\/path><\/svg>\t\t\t<\/span>\n\t\t\t\t\t\t\t\t\t<span class=\"elementor-button-text\">\u0417\u0430\u0431\u0440\u043e\u043d\u0438\u0440\u043e\u0432\u0430\u0442\u044c \u0441\u0435\u0439\u0447\u0430\u0441<\/span>\n\t\t\t\t\t<\/span>\n\t\t\t\t\t<\/a>\n\t\t\t\t\t\t\t\t<\/div>\n\t\t\t\t<\/div>\n\t\t<div class=\"elementor-element elementor-element-be17375 e-con-full e-flex e-con e-child\" data-id=\"be17375\" data-element_type=\"container\" data-e-type=\"container\">\n\t\t\t\t<div class=\"elementor-element elementor-element-9f7c583 elementor-invisible elementor-widget elementor-widget-image\" data-id=\"9f7c583\" data-element_type=\"widget\" data-e-type=\"widget\" data-settings=\"{&quot;_animation&quot;:&quot;fadeInRight&quot;}\" data-widget_type=\"image.default\">\n\t\t\t\t\t\t\t\t\t\t\t\t\t\t\t<img fetchpriority=\"high\" decoding=\"async\" width=\"390\" height=\"261\" src=\"https:\/\/tzeustress.com\/wp-content\/uploads\/2026\/01\/229d5d_0574eb2afc134d5d911b809af82e0429mv2.avif\" class=\"attachment-full size-full wp-image-122\" alt=\"\" srcset=\"https:\/\/tzeustress.com\/wp-content\/uploads\/2026\/01\/229d5d_0574eb2afc134d5d911b809af82e0429mv2.avif 390w, https:\/\/tzeustress.com\/wp-content\/uploads\/2026\/01\/229d5d_0574eb2afc134d5d911b809af82e0429mv2-300x201.jpg 300w\" sizes=\"(max-width: 390px) 100vw, 390px\" \/>\t\t\t\t\t\t\t\t\t\t\t\t\t\t\t<\/div>\n\t\t\t\t<\/div>\n\t\t\t\t\t<\/div>\n\t\t\t\t<\/div>\n\t\t<div class=\"elementor-element elementor-element-c55fa90 e-flex e-con-boxed elementor-invisible e-con e-parent\" data-id=\"c55fa90\" data-element_type=\"container\" data-e-type=\"container\" data-settings=\"{&quot;animation&quot;:&quot;fadeInUp&quot;}\">\n\t\t\t\t\t<div class=\"e-con-inner\">\n\t\t<div class=\"elementor-element elementor-element-d565aff e-con-full e-flex e-con e-child\" data-id=\"d565aff\" data-element_type=\"container\" data-e-type=\"container\">\n\t\t\t\t<div class=\"elementor-element elementor-element-19ec7f0 elementor-widget elementor-widget-heading\" data-id=\"19ec7f0\" data-element_type=\"widget\" data-e-type=\"widget\" data-widget_type=\"heading.default\">\n\t\t\t\t\t<h2 class=\"elementor-heading-title elementor-size-default\">\u041e\u0441\u043d\u043e\u0432\u043d\u044b\u0435 \u044d\u0444\u0444\u0435\u043a\u0442\u044b:<\/h2>\t\t\t\t<\/div>\n\t\t\t\t<div class=\"elementor-element elementor-element-139bd64 elementor-widget elementor-widget-text-editor\" data-id=\"139bd64\" data-element_type=\"widget\" data-e-type=\"widget\" data-widget_type=\"text-editor.default\">\n\t\t\t\t\t\t\t\t\t<ul><li>\u0443\u043b\u0443\u0447\u0448\u0435\u043d\u0438\u0435 \u043f\u0430\u043c\u044f\u0442\u0438 \u0438 \u0441\u043f\u043e\u0441\u043e\u0431\u043d\u043e\u0441\u0442\u0438 \u043a \u043e\u0431\u0443\u0447\u0435\u043d\u0438\u044e<\/li><li>\u043f\u043e\u0432\u044b\u0448\u0435\u043d\u0438\u0435 \u043a\u043e\u043d\u0446\u0435\u043d\u0442\u0440\u0430\u0446\u0438\u0438 \u0438 \u044f\u0441\u043d\u043e\u0441\u0442\u0438 \u043c\u044b\u0448\u043b\u0435\u043d\u0438\u044f<\/li><li>\u0440\u0435\u0433\u0443\u043b\u044f\u0446\u0438\u044f \u043d\u0430\u0441\u0442\u0440\u043e\u0435\u043d\u0438\u044f \u0438 \u0440\u0430\u0431\u043e\u0442\u044b \u043d\u0435\u0440\u0432\u043d\u043e\u0439 \u0441\u0438\u0441\u0442\u0435\u043c\u044b<\/li><li>\u0443\u043b\u0443\u0447\u0448\u0435\u043d\u0438\u0435 \u0441\u043d\u0430 \u0438 \u043c\u0435\u043d\u0442\u0430\u043b\u044c\u043d\u043e\u0439 \u044d\u043d\u0435\u0440\u0433\u0438\u0438<\/li><li>\u043f\u0440\u043e\u0444\u0438\u043b\u0430\u043a\u0442\u0438\u043a\u0430 \u043a\u043e\u0433\u043d\u0438\u0442\u0438\u0432\u043d\u043e\u0433\u043e \u0441\u043d\u0438\u0436\u0435\u043d\u0438\u044f, \u0441\u0432\u044f\u0437\u0430\u043d\u043d\u043e\u0433\u043e \u0441 \u0434\u043b\u0438\u0442\u0435\u043b\u044c\u043d\u044b\u043c \u0441\u0442\u0440\u0435\u0441\u0441\u043e\u043c<\/li><\/ul>\t\t\t\t\t\t\t\t<\/div>\n\t\t\t\t<\/div>\n\t\t<div class=\"elementor-element elementor-element-e7c324d e-con-full e-flex e-con e-child\" data-id=\"e7c324d\" data-element_type=\"container\" data-e-type=\"container\">\n\t\t\t\t<div class=\"elementor-element elementor-element-0de1be4 elementor-widget elementor-widget-heading\" data-id=\"0de1be4\" data-element_type=\"widget\" data-e-type=\"widget\" data-widget_type=\"heading.default\">\n\t\t\t\t\t<h2 class=\"elementor-heading-title elementor-size-default\">\u041f\u043e\u0434\u0445\u043e\u0434\u0438\u0442 \u0434\u043b\u044f:<\/h2>\t\t\t\t<\/div>\n\t\t\t\t<div class=\"elementor-element elementor-element-cc25fcc elementor-widget elementor-widget-text-editor\" data-id=\"cc25fcc\" data-element_type=\"widget\" data-e-type=\"widget\" data-widget_type=\"text-editor.default\">\n\t\t\t\t\t\t\t\t\t<ul><li>\u043b\u044e\u0434\u0435\u0439 \u0441 \u0432\u044b\u0441\u043e\u043a\u043e\u0439 \u0438\u043d\u0442\u0435\u043b\u043b\u0435\u043a\u0442\u0443\u0430\u043b\u044c\u043d\u043e\u0439 \u0438\u043b\u0438 \u043f\u0440\u043e\u0444\u0435\u0441\u0441\u0438\u043e\u043d\u0430\u043b\u044c\u043d\u043e\u0439 \u043d\u0430\u0433\u0440\u0443\u0437\u043a\u043e\u0439<\/li><li>\u0445\u0440\u043e\u043d\u0438\u0447\u0435\u0441\u043a\u043e\u0433\u043e \u0441\u0442\u0440\u0435\u0441\u0441\u0430, \u0443\u043c\u0441\u0442\u0432\u0435\u043d\u043d\u043e\u0439 \u0443\u0441\u0442\u0430\u043b\u043e\u0441\u0442\u0438 \u0438 \u044d\u043c\u043e\u0446\u0438\u043e\u043d\u0430\u043b\u044c\u043d\u043e\u0433\u043e \u0432\u044b\u0433\u043e\u0440\u0430\u043d\u0438\u044f<\/li><li>\u0442\u0435\u0445, \u043a\u0442\u043e \u0441\u0442\u0440\u0435\u043c\u0438\u0442\u0441\u044f \u0441\u043e\u0445\u0440\u0430\u043d\u0438\u0442\u044c \u0432\u044b\u0441\u043e\u043a\u0438\u0439 \u043a\u043e\u0433\u043d\u0438\u0442\u0438\u0432\u043d\u044b\u0439 \u0443\u0440\u043e\u0432\u0435\u043d\u044c \u0432 \u0434\u043e\u043b\u0433\u043e\u0441\u0440\u043e\u0447\u043d\u043e\u0439 \u043f\u0435\u0440\u0441\u043f\u0435\u043a\u0442\u0438\u0432\u0435<\/li><\/ul>\t\t\t\t\t\t\t\t<\/div>\n\t\t\t\t<\/div>\n\t\t\t\t\t<\/div>\n\t\t\t\t<\/div>\n\t\t<div class=\"elementor-element elementor-element-63967d8 e-flex e-con-boxed elementor-invisible e-con e-parent\" data-id=\"63967d8\" data-element_type=\"container\" data-e-type=\"container\" data-settings=\"{&quot;animation&quot;:&quot;fadeInUp&quot;}\">\n\t\t\t\t\t<div class=\"e-con-inner\">\n\t\t<div class=\"elementor-element elementor-element-311583c e-con-full e-flex e-con e-child\" data-id=\"311583c\" data-element_type=\"container\" data-e-type=\"container\">\n\t\t\t\t<div class=\"elementor-element elementor-element-343fb50 elementor-widget elementor-widget-heading\" data-id=\"343fb50\" data-element_type=\"widget\" data-e-type=\"widget\" data-widget_type=\"heading.default\">\n\t\t\t\t\t<h2 class=\"elementor-heading-title elementor-size-default\">\u0412\u043a\u043b\u044e\u0447\u0430\u0435\u0442:<\/h2>\t\t\t\t<\/div>\n\t\t\t\t<div class=\"elementor-element elementor-element-13b242a elementor-widget elementor-widget-text-editor\" data-id=\"13b242a\" data-element_type=\"widget\" data-e-type=\"widget\" data-widget_type=\"text-editor.default\">\n\t\t\t\t\t\t\t\t\t<ul><li>56 \u0441\u0435\u0441\u0441\u0438\u0439 \u043d\u0435\u0438\u043d\u0432\u0430\u0437\u0438\u0432\u043d\u043e\u0439 \u043c\u043e\u0437\u0433\u043e\u0432\u043e\u0439 \u043d\u0435\u0439\u0440\u043e\u043c\u043e\u0434\u0443\u043b\u044f\u0446\u0438\u0438 (tDCS)<\/li><li>24 \u0441\u0435\u0441\u0441\u0438\u0438 \u0441\u0442\u0438\u043c\u0443\u043b\u044f\u0446\u0438\u0438 \u0431\u043b\u0443\u0436\u0434\u0430\u044e\u0449\u0435\u0433\u043e \u043d\u0435\u0440\u0432\u0430<\/li><li>6 \u0441\u0435\u0441\u0441\u0438\u0439 \u043f\u0440\u043e\u0434\u0432\u0438\u043d\u0443\u0442\u043e\u0439 \u043f\u0441\u0438\u0445\u043e\u0442\u0435\u0440\u0430\u043f\u0438\u0438<\/li><li>\u0438\u043d\u0434\u0438\u0432\u0438\u0434\u0443\u0430\u043b\u044c\u043d\u043e\u0435 \u0441\u043e\u043f\u0440\u043e\u0432\u043e\u0436\u0434\u0435\u043d\u0438\u0435 \u0438 \u0446\u0435\u043b\u043e\u0441\u0442\u043d\u044b\u0439 \u043f\u043e\u0434\u0445\u043e\u0434 \u00ab\u0442\u0435\u043b\u043e\u2013\u043f\u0441\u0438\u0445\u0438\u043a\u0430\u00bb<\/li><\/ul>\t\t\t\t\t\t\t\t<\/div>\n\t\t\t\t<\/div>\n\t\t\t\t\t<\/div>\n\t\t\t\t<\/div>\n\t\t\t\t<\/div>","protected":false},"excerpt":{"rendered":"<p>Intervenci\u00f3n neuropsicol\u00f3gica avanzada para frenar el envejecimiento cerebral prematuro Programa exclusivo dise\u00f1ado para proteger y optimizar la salud cerebral frente al estr\u00e9s cr\u00f3nico, la sobrecarga cognitiva y el desgaste emocional.Combina neuromodulaci\u00f3n no invasiva, psicoeducaci\u00f3n y psicoterapia avanzada para mejorar el rendimiento mental y el equilibrio emocional. Reservar ahora Beneficios principales: Mejora de la memoria y [&hellip;]<\/p>\n","protected":false},"author":1,"featured_media":0,"parent":0,"menu_order":0,"comment_status":"closed","ping_status":"closed","template":"","meta":{"footnotes":""},"class_list":["post-281","page","type-page","status-publish","hentry"],"_hostinger_reach_plugin_has_subscription_block":false,"_hostinger_reach_plugin_is_elementor":false,"_links":{"self":[{"href":"https:\/\/tzeustress.com\/ru\/wp-json\/wp\/v2\/pages\/281","targetHints":{"allow":["GET"]}}],"collection":[{"href":"https:\/\/tzeustress.com\/ru\/wp-json\/wp\/v2\/pages"}],"about":[{"href":"https:\/\/tzeustress.com\/ru\/wp-json\/wp\/v2\/types\/page"}],"author":[{"embeddable":true,"href":"https:\/\/tzeustress.com\/ru\/wp-json\/wp\/v2\/users\/1"}],"replies":[{"embeddable":true,"href":"https:\/\/tzeustress.com\/ru\/wp-json\/wp\/v2\/comments?post=281"}],"version-history":[{"count":43,"href":"https:\/\/tzeustress.com\/ru\/wp-json\/wp\/v2\/pages\/281\/revisions"}],"predecessor-version":[{"id":799,"href":"https:\/\/tzeustress.com\/ru\/wp-json\/wp\/v2\/pages\/281\/revisions\/799"}],"wp:attachment":[{"href":"https:\/\/tzeustress.com\/ru\/wp-json\/wp\/v2\/media?parent=281"}],"curies":[{"name":"wp","href":"https:\/\/api.w.org\/{rel}","templated":true}]}}