{"id":291,"date":"2026-01-12T15:59:09","date_gmt":"2026-01-12T15:59:09","guid":{"rendered":"https:\/\/wordpress-1571069-6117386.cloudwaysapps.com\/?page_id=291"},"modified":"2026-04-09T19:27:25","modified_gmt":"2026-04-09T19:27:25","slug":"programa-neuroemocional","status":"publish","type":"page","link":"https:\/\/tzeustress.com\/ru\/programa-neuroemocional\/","title":{"rendered":"\u041f\u0440\u043e\u0433\u0440\u0430\u043c\u043c\u0430 NeuroEmotional"},"content":{"rendered":"<div data-elementor-type=\"wp-page\" data-elementor-id=\"291\" class=\"elementor elementor-291\" data-elementor-post-type=\"page\">\n\t\t\t\t<div class=\"elementor-element elementor-element-0475211 e-flex e-con-boxed e-con e-parent\" data-id=\"0475211\" data-element_type=\"container\" data-e-type=\"container\" data-settings=\"{&quot;background_background&quot;:&quot;classic&quot;}\">\n\t\t\t\t\t<div class=\"e-con-inner\">\n\t\t\t\t<div class=\"elementor-element elementor-element-8d8836d elementor-invisible elementor-widget elementor-widget-heading\" data-id=\"8d8836d\" data-element_type=\"widget\" data-e-type=\"widget\" data-settings=\"{&quot;_animation&quot;:&quot;fadeIn&quot;}\" data-widget_type=\"heading.default\">\n\t\t\t\t\t<h2 class=\"elementor-heading-title elementor-size-default\">\u041f\u0440\u043e\u0433\u0440\u0430\u043c\u043c\u0430 NeuroEmotional<\/h2>\t\t\t\t<\/div>\n\t\t\t\t\t<\/div>\n\t\t\t\t<\/div>\n\t\t<div class=\"elementor-element elementor-element-4f13d95 e-flex e-con-boxed e-con e-parent\" data-id=\"4f13d95\" data-element_type=\"container\" data-e-type=\"container\">\n\t\t\t\t\t<div class=\"e-con-inner\">\n\t\t<div class=\"elementor-element elementor-element-b2be548 e-con-full e-flex e-con e-child\" data-id=\"b2be548\" data-element_type=\"container\" data-e-type=\"container\" data-settings=\"{&quot;animation&quot;:&quot;none&quot;}\">\n\t\t\t\t<div class=\"elementor-element elementor-element-45c9a3e elementor-widget elementor-widget-heading\" data-id=\"45c9a3e\" data-element_type=\"widget\" data-e-type=\"widget\" data-widget_type=\"heading.default\">\n\t\t\t\t\t<h2 class=\"elementor-heading-title elementor-size-default\">\u0420\u0430\u0437\u0432\u0438\u0442\u0438\u0435 \u044d\u043c\u043e\u0446\u0438\u043e\u043d\u0430\u043b\u044c\u043d\u043e\u0433\u043e \u0438\u043d\u0442\u0435\u043b\u043b\u0435\u043a\u0442\u0430 \u0438 \u0441\u0430\u043c\u043e\u0440\u0435\u0433\u0443\u043b\u044f\u0446\u0438\u0438 \u043d\u0430 \u043e\u0441\u043d\u043e\u0432\u0435 \u043d\u0435\u0439\u0440\u043e\u043d\u0430\u0443\u043a\u0438<\/h2>\t\t\t\t<\/div>\n\t\t\t\t<div class=\"elementor-element elementor-element-bbaee2d elementor-widget elementor-widget-text-editor\" data-id=\"bbaee2d\" data-element_type=\"widget\" data-e-type=\"widget\" data-widget_type=\"text-editor.default\">\n\t\t\t\t\t\t\t\t\t<p>\u0418\u043d\u0434\u0438\u0432\u0438\u0434\u0443\u0430\u043b\u044c\u043d\u0430\u044f \u043f\u0440\u043e\u0433\u0440\u0430\u043c\u043c\u0430, \u043e\u0441\u043d\u043e\u0432\u0430\u043d\u043d\u0430\u044f \u043d\u0430 \u043d\u0435\u0439\u0440\u043e\u043d\u0430\u0443\u0447\u043d\u043e\u0439 \u043c\u043e\u0434\u0435\u043b\u0438 \u044d\u043c\u043e\u0446\u0438\u043e\u043d\u0430\u043b\u044c\u043d\u043e\u0433\u043e \u0438\u043d\u0442\u0435\u043b\u043b\u0435\u043a\u0442\u0430, \u043d\u0430\u043f\u0440\u0430\u0432\u043b\u0435\u043d\u043d\u0430\u044f \u043d\u0430 \u0443\u043b\u0443\u0447\u0448\u0435\u043d\u0438\u0435 \u044d\u043c\u043e\u0446\u0438\u043e\u043d\u0430\u043b\u044c\u043d\u043e\u0439 \u0440\u0435\u0433\u0443\u043b\u044f\u0446\u0438\u0438, \u0443\u043f\u0440\u0430\u0432\u043b\u0435\u043d\u0438\u0435 \u0442\u0440\u0435\u0432\u043e\u0433\u043e\u0439, \u0438\u043c\u043f\u0443\u043b\u044c\u0441\u0438\u0432\u043d\u043e\u0441\u0442\u044c\u044e \u0438 \u0430\u0434\u0430\u043f\u0442\u0430\u0446\u0438\u0435\u0439 \u043a \u0441\u0442\u0440\u0435\u0441\u0441\u0443.<br data-start=\"6440\" data-end=\"6443\" \/>\u0426\u0435\u043d\u0442\u0440\u0430\u043b\u044c\u043d\u044b\u043c \u044d\u043b\u0435\u043c\u0435\u043d\u0442\u043e\u043c \u044f\u0432\u043b\u044f\u0435\u0442\u0441\u044f \u0440\u0430\u0431\u043e\u0442\u0430 \u0441 \u0432\u0435\u0433\u0435\u0442\u0430\u0442\u0438\u0432\u043d\u043e\u0439 \u043d\u0435\u0440\u0432\u043d\u043e\u0439 \u0441\u0438\u0441\u0442\u0435\u043c\u043e\u0439 \u2014 \u043a\u043b\u044e\u0447\u0435\u0432\u044b\u043c \u0440\u0435\u0433\u0443\u043b\u044f\u0442\u043e\u0440\u043e\u043c \u044d\u043c\u043e\u0446\u0438\u0439 \u0438 \u043f\u043e\u0432\u0435\u0434\u0435\u043d\u0438\u044f.<br data-start=\"6579\" data-end=\"6582\" \/>\u041d\u0435\u0438\u043d\u0432\u0430\u0437\u0438\u0432\u043d\u0430\u044f \u043d\u0435\u0439\u0440\u043e\u043c\u043e\u0434\u0443\u043b\u044f\u0446\u0438\u044f \u0443\u0441\u0438\u043b\u0438\u0432\u0430\u0435\u0442 \u044d\u0444\u0444\u0435\u043a\u0442 \u043f\u0441\u0438\u0445\u043e\u0442\u0435\u0440\u0430\u043f\u0438\u0438, \u0443\u0441\u043a\u043e\u0440\u044f\u0435\u0442 \u043d\u0435\u0439\u0440\u043e\u043f\u043b\u0430\u0441\u0442\u0438\u0447\u043d\u043e\u0441\u0442\u044c \u0438 \u043f\u043e\u0437\u0432\u043e\u043b\u044f\u0435\u0442 \u0434\u043e\u0441\u0442\u0438\u0433\u0430\u0442\u044c \u0443\u0441\u0442\u043e\u0439\u0447\u0438\u0432\u044b\u0445 \u0440\u0435\u0437\u0443\u043b\u044c\u0442\u0430\u0442\u043e\u0432 \u0437\u0430 \u0431\u043e\u043b\u0435\u0435 \u043a\u043e\u0440\u043e\u0442\u043a\u043e\u0435 \u0432\u0440\u0435\u043c\u044f.<\/p><p><strong data-start=\"4829\" data-end=\"4841\">\u0424\u043e\u0440\u043c\u0430\u0442:<\/strong> \u043e\u043d\u043b\u0430\u0439\u043d + \u043e\u0447\u043d\u043e<br data-start=\"4861\" data-end=\"4864\" \/><strong data-start=\"4864\" data-end=\"4877\">\u0414\u043b\u0438\u0442\u0435\u043b\u044c\u043d\u043e\u0441\u0442\u044c:<\/strong> 5 \u043d\u0435\u0434\u0435\u043b\u044c<\/p>\t\t\t\t\t\t\t\t<\/div>\n\t\t\t\t<div class=\"elementor-element elementor-element-35bec1f elementor-widget elementor-widget-button\" data-id=\"35bec1f\" data-element_type=\"widget\" data-e-type=\"widget\" data-widget_type=\"button.default\">\n\t\t\t\t\t\t\t\t\t\t<a class=\"elementor-button elementor-button-link elementor-size-sm\" href=\"https:\/\/tzeustress.com\/ru\/book-online\/\">\n\t\t\t\t\t\t<span class=\"elementor-button-content-wrapper\">\n\t\t\t\t\t\t<span class=\"elementor-button-icon\">\n\t\t\t\t<svg aria-hidden=\"true\" class=\"e-font-icon-svg e-fas-long-arrow-alt-right\" viewbox=\"0 0 448 512\" xmlns=\"http:\/\/www.w3.org\/2000\/svg\"><path d=\"M313.941 216H12c-6.627 0-12 5.373-12 12v56c0 6.627 5.373 12 12 12h301.941v46.059c0 21.382 25.851 32.09 40.971 16.971l86.059-86.059c9.373-9.373 9.373-24.569 0-33.941l-86.059-86.059c-15.119-15.119-40.971-4.411-40.971 16.971V216z\"><\/path><\/svg>\t\t\t<\/span>\n\t\t\t\t\t\t\t\t\t<span class=\"elementor-button-text\">\u0417\u0430\u0431\u0440\u043e\u043d\u0438\u0440\u043e\u0432\u0430\u0442\u044c \u0441\u0435\u0439\u0447\u0430\u0441<\/span>\n\t\t\t\t\t<\/span>\n\t\t\t\t\t<\/a>\n\t\t\t\t\t\t\t\t<\/div>\n\t\t\t\t<\/div>\n\t\t<div class=\"elementor-element elementor-element-02ffa4e e-con-full e-flex e-con e-child\" data-id=\"02ffa4e\" data-element_type=\"container\" data-e-type=\"container\">\n\t\t\t\t<div class=\"elementor-element elementor-element-ffe13c7 elementor-invisible elementor-widget elementor-widget-image\" data-id=\"ffe13c7\" data-element_type=\"widget\" data-e-type=\"widget\" data-settings=\"{&quot;_animation&quot;:&quot;fadeInRight&quot;}\" data-widget_type=\"image.default\">\n\t\t\t\t\t\t\t\t\t\t\t\t\t\t\t<img fetchpriority=\"high\" decoding=\"async\" width=\"390\" height=\"261\" src=\"https:\/\/tzeustress.com\/wp-content\/uploads\/2026\/01\/229d5d_da793513067944b4a6cb771e0c809581mv2.avif\" class=\"attachment-full size-full wp-image-120\" alt=\"\" srcset=\"https:\/\/tzeustress.com\/wp-content\/uploads\/2026\/01\/229d5d_da793513067944b4a6cb771e0c809581mv2.avif 390w, https:\/\/tzeustress.com\/wp-content\/uploads\/2026\/01\/229d5d_da793513067944b4a6cb771e0c809581mv2-300x201.jpg 300w\" sizes=\"(max-width: 390px) 100vw, 390px\" \/>\t\t\t\t\t\t\t\t\t\t\t\t\t\t\t<\/div>\n\t\t\t\t<\/div>\n\t\t\t\t\t<\/div>\n\t\t\t\t<\/div>\n\t\t<div class=\"elementor-element elementor-element-f7069d0 e-flex e-con-boxed elementor-invisible e-con e-parent\" data-id=\"f7069d0\" data-element_type=\"container\" data-e-type=\"container\" data-settings=\"{&quot;animation&quot;:&quot;fadeInUp&quot;}\">\n\t\t\t\t\t<div class=\"e-con-inner\">\n\t\t<div class=\"elementor-element elementor-element-674fd41 e-con-full e-flex e-con e-child\" data-id=\"674fd41\" data-element_type=\"container\" data-e-type=\"container\">\n\t\t\t\t<div class=\"elementor-element elementor-element-20d0d6e elementor-widget elementor-widget-heading\" data-id=\"20d0d6e\" data-element_type=\"widget\" data-e-type=\"widget\" data-widget_type=\"heading.default\">\n\t\t\t\t\t<h2 class=\"elementor-heading-title elementor-size-default\">\u0426\u0435\u043b\u0438 \u043f\u0440\u043e\u0433\u0440\u0430\u043c\u043c\u044b:<\/h2>\t\t\t\t<\/div>\n\t\t\t\t<div class=\"elementor-element elementor-element-4a82366 elementor-widget elementor-widget-text-editor\" data-id=\"4a82366\" data-element_type=\"widget\" data-e-type=\"widget\" data-widget_type=\"text-editor.default\">\n\t\t\t\t\t\t\t\t\t<ul><li>\u0440\u0430\u0437\u0432\u0438\u0442\u0438\u0435 \u044d\u043c\u043e\u0446\u0438\u043e\u043d\u0430\u043b\u044c\u043d\u043e\u0439 \u0440\u0435\u0433\u0443\u043b\u044f\u0446\u0438\u0438 \u0438 \u0441\u0430\u043c\u043e\u043a\u043e\u043d\u0442\u0440\u043e\u043b\u044f<\/li><li>\u0441\u043d\u0438\u0436\u0435\u043d\u0438\u0435 \u0442\u0440\u0435\u0432\u043e\u0436\u043d\u043e\u0441\u0442\u0438, \u0440\u0435\u0430\u043a\u0442\u0438\u0432\u043d\u043e\u0441\u0442\u0438 \u0438 \u0438\u043c\u043f\u0443\u043b\u044c\u0441\u0438\u0432\u043d\u043e\u0441\u0442\u0438<\/li><li>\u0443\u043a\u0440\u0435\u043f\u043b\u0435\u043d\u0438\u0435 \u044d\u043c\u043e\u0446\u0438\u043e\u043d\u0430\u043b\u044c\u043d\u043e\u0439 \u0441\u0442\u0430\u0431\u0438\u043b\u044c\u043d\u043e\u0441\u0442\u0438 \u0438 \u0441\u0442\u0440\u0435\u0441\u0441\u043e\u0443\u0441\u0442\u043e\u0439\u0447\u0438\u0432\u043e\u0441\u0442\u0438<\/li><li>\u0444\u043e\u0440\u043c\u0438\u0440\u043e\u0432\u0430\u043d\u0438\u0435 \u0444\u0443\u043d\u043a\u0446\u0438\u043e\u043d\u0430\u043b\u044c\u043d\u043e\u0433\u043e, \u043f\u0440\u0438\u043a\u043b\u0430\u0434\u043d\u043e\u0433\u043e \u044d\u043c\u043e\u0446\u0438\u043e\u043d\u0430\u043b\u044c\u043d\u043e\u0433\u043e \u0438\u043d\u0442\u0435\u043b\u043b\u0435\u043a\u0442\u0430<\/li><\/ul>\t\t\t\t\t\t\t\t<\/div>\n\t\t\t\t<\/div>\n\t\t<div class=\"elementor-element elementor-element-3bfb7fe e-con-full e-flex e-con e-child\" data-id=\"3bfb7fe\" data-element_type=\"container\" data-e-type=\"container\">\n\t\t\t\t<div class=\"elementor-element elementor-element-810d4b2 elementor-widget elementor-widget-heading\" data-id=\"810d4b2\" data-element_type=\"widget\" data-e-type=\"widget\" data-widget_type=\"heading.default\">\n\t\t\t\t\t<h2 class=\"elementor-heading-title elementor-size-default\">\u0412\u043a\u043b\u044e\u0447\u0430\u0435\u0442:<\/h2>\t\t\t\t<\/div>\n\t\t\t\t<div class=\"elementor-element elementor-element-7c204b8 elementor-widget elementor-widget-text-editor\" data-id=\"7c204b8\" data-element_type=\"widget\" data-e-type=\"widget\" data-widget_type=\"text-editor.default\">\n\t\t\t\t\t\t\t\t\t<ul><li>\u043f\u0435\u0440\u0432\u0438\u0447\u043d\u0443\u044e \u043e\u0446\u0435\u043d\u043a\u0443 \u044d\u043c\u043e\u0446\u0438\u043e\u043d\u0430\u043b\u044c\u043d\u043e\u0433\u043e \u043f\u0440\u043e\u0444\u0438\u043b\u044f<\/li><li>\u043f\u0441\u0438\u0445\u043e\u043e\u0431\u0440\u0430\u0437\u043e\u0432\u0430\u043d\u0438\u0435 \u043d\u0430 \u043e\u0441\u043d\u043e\u0432\u0435 \u043d\u0435\u0439\u0440\u043e\u043f\u0441\u0438\u0445\u043e\u043b\u043e\u0433\u0438\u0438<\/li><li>\u0438\u043d\u0434\u0438\u0432\u0438\u0434\u0443\u0430\u043b\u044c\u043d\u044b\u0435 \u043f\u0440\u0430\u043a\u0442\u0438\u043a\u0438 mindfulness \u0438 \u043d\u0435\u0439\u0440\u043e\u0442\u0440\u0435\u043d\u0438\u043d\u0433\u0430<\/li><li>\u043d\u0435\u0439\u0440\u043e\u0441\u0442\u0438\u043c\u0443\u043b\u044f\u0446\u0438\u044e (\u043f\u043e \u043f\u0440\u043e\u0444\u0435\u0441\u0441\u0438\u043e\u043d\u0430\u043b\u044c\u043d\u044b\u043c \u043f\u043e\u043a\u0430\u0437\u0430\u043d\u0438\u044f\u043c)<\/li><li>\u043f\u0435\u0440\u0441\u043e\u043d\u0430\u043b\u044c\u043d\u044b\u0435 \u0440\u0435\u043a\u043e\u043c\u0435\u043d\u0434\u0430\u0446\u0438\u0438 \u043f\u043e \u0435\u0436\u0435\u0434\u043d\u0435\u0432\u043d\u043e\u0439 \u0441\u0430\u043c\u043e\u0440\u0435\u0433\u0443\u043b\u044f\u0446\u0438\u0438<\/li><li>5 \u0441\u0435\u0441\u0441\u0438\u0439 \u043f\u0441\u0438\u0445\u043e\u043e\u0431\u0440\u0430\u0437\u043e\u0432\u0430\u043d\u0438\u044f \u0438 \u043f\u0441\u0438\u0445\u043e\u0442\u0435\u0440\u0430\u043f\u0438\u0438<\/li><li>28 \u0441\u0435\u0441\u0441\u0438\u0439 \u0441\u0442\u0438\u043c\u0443\u043b\u044f\u0446\u0438\u0438 \u0431\u043b\u0443\u0436\u0434\u0430\u044e\u0449\u0435\u0433\u043e \u043d\u0435\u0440\u0432\u0430<\/li><\/ul>\t\t\t\t\t\t\t\t<\/div>\n\t\t\t\t<\/div>\n\t\t\t\t\t<\/div>\n\t\t\t\t<\/div>\n\t\t\t\t<\/div>","protected":false},"excerpt":{"rendered":"<p>Desarrollo de la inteligencia emocional y la autorregulaci\u00f3n desde la neurociencia Programa individual basado en el modelo neurocient\u00edfico de la inteligencia emocional, orientado a mejorar la regulaci\u00f3n emocional, la gesti\u00f3n de la ansiedad, la impulsividad y la capacidad de adaptaci\u00f3n.El eje central del programa es el trabajo con el sistema nervioso aut\u00f3nomo, clave en la [&hellip;]<\/p>\n","protected":false},"author":1,"featured_media":0,"parent":0,"menu_order":0,"comment_status":"closed","ping_status":"closed","template":"","meta":{"footnotes":""},"class_list":["post-291","page","type-page","status-publish","hentry"],"_hostinger_reach_plugin_has_subscription_block":false,"_hostinger_reach_plugin_is_elementor":false,"_links":{"self":[{"href":"https:\/\/tzeustress.com\/ru\/wp-json\/wp\/v2\/pages\/291","targetHints":{"allow":["GET"]}}],"collection":[{"href":"https:\/\/tzeustress.com\/ru\/wp-json\/wp\/v2\/pages"}],"about":[{"href":"https:\/\/tzeustress.com\/ru\/wp-json\/wp\/v2\/types\/page"}],"author":[{"embeddable":true,"href":"https:\/\/tzeustress.com\/ru\/wp-json\/wp\/v2\/users\/1"}],"replies":[{"embeddable":true,"href":"https:\/\/tzeustress.com\/ru\/wp-json\/wp\/v2\/comments?post=291"}],"version-history":[{"count":30,"href":"https:\/\/tzeustress.com\/ru\/wp-json\/wp\/v2\/pages\/291\/revisions"}],"predecessor-version":[{"id":805,"href":"https:\/\/tzeustress.com\/ru\/wp-json\/wp\/v2\/pages\/291\/revisions\/805"}],"wp:attachment":[{"href":"https:\/\/tzeustress.com\/ru\/wp-json\/wp\/v2\/media?parent=291"}],"curies":[{"name":"wp","href":"https:\/\/api.w.org\/{rel}","templated":true}]}}