{"id":330,"date":"2026-01-13T12:59:42","date_gmt":"2026-01-13T12:59:42","guid":{"rendered":"https:\/\/wordpress-1571069-6117386.cloudwaysapps.com\/?page_id=330"},"modified":"2026-04-09T19:25:08","modified_gmt":"2026-04-09T19:25:08","slug":"consulta-psicologica-presencial","status":"publish","type":"page","link":"https:\/\/tzeustress.com\/ru\/consulta-psicologica-presencial\/","title":{"rendered":"\u041e\u0447\u043d\u0430\u044f \u043f\u0441\u0438\u0445\u043e\u043b\u043e\u0433\u0438\u0447\u0435\u0441\u043a\u0430\u044f \u043a\u043e\u043d\u0441\u0443\u043b\u044c\u0442\u0430\u0446\u0438\u044f"},"content":{"rendered":"<div data-elementor-type=\"wp-page\" data-elementor-id=\"330\" class=\"elementor elementor-330\" data-elementor-post-type=\"page\">\n\t\t\t\t<div class=\"elementor-element elementor-element-a89f28f e-flex e-con-boxed e-con e-parent\" data-id=\"a89f28f\" data-element_type=\"container\" data-e-type=\"container\" data-settings=\"{&quot;background_background&quot;:&quot;classic&quot;}\">\n\t\t\t\t\t<div class=\"e-con-inner\">\n\t\t\t\t<div class=\"elementor-element elementor-element-c01d2f6 elementor-invisible elementor-widget elementor-widget-heading\" data-id=\"c01d2f6\" data-element_type=\"widget\" data-e-type=\"widget\" data-settings=\"{&quot;_animation&quot;:&quot;fadeIn&quot;}\" data-widget_type=\"heading.default\">\n\t\t\t\t\t<h2 class=\"elementor-heading-title elementor-size-default\">\u041e\u0447\u043d\u0430\u044f \u043f\u0441\u0438\u0445\u043e\u043b\u043e\u0433\u0438\u0447\u0435\u0441\u043a\u0430\u044f \u043a\u043e\u043d\u0441\u0443\u043b\u044c\u0442\u0430\u0446\u0438\u044f<\/h2>\t\t\t\t<\/div>\n\t\t\t\t\t<\/div>\n\t\t\t\t<\/div>\n\t\t<div class=\"elementor-element elementor-element-83341f6 e-flex e-con-boxed e-con e-parent\" data-id=\"83341f6\" data-element_type=\"container\" data-e-type=\"container\">\n\t\t\t\t\t<div class=\"e-con-inner\">\n\t\t<div class=\"elementor-element elementor-element-c0c160c e-con-full e-flex e-con e-child\" data-id=\"c0c160c\" data-element_type=\"container\" data-e-type=\"container\" data-settings=\"{&quot;animation&quot;:&quot;none&quot;}\">\n\t\t\t\t<div class=\"elementor-element elementor-element-a3acdf3 elementor-widget elementor-widget-heading\" data-id=\"a3acdf3\" data-element_type=\"widget\" data-e-type=\"widget\" data-widget_type=\"heading.default\">\n\t\t\t\t\t<h2 class=\"elementor-heading-title elementor-size-default\">\u041f\u0441\u0438\u0445\u043e\u0442\u0435\u0440\u0430\u043f\u0438\u044f, \u043e\u0441\u043d\u043e\u0432\u0430\u043d\u043d\u0430\u044f \u043d\u0430 \u043d\u0430\u0443\u0447\u043d\u044b\u0445 \u0434\u043e\u043a\u0430\u0437\u0430\u0442\u0435\u043b\u044c\u0441\u0442\u0432\u0430\u0445, \u0434\u043b\u044f \u0440\u0435\u0430\u043b\u044c\u043d\u044b\u0445 \u0438 \u0443\u0441\u0442\u043e\u0439\u0447\u0438\u0432\u044b\u0445 \u0438\u0437\u043c\u0435\u043d\u0435\u043d\u0438\u0439<\/h2>\t\t\t\t<\/div>\n\t\t\t\t<div class=\"elementor-element elementor-element-5b2d7a7 elementor-widget elementor-widget-text-editor\" data-id=\"5b2d7a7\" data-element_type=\"widget\" data-e-type=\"widget\" data-widget_type=\"text-editor.default\">\n\t\t\t\t\t\t\t\t\t<p>\u0418\u043d\u0434\u0438\u0432\u0438\u0434\u0443\u0430\u043b\u044c\u043d\u044b\u0435 \u043e\u0447\u043d\u044b\u0435 \u0441\u0435\u0441\u0441\u0438\u0438, \u043d\u0430\u043f\u0440\u0430\u0432\u043b\u0435\u043d\u043d\u044b\u0435 \u043d\u0430 \u0433\u043b\u0443\u0431\u043e\u043a\u0438\u0435 \u0438 \u0434\u043e\u043b\u0433\u043e\u0432\u0440\u0435\u043c\u0435\u043d\u043d\u044b\u0435 \u0438\u0437\u043c\u0435\u043d\u0435\u043d\u0438\u044f \u044d\u043c\u043e\u0446\u0438\u043e\u043d\u0430\u043b\u044c\u043d\u043e\u0433\u043e \u0441\u043e\u0441\u0442\u043e\u044f\u043d\u0438\u044f, \u043f\u043e\u0432\u0435\u0434\u0435\u043d\u0438\u044f \u0438 \u043a\u0430\u0447\u0435\u0441\u0442\u0432\u0430 \u0436\u0438\u0437\u043d\u0438.<br data-start=\"479\" data-end=\"482\" \/>\u0420\u0430\u0431\u043e\u0442\u0430 \u0432\u0435\u0434\u0451\u0442\u0441\u044f \u0441 \u0438\u0441\u043f\u043e\u043b\u044c\u0437\u043e\u0432\u0430\u043d\u0438\u0435\u043c \u0441\u043e\u0432\u0440\u0435\u043c\u0435\u043d\u043d\u044b\u0445 \u043f\u0441\u0438\u0445\u043e\u0442\u0435\u0440\u0430\u043f\u0435\u0432\u0442\u0438\u0447\u0435\u0441\u043a\u0438\u0445 \u043f\u043e\u0434\u0445\u043e\u0434\u043e\u0432, \u043f\u043e\u0434\u0442\u0432\u0435\u0440\u0436\u0434\u0451\u043d\u043d\u044b\u0445 \u043d\u0430\u0443\u0447\u043d\u044b\u043c\u0438 \u0438\u0441\u0441\u043b\u0435\u0434\u043e\u0432\u0430\u043d\u0438\u044f\u043c\u0438 \u0438 \u0430\u0434\u0430\u043f\u0442\u0438\u0440\u043e\u0432\u0430\u043d\u043d\u044b\u0445 \u043f\u043e\u0434 \u0438\u043d\u0434\u0438\u0432\u0438\u0434\u0443\u0430\u043b\u044c\u043d\u044b\u0435 \u043f\u043e\u0442\u0440\u0435\u0431\u043d\u043e\u0441\u0442\u0438 \u043a\u0430\u0436\u0434\u043e\u0433\u043e \u0447\u0435\u043b\u043e\u0432\u0435\u043a\u0430.<\/p>\t\t\t\t\t\t\t\t<\/div>\n\t\t\t\t<div class=\"elementor-element elementor-element-01f2581 elementor-widget elementor-widget-button\" data-id=\"01f2581\" data-element_type=\"widget\" data-e-type=\"widget\" data-widget_type=\"button.default\">\n\t\t\t\t\t\t\t\t\t\t<a class=\"elementor-button elementor-button-link elementor-size-sm\" href=\"https:\/\/tzeustress.com\/ru\/book-online\/\">\n\t\t\t\t\t\t<span class=\"elementor-button-content-wrapper\">\n\t\t\t\t\t\t<span class=\"elementor-button-icon\">\n\t\t\t\t<svg aria-hidden=\"true\" class=\"e-font-icon-svg e-fas-long-arrow-alt-right\" viewbox=\"0 0 448 512\" xmlns=\"http:\/\/www.w3.org\/2000\/svg\"><path d=\"M313.941 216H12c-6.627 0-12 5.373-12 12v56c0 6.627 5.373 12 12 12h301.941v46.059c0 21.382 25.851 32.09 40.971 16.971l86.059-86.059c9.373-9.373 9.373-24.569 0-33.941l-86.059-86.059c-15.119-15.119-40.971-4.411-40.971 16.971V216z\"><\/path><\/svg>\t\t\t<\/span>\n\t\t\t\t\t\t\t\t\t<span class=\"elementor-button-text\">\u0417\u0430\u0431\u0440\u043e\u043d\u0438\u0440\u043e\u0432\u0430\u0442\u044c \u0441\u0435\u0439\u0447\u0430\u0441<\/span>\n\t\t\t\t\t<\/span>\n\t\t\t\t\t<\/a>\n\t\t\t\t\t\t\t\t<\/div>\n\t\t\t\t<\/div>\n\t\t<div class=\"elementor-element elementor-element-010b80e e-con-full e-flex e-con e-child\" data-id=\"010b80e\" data-element_type=\"container\" data-e-type=\"container\">\n\t\t\t\t<div class=\"elementor-element elementor-element-4203b4c elementor-invisible elementor-widget elementor-widget-image\" data-id=\"4203b4c\" data-element_type=\"widget\" data-e-type=\"widget\" data-settings=\"{&quot;_animation&quot;:&quot;fadeInRight&quot;}\" data-widget_type=\"image.default\">\n\t\t\t\t\t\t\t\t\t\t\t\t\t\t\t<img fetchpriority=\"high\" decoding=\"async\" width=\"390\" height=\"261\" src=\"https:\/\/tzeustress.com\/wp-content\/uploads\/2026\/01\/229d5d_825a8ae6497a44b0919cf8972b8e2976mv2.avif\" class=\"attachment-full size-full wp-image-124\" alt=\"\" srcset=\"https:\/\/tzeustress.com\/wp-content\/uploads\/2026\/01\/229d5d_825a8ae6497a44b0919cf8972b8e2976mv2.avif 390w, https:\/\/tzeustress.com\/wp-content\/uploads\/2026\/01\/229d5d_825a8ae6497a44b0919cf8972b8e2976mv2-300x201.jpg 300w\" sizes=\"(max-width: 390px) 100vw, 390px\" \/>\t\t\t\t\t\t\t\t\t\t\t\t\t\t\t<\/div>\n\t\t\t\t<\/div>\n\t\t\t\t\t<\/div>\n\t\t\t\t<\/div>\n\t\t<div class=\"elementor-element elementor-element-28edd68 e-flex e-con-boxed elementor-invisible e-con e-parent\" data-id=\"28edd68\" data-element_type=\"container\" data-e-type=\"container\" data-settings=\"{&quot;animation&quot;:&quot;fadeInUp&quot;}\">\n\t\t\t\t\t<div class=\"e-con-inner\">\n\t\t<div class=\"elementor-element elementor-element-28a2708 e-con-full e-flex e-con e-child\" data-id=\"28a2708\" data-element_type=\"container\" data-e-type=\"container\">\n\t\t\t\t<div class=\"elementor-element elementor-element-79268ce elementor-widget elementor-widget-heading\" data-id=\"79268ce\" data-element_type=\"widget\" data-e-type=\"widget\" data-widget_type=\"heading.default\">\n\t\t\t\t\t<h2 class=\"elementor-heading-title elementor-size-default\">\u0420\u0435\u043a\u043e\u043c\u0435\u043d\u0434\u043e\u0432\u0430\u043d\u0430 \u043f\u0440\u0438:<\/h2>\t\t\t\t<\/div>\n\t\t\t\t<div class=\"elementor-element elementor-element-ba3e2d1 elementor-widget elementor-widget-text-editor\" data-id=\"ba3e2d1\" data-element_type=\"widget\" data-e-type=\"widget\" data-widget_type=\"text-editor.default\">\n\t\t\t\t\t\t\t\t\t<ul><li>\u0442\u0440\u0435\u0432\u043e\u0433\u0435, \u0441\u0442\u0440\u0435\u0441\u0441\u0435 \u0438 \u044d\u043c\u043e\u0446\u0438\u043e\u043d\u0430\u043b\u044c\u043d\u043e\u0439 \u0434\u0438\u0441\u0440\u0435\u0433\u0443\u043b\u044f\u0446\u0438\u0438<\/li><li>\u043f\u0441\u0438\u0445\u043e\u043b\u043e\u0433\u0438\u0447\u0435\u0441\u043a\u0438\u0445 \u0431\u043b\u043e\u043a\u0430\u0445 \u0438 \u0442\u0440\u0443\u0434\u043d\u043e\u0441\u0442\u044f\u0445 \u0430\u0434\u0430\u043f\u0442\u0430\u0446\u0438\u0438<\/li><li>\u0436\u0438\u0437\u043d\u0435\u043d\u043d\u044b\u0445 \u0438\u0437\u043c\u0435\u043d\u0435\u043d\u0438\u044f\u0445, \u043b\u0438\u0447\u043d\u044b\u0445 \u0438\u043b\u0438 \u043f\u0440\u043e\u0444\u0435\u0441\u0441\u0438\u043e\u043d\u0430\u043b\u044c\u043d\u044b\u0445 \u043a\u0440\u0438\u0437\u0438\u0441\u0430\u0445<\/li><li>\u043d\u0435\u043e\u0431\u0445\u043e\u0434\u0438\u043c\u043e\u0441\u0442\u0438 \u0443\u043b\u0443\u0447\u0448\u0438\u0442\u044c \u0441\u0430\u043c\u043e\u043a\u043e\u043d\u0442\u0440\u043e\u043b\u044c, \u043f\u0440\u0438\u043d\u044f\u0442\u0438\u0435 \u0440\u0435\u0448\u0435\u043d\u0438\u0439 \u0438 \u044d\u043c\u043e\u0446\u0438\u043e\u043d\u0430\u043b\u044c\u043d\u043e\u0435 \u0431\u043b\u0430\u0433\u043e\u043f\u043e\u043b\u0443\u0447\u0438\u0435<\/li><\/ul>\t\t\t\t\t\t\t\t<\/div>\n\t\t\t\t<\/div>\n\t\t<div class=\"elementor-element elementor-element-16390c2 e-con-full e-flex e-con e-child\" data-id=\"16390c2\" data-element_type=\"container\" data-e-type=\"container\">\n\t\t\t\t<div class=\"elementor-element elementor-element-9aead48 elementor-widget elementor-widget-heading\" data-id=\"9aead48\" data-element_type=\"widget\" data-e-type=\"widget\" data-widget_type=\"heading.default\">\n\t\t\t\t\t<h2 class=\"elementor-heading-title elementor-size-default\">\u0412\u043a\u043b\u044e\u0447\u0430\u0435\u0442:<\/h2>\t\t\t\t<\/div>\n\t\t\t\t<div class=\"elementor-element elementor-element-4168b39 elementor-widget elementor-widget-text-editor\" data-id=\"4168b39\" data-element_type=\"widget\" data-e-type=\"widget\" data-widget_type=\"text-editor.default\">\n\t\t\t\t\t\t\t\t\t<ul><li>\u043f\u0435\u0440\u0432\u0438\u0447\u043d\u0443\u044e \u043f\u0441\u0438\u0445\u043e\u043b\u043e\u0433\u0438\u0447\u0435\u0441\u043a\u0443\u044e \u043e\u0446\u0435\u043d\u043a\u0443<\/li><li>\u0438\u043d\u0434\u0438\u0432\u0438\u0434\u0443\u0430\u043b\u044c\u043d\u0443\u044e \u043f\u0441\u0438\u0445\u043e\u0442\u0435\u0440\u0430\u043f\u0438\u044e<\/li><li>\u0440\u0430\u0431\u043e\u0442\u0443, \u043e\u0440\u0438\u0435\u043d\u0442\u0438\u0440\u043e\u0432\u0430\u043d\u043d\u0443\u044e \u043d\u0430 \u043a\u043e\u043d\u043a\u0440\u0435\u0442\u043d\u044b\u0435 \u0446\u0435\u043b\u0438<\/li><li>\u0441\u0442\u0440\u0443\u043a\u0442\u0443\u0440\u0438\u0440\u043e\u0432\u0430\u043d\u043d\u044b\u0439 \u0438 \u044d\u0444\u0444\u0435\u043a\u0442\u0438\u0432\u043d\u044b\u0439 \u043f\u043e\u0434\u0445\u043e\u0434 (\u0431\u0435\u0437 \u0431\u0435\u0441\u043a\u043e\u043d\u0435\u0447\u043d\u044b\u0445 \u043f\u0440\u043e\u0446\u0435\u0441\u0441\u043e\u0432)<\/li><\/ul>\t\t\t\t\t\t\t\t<\/div>\n\t\t\t\t<\/div>\n\t\t\t\t\t<\/div>\n\t\t\t\t<\/div>\n\t\t\t\t<\/div>","protected":false},"excerpt":{"rendered":"<p>Psicoterapia basada en evidencia cient\u00edfica para cambios reales y sostenibles Sesiones individuales presenciales orientadas a producir cambios profundos y duraderos en el estado emocional, el comportamiento y la calidad de vida.Trabajo con enfoques psicoterap\u00e9uticos contempor\u00e1neos avalados por la investigaci\u00f3n cient\u00edfica, adaptados a las necesidades espec\u00edficas de cada persona. Reservar ahora Indicada para: Ansiedad, estr\u00e9s y [&hellip;]<\/p>\n","protected":false},"author":1,"featured_media":0,"parent":0,"menu_order":0,"comment_status":"closed","ping_status":"closed","template":"","meta":{"footnotes":""},"class_list":["post-330","page","type-page","status-publish","hentry"],"_hostinger_reach_plugin_has_subscription_block":false,"_hostinger_reach_plugin_is_elementor":false,"_links":{"self":[{"href":"https:\/\/tzeustress.com\/ru\/wp-json\/wp\/v2\/pages\/330","targetHints":{"allow":["GET"]}}],"collection":[{"href":"https:\/\/tzeustress.com\/ru\/wp-json\/wp\/v2\/pages"}],"about":[{"href":"https:\/\/tzeustress.com\/ru\/wp-json\/wp\/v2\/types\/page"}],"author":[{"embeddable":true,"href":"https:\/\/tzeustress.com\/ru\/wp-json\/wp\/v2\/users\/1"}],"replies":[{"embeddable":true,"href":"https:\/\/tzeustress.com\/ru\/wp-json\/wp\/v2\/comments?post=330"}],"version-history":[{"count":35,"href":"https:\/\/tzeustress.com\/ru\/wp-json\/wp\/v2\/pages\/330\/revisions"}],"predecessor-version":[{"id":793,"href":"https:\/\/tzeustress.com\/ru\/wp-json\/wp\/v2\/pages\/330\/revisions\/793"}],"wp:attachment":[{"href":"https:\/\/tzeustress.com\/ru\/wp-json\/wp\/v2\/media?parent=330"}],"curies":[{"name":"wp","href":"https:\/\/api.w.org\/{rel}","templated":true}]}}