{"id":364,"date":"2026-01-13T14:48:11","date_gmt":"2026-01-13T14:48:11","guid":{"rendered":"https:\/\/wordpress-1571069-6117386.cloudwaysapps.com\/?page_id=364"},"modified":"2026-04-09T19:27:39","modified_gmt":"2026-04-09T19:27:39","slug":"programa-adios-migranas","status":"publish","type":"page","link":"https:\/\/tzeustress.com\/ru\/programa-adios-migranas\/","title":{"rendered":"\u041f\u0440\u043e\u0433\u0440\u0430\u043c\u043c\u0430 \u00ab\u041f\u0440\u043e\u0449\u0430\u0439, \u043c\u0438\u0433\u0440\u0435\u043d\u044c\u00bb"},"content":{"rendered":"<div data-elementor-type=\"wp-page\" data-elementor-id=\"364\" class=\"elementor elementor-364\" data-elementor-post-type=\"page\">\n\t\t\t\t<div class=\"elementor-element elementor-element-8b1de76 e-flex e-con-boxed e-con e-parent\" data-id=\"8b1de76\" data-element_type=\"container\" data-e-type=\"container\" data-settings=\"{&quot;background_background&quot;:&quot;classic&quot;}\">\n\t\t\t\t\t<div class=\"e-con-inner\">\n\t\t\t\t<div class=\"elementor-element elementor-element-a11b316 elementor-invisible elementor-widget elementor-widget-heading\" data-id=\"a11b316\" data-element_type=\"widget\" data-e-type=\"widget\" data-settings=\"{&quot;_animation&quot;:&quot;fadeIn&quot;}\" data-widget_type=\"heading.default\">\n\t\t\t\t\t<h2 class=\"elementor-heading-title elementor-size-default\">\u041f\u0440\u043e\u0433\u0440\u0430\u043c\u043c\u0430 \u00ab\u041f\u0440\u043e\u0449\u0430\u0439, \u043c\u0438\u0433\u0440\u0435\u043d\u044c\u00bb<\/h2>\t\t\t\t<\/div>\n\t\t\t\t\t<\/div>\n\t\t\t\t<\/div>\n\t\t<div class=\"elementor-element elementor-element-9eba388 e-flex e-con-boxed e-con e-parent\" data-id=\"9eba388\" data-element_type=\"container\" data-e-type=\"container\">\n\t\t\t\t\t<div class=\"e-con-inner\">\n\t\t<div class=\"elementor-element elementor-element-7999ad8 e-con-full e-flex e-con e-child\" data-id=\"7999ad8\" data-element_type=\"container\" data-e-type=\"container\" data-settings=\"{&quot;animation&quot;:&quot;none&quot;}\">\n\t\t\t\t<div class=\"elementor-element elementor-element-bf87acb elementor-widget elementor-widget-heading\" data-id=\"bf87acb\" data-element_type=\"widget\" data-e-type=\"widget\" data-widget_type=\"heading.default\">\n\t\t\t\t\t<h2 class=\"elementor-heading-title elementor-size-default\">\u041f\u0440\u043e\u0434\u0432\u0438\u043d\u0443\u0442\u0430\u044f \u043d\u0435\u0439\u0440\u043e\u043f\u0441\u0438\u0445\u043e\u043b\u043e\u0433\u0438\u0447\u0435\u0441\u043a\u0430\u044f \u0438\u043d\u0442\u0435\u0440\u0432\u0435\u043d\u0446\u0438\u044f \u043f\u0440\u0438 \u043c\u0438\u0433\u0440\u0435\u043d\u044f\u0445 \u0438 \u0433\u043e\u043b\u043e\u0432\u043d\u044b\u0445 \u0431\u043e\u043b\u044f\u0445<\/h2>\t\t\t\t<\/div>\n\t\t\t\t<div class=\"elementor-element elementor-element-86092c8 elementor-widget elementor-widget-text-editor\" data-id=\"86092c8\" data-element_type=\"widget\" data-e-type=\"widget\" data-widget_type=\"text-editor.default\">\n\t\t\t\t\t\t\t\t\t<p>\u041f\u0440\u043e\u0433\u0440\u0430\u043c\u043c\u0430 \u0434\u043b\u044f \u043b\u044e\u0434\u0435\u0439, \u0441\u0442\u0440\u0430\u0434\u0430\u044e\u0449\u0438\u0445 \u043c\u0438\u0433\u0440\u0435\u043d\u044f\u043c\u0438, \u0433\u043e\u043b\u043e\u0432\u043d\u044b\u043c\u0438 \u0431\u043e\u043b\u044f\u043c\u0438 \u043d\u0430\u043f\u0440\u044f\u0436\u0435\u043d\u0438\u044f \u0438 \u0445\u0440\u043e\u043d\u0438\u0447\u0435\u0441\u043a\u043e\u0439 \u0431\u043e\u043b\u044c\u044e, \u0441 \u0446\u0435\u043b\u044c\u044e \u0443\u043c\u0435\u043d\u044c\u0448\u0435\u043d\u0438\u044f \u0441\u0438\u043c\u043f\u0442\u043e\u043c\u043e\u0432 \u0438 \u0432\u043e\u0441\u0441\u0442\u0430\u043d\u043e\u0432\u043b\u0435\u043d\u0438\u044f \u043a\u0430\u0447\u0435\u0441\u0442\u0432\u0430 \u0436\u0438\u0437\u043d\u0438 \u0441 \u043f\u043e\u043c\u043e\u0449\u044c\u044e \u0441\u043e\u0432\u0440\u0435\u043c\u0435\u043d\u043d\u044b\u0445 \u043d\u0435\u0439\u0440\u043e\u043d\u0430\u0443\u0447\u043d\u044b\u0445 \u0442\u0435\u0445\u043d\u043e\u043b\u043e\u0433\u0438\u0439.<br data-start=\"7803\" data-end=\"7806\" \/>\u041f\u043e\u0434\u0445\u043e\u0434 \u0432\u043e\u0437\u0434\u0435\u0439\u0441\u0442\u0432\u0443\u0435\u0442 \u043d\u0430 \u043d\u0435\u0439\u0440\u043e\u0444\u0438\u0437\u0438\u043e\u043b\u043e\u0433\u0438\u0447\u0435\u0441\u043a\u0438\u0435 \u043c\u0435\u0445\u0430\u043d\u0438\u0437\u043c\u044b \u0431\u043e\u043b\u0438, \u0433\u0438\u043f\u0435\u0440\u0430\u043a\u0442\u0438\u0432\u0430\u0446\u0438\u044e \u043d\u0435\u0440\u0432\u043d\u043e\u0439 \u0441\u0438\u0441\u0442\u0435\u043c\u044b \u0438 \u0432\u0435\u0433\u0435\u0442\u0430\u0442\u0438\u0432\u043d\u0443\u044e \u0440\u0435\u0433\u0443\u043b\u044f\u0446\u0438\u044e.<\/p><p><strong data-start=\"8186\" data-end=\"8199\">\u0414\u043b\u0438\u0442\u0435\u043b\u044c\u043d\u043e\u0441\u0442\u044c:<\/strong> \u0414\u043b\u0438\u0442\u0435\u043b\u044c\u043d\u043e\u0441\u0442\u044c:\u00a02 \u043c\u0435\u0441\u044f\u0446\u0430 + \u043f\u043e\u0434\u0434\u0435\u0440\u0436\u0438\u0432\u0430\u044e\u0449\u0438\u0435 \u0441\u0435\u0441\u0441\u0438\u0438<\/p>\t\t\t\t\t\t\t\t<\/div>\n\t\t\t\t<div class=\"elementor-element elementor-element-5457c89 elementor-widget elementor-widget-button\" data-id=\"5457c89\" data-element_type=\"widget\" data-e-type=\"widget\" data-widget_type=\"button.default\">\n\t\t\t\t\t\t\t\t\t\t<a class=\"elementor-button elementor-button-link elementor-size-sm\" href=\"https:\/\/tzeustress.com\/ru\/book-online\/\">\n\t\t\t\t\t\t<span class=\"elementor-button-content-wrapper\">\n\t\t\t\t\t\t<span class=\"elementor-button-icon\">\n\t\t\t\t<svg aria-hidden=\"true\" class=\"e-font-icon-svg e-fas-long-arrow-alt-right\" viewbox=\"0 0 448 512\" xmlns=\"http:\/\/www.w3.org\/2000\/svg\"><path d=\"M313.941 216H12c-6.627 0-12 5.373-12 12v56c0 6.627 5.373 12 12 12h301.941v46.059c0 21.382 25.851 32.09 40.971 16.971l86.059-86.059c9.373-9.373 9.373-24.569 0-33.941l-86.059-86.059c-15.119-15.119-40.971-4.411-40.971 16.971V216z\"><\/path><\/svg>\t\t\t<\/span>\n\t\t\t\t\t\t\t\t\t<span class=\"elementor-button-text\">\u0417\u0430\u0431\u0440\u043e\u043d\u0438\u0440\u043e\u0432\u0430\u0442\u044c \u0441\u0435\u0439\u0447\u0430\u0441<\/span>\n\t\t\t\t\t<\/span>\n\t\t\t\t\t<\/a>\n\t\t\t\t\t\t\t\t<\/div>\n\t\t\t\t<\/div>\n\t\t<div class=\"elementor-element elementor-element-9aac7ab e-con-full e-flex e-con e-child\" data-id=\"9aac7ab\" data-element_type=\"container\" data-e-type=\"container\">\n\t\t\t\t<div class=\"elementor-element elementor-element-244cd86 elementor-invisible elementor-widget elementor-widget-image\" data-id=\"244cd86\" data-element_type=\"widget\" data-e-type=\"widget\" data-settings=\"{&quot;_animation&quot;:&quot;fadeInRight&quot;}\" data-widget_type=\"image.default\">\n\t\t\t\t\t\t\t\t\t\t\t\t\t\t\t<img fetchpriority=\"high\" decoding=\"async\" width=\"390\" height=\"261\" src=\"https:\/\/tzeustress.com\/wp-content\/uploads\/2026\/01\/229d5d_51c082198323420d88f57c1ad44fa191mv2.avif\" class=\"attachment-full size-full wp-image-119\" alt=\"\" srcset=\"https:\/\/tzeustress.com\/wp-content\/uploads\/2026\/01\/229d5d_51c082198323420d88f57c1ad44fa191mv2.avif 390w, https:\/\/tzeustress.com\/wp-content\/uploads\/2026\/01\/229d5d_51c082198323420d88f57c1ad44fa191mv2-300x201.jpg 300w\" sizes=\"(max-width: 390px) 100vw, 390px\" \/>\t\t\t\t\t\t\t\t\t\t\t\t\t\t\t<\/div>\n\t\t\t\t<\/div>\n\t\t\t\t\t<\/div>\n\t\t\t\t<\/div>\n\t\t<div class=\"elementor-element elementor-element-25897d0 e-flex e-con-boxed elementor-invisible e-con e-parent\" data-id=\"25897d0\" data-element_type=\"container\" data-e-type=\"container\" data-settings=\"{&quot;animation&quot;:&quot;fadeInUp&quot;}\">\n\t\t\t\t\t<div class=\"e-con-inner\">\n\t\t<div class=\"elementor-element elementor-element-0fe7342 e-con-full e-flex e-con e-child\" data-id=\"0fe7342\" data-element_type=\"container\" data-e-type=\"container\">\n\t\t\t\t<div class=\"elementor-element elementor-element-636bf4c elementor-widget elementor-widget-heading\" data-id=\"636bf4c\" data-element_type=\"widget\" data-e-type=\"widget\" data-widget_type=\"heading.default\">\n\t\t\t\t\t<h2 class=\"elementor-heading-title elementor-size-default\">\u041e\u0441\u043d\u043e\u0432\u043d\u044b\u0435 \u044d\u0444\u0444\u0435\u043a\u0442\u044b:<\/h2>\t\t\t\t<\/div>\n\t\t\t\t<div class=\"elementor-element elementor-element-406ee89 elementor-widget elementor-widget-text-editor\" data-id=\"406ee89\" data-element_type=\"widget\" data-e-type=\"widget\" data-widget_type=\"text-editor.default\">\n\t\t\t\t\t\t\t\t\t<ul><li>\u0441\u043d\u0438\u0436\u0435\u043d\u0438\u0435 \u0447\u0430\u0441\u0442\u043e\u0442\u044b \u0438 \u0438\u043d\u0442\u0435\u043d\u0441\u0438\u0432\u043d\u043e\u0441\u0442\u0438 \u0431\u043e\u043b\u0435\u0432\u044b\u0445 \u043f\u0440\u0438\u0441\u0442\u0443\u043f\u043e\u0432<\/li><li>\u0443\u043b\u0443\u0447\u0448\u0435\u043d\u0438\u0435 \u0440\u0435\u0433\u0443\u043b\u044f\u0446\u0438\u0438 \u043d\u0435\u0440\u0432\u043d\u043e\u0439 \u0441\u0438\u0441\u0442\u0435\u043c\u044b<\/li><li>\u0443\u043c\u0435\u043d\u044c\u0448\u0435\u043d\u0438\u0435 \u0442\u0435\u043b\u0435\u0441\u043d\u043e\u0433\u043e \u043d\u0430\u043f\u0440\u044f\u0436\u0435\u043d\u0438\u044f \u0438 \u0441\u0442\u0440\u0435\u0441\u0441\u0430<\/li><li>\u043f\u043e\u0441\u0442\u0435\u043f\u0435\u043d\u043d\u043e\u0435 \u0432\u043e\u0441\u0441\u0442\u0430\u043d\u043e\u0432\u043b\u0435\u043d\u0438\u0435 \u043a\u0430\u0447\u0435\u0441\u0442\u0432\u0430 \u0436\u0438\u0437\u043d\u0438<\/li><\/ul>\t\t\t\t\t\t\t\t<\/div>\n\t\t\t\t<\/div>\n\t\t<div class=\"elementor-element elementor-element-4e8c4f1 e-con-full e-flex e-con e-child\" data-id=\"4e8c4f1\" data-element_type=\"container\" data-e-type=\"container\">\n\t\t\t\t<div class=\"elementor-element elementor-element-8f87630 elementor-widget elementor-widget-heading\" data-id=\"8f87630\" data-element_type=\"widget\" data-e-type=\"widget\" data-widget_type=\"heading.default\">\n\t\t\t\t\t<h2 class=\"elementor-heading-title elementor-size-default\">\u0412\u043a\u043b\u044e\u0447\u0430\u0435\u0442:<\/h2>\t\t\t\t<\/div>\n\t\t\t\t<div class=\"elementor-element elementor-element-910ab7a elementor-widget elementor-widget-text-editor\" data-id=\"910ab7a\" data-element_type=\"widget\" data-e-type=\"widget\" data-widget_type=\"text-editor.default\">\n\t\t\t\t\t\t\t\t\t<ul><li>70 \u0441\u0435\u0441\u0441\u0438\u0439 \u0441\u0442\u0438\u043c\u0443\u043b\u044f\u0446\u0438\u0438 \u0431\u043b\u0443\u0436\u0434\u0430\u044e\u0449\u0435\u0433\u043e \u043d\u0435\u0440\u0432\u0430<\/li><li>56 \u0441\u0435\u0441\u0441\u0438\u0439 \u043c\u043e\u0437\u0433\u043e\u0432\u043e\u0439 \u043d\u0435\u0439\u0440\u043e\u043c\u043e\u0434\u0443\u043b\u044f\u0446\u0438\u0438 (tDCS)<\/li><li>5 \u0441\u0435\u0441\u0441\u0438\u0439 \u043f\u0441\u0438\u0445\u043e\u0442\u0435\u0440\u0430\u043f\u0438\u0438 \u0438 \u043a\u043b\u0438\u043d\u0438\u0447\u0435\u0441\u043a\u043e\u0433\u043e \u0441\u043e\u043f\u0440\u043e\u0432\u043e\u0436\u0434\u0435\u043d\u0438\u044f<\/li><\/ul>\t\t\t\t\t\t\t\t<\/div>\n\t\t\t\t<\/div>\n\t\t\t\t\t<\/div>\n\t\t\t\t<\/div>\n\t\t\t\t<\/div>","protected":false},"excerpt":{"rendered":"<p>Intervenci\u00f3n neuropsicol\u00f3gica avanzada para reducir migra\u00f1as y cefaleas Programa dise\u00f1ado para personas que sufren migra\u00f1as, cefaleas tensionales y dolor recurrente, con el objetivo de reducir la sintomatolog\u00eda y restaurar la calidad de vida mediante tecnolog\u00edas neurocient\u00edficas avanzadas.El enfoque act\u00faa sobre los mecanismos neurofisiol\u00f3gicos implicados en el dolor, la hiperactivaci\u00f3n del sistema nervioso y la regulaci\u00f3n [&hellip;]<\/p>\n","protected":false},"author":1,"featured_media":0,"parent":0,"menu_order":0,"comment_status":"closed","ping_status":"closed","template":"","meta":{"footnotes":""},"class_list":["post-364","page","type-page","status-publish","hentry"],"_hostinger_reach_plugin_has_subscription_block":false,"_hostinger_reach_plugin_is_elementor":false,"_links":{"self":[{"href":"https:\/\/tzeustress.com\/ru\/wp-json\/wp\/v2\/pages\/364","targetHints":{"allow":["GET"]}}],"collection":[{"href":"https:\/\/tzeustress.com\/ru\/wp-json\/wp\/v2\/pages"}],"about":[{"href":"https:\/\/tzeustress.com\/ru\/wp-json\/wp\/v2\/types\/page"}],"author":[{"embeddable":true,"href":"https:\/\/tzeustress.com\/ru\/wp-json\/wp\/v2\/users\/1"}],"replies":[{"embeddable":true,"href":"https:\/\/tzeustress.com\/ru\/wp-json\/wp\/v2\/comments?post=364"}],"version-history":[{"count":23,"href":"https:\/\/tzeustress.com\/ru\/wp-json\/wp\/v2\/pages\/364\/revisions"}],"predecessor-version":[{"id":808,"href":"https:\/\/tzeustress.com\/ru\/wp-json\/wp\/v2\/pages\/364\/revisions\/808"}],"wp:attachment":[{"href":"https:\/\/tzeustress.com\/ru\/wp-json\/wp\/v2\/media?parent=364"}],"curies":[{"name":"wp","href":"https:\/\/api.w.org\/{rel}","templated":true}]}}