{"id":385,"date":"2026-01-13T15:28:06","date_gmt":"2026-01-13T15:28:06","guid":{"rendered":"https:\/\/wordpress-1571069-6117386.cloudwaysapps.com\/?page_id=385"},"modified":"2026-04-09T19:28:17","modified_gmt":"2026-04-09T19:28:17","slug":"programa-intensivo-de-salud-psicologica","status":"publish","type":"page","link":"https:\/\/tzeustress.com\/ru\/programa-intensivo-de-salud-psicologica\/","title":{"rendered":"\u0418\u043d\u0442\u0435\u043d\u0441\u0438\u0432\u043d\u0430\u044f \u043f\u0440\u043e\u0433\u0440\u0430\u043c\u043c\u0430 \u043f\u0441\u0438\u0445\u043e\u043b\u043e\u0433\u0438\u0447\u0435\u0441\u043a\u043e\u0433\u043e \u0437\u0434\u043e\u0440\u043e\u0432\u044c\u044f"},"content":{"rendered":"<div data-elementor-type=\"wp-page\" data-elementor-id=\"385\" class=\"elementor elementor-385\" data-elementor-post-type=\"page\">\n\t\t\t\t<div class=\"elementor-element elementor-element-3778a25 e-flex e-con-boxed e-con e-parent\" data-id=\"3778a25\" data-element_type=\"container\" data-e-type=\"container\" data-settings=\"{&quot;background_background&quot;:&quot;classic&quot;}\">\n\t\t\t\t\t<div class=\"e-con-inner\">\n\t\t\t\t<div class=\"elementor-element elementor-element-e3924ff elementor-invisible elementor-widget elementor-widget-heading\" data-id=\"e3924ff\" data-element_type=\"widget\" data-e-type=\"widget\" data-settings=\"{&quot;_animation&quot;:&quot;fadeIn&quot;}\" data-widget_type=\"heading.default\">\n\t\t\t\t\t<h2 class=\"elementor-heading-title elementor-size-default\">\u0418\u043d\u0442\u0435\u043d\u0441\u0438\u0432\u043d\u0430\u044f \u043f\u0440\u043e\u0433\u0440\u0430\u043c\u043c\u0430 \u043f\u0441\u0438\u0445\u043e\u043b\u043e\u0433\u0438\u0447\u0435\u0441\u043a\u043e\u0433\u043e \u0437\u0434\u043e\u0440\u043e\u0432\u044c\u044f<\/h2>\t\t\t\t<\/div>\n\t\t\t\t\t<\/div>\n\t\t\t\t<\/div>\n\t\t<div class=\"elementor-element elementor-element-b4a0304 e-flex e-con-boxed e-con e-parent\" data-id=\"b4a0304\" data-element_type=\"container\" data-e-type=\"container\">\n\t\t\t\t\t<div class=\"e-con-inner\">\n\t\t<div class=\"elementor-element elementor-element-6ba1bd1 e-con-full e-flex e-con e-child\" data-id=\"6ba1bd1\" data-element_type=\"container\" data-e-type=\"container\" data-settings=\"{&quot;animation&quot;:&quot;none&quot;}\">\n\t\t\t\t<div class=\"elementor-element elementor-element-8f1b324 elementor-widget elementor-widget-heading\" data-id=\"8f1b324\" data-element_type=\"widget\" data-e-type=\"widget\" data-widget_type=\"heading.default\">\n\t\t\t\t\t<h2 class=\"elementor-heading-title elementor-size-default\">\u0413\u043b\u0443\u0431\u043e\u043a\u043e\u0435 \u0432\u043e\u0441\u0441\u0442\u0430\u043d\u043e\u0432\u043b\u0435\u043d\u0438\u0435 \u043d\u0435\u0440\u0432\u043d\u043e\u0439 \u0441\u0438\u0441\u0442\u0435\u043c\u044b \u0438 \u0443\u0441\u0442\u043e\u0439\u0447\u0438\u0432\u044b\u0435 \u0440\u0435\u0437\u0443\u043b\u044c\u0442\u0430\u0442\u044b<\/h2>\t\t\t\t<\/div>\n\t\t\t\t<div class=\"elementor-element elementor-element-60d28f8 elementor-widget elementor-widget-text-editor\" data-id=\"60d28f8\" data-element_type=\"widget\" data-e-type=\"widget\" data-widget_type=\"text-editor.default\">\n\t\t\t\t\t\t\t\t\t<p>\u041a\u043e\u043c\u043f\u043b\u0435\u043a\u0441\u043d\u0430\u044f 12-\u043d\u0435\u0434\u0435\u043b\u044c\u043d\u0430\u044f \u043d\u0435\u0439\u0440\u043e\u043f\u0441\u0438\u0445\u043e\u043b\u043e\u0433\u0438\u0447\u0435\u0441\u043a\u0430\u044f \u043f\u0440\u043e\u0433\u0440\u0430\u043c\u043c\u0430, \u043d\u0430\u043f\u0440\u0430\u0432\u043b\u0435\u043d\u043d\u0430\u044f \u043d\u0430 \u0433\u043b\u0443\u0431\u043e\u043a\u043e\u0435 \u0438 \u0441\u0442\u0430\u0431\u0438\u043b\u044c\u043d\u043e\u0435 \u0432\u043e\u0441\u0441\u0442\u0430\u043d\u043e\u0432\u043b\u0435\u043d\u0438\u0435 \u043a\u0430\u043a \u043f\u0441\u0438\u0445\u043e\u043b\u043e\u0433\u0438\u0447\u0435\u0441\u043a\u043e\u0433\u043e, \u0442\u0430\u043a \u0438 \u0444\u0438\u0437\u0438\u043e\u043b\u043e\u0433\u0438\u0447\u0435\u0441\u043a\u043e\u0433\u043e \u0441\u043e\u0441\u0442\u043e\u044f\u043d\u0438\u044f.<br data-start=\"10443\" data-end=\"10446\" \/>\u0418\u043d\u0442\u0435\u0433\u0440\u0438\u0440\u0443\u0435\u0442 \u0441\u0430\u043c\u044b\u0435 \u0441\u043e\u0432\u0440\u0435\u043c\u0435\u043d\u043d\u044b\u0435 \u043c\u0435\u0442\u043e\u0434\u044b \u0441 \u0432\u044b\u0441\u043e\u043a\u043e\u0439 \u043c\u0435\u0436\u0434\u0443\u043d\u0430\u0440\u043e\u0434\u043d\u043e\u0439 \u0434\u043e\u043a\u0430\u0437\u0430\u0442\u0435\u043b\u044c\u043d\u043e\u0439 \u0431\u0430\u0437\u043e\u0439 \u0432 \u043e\u0431\u043b\u0430\u0441\u0442\u0438 \u043d\u0435\u0439\u0440\u043e\u043f\u043b\u0430\u0441\u0442\u0438\u0447\u043d\u043e\u0441\u0442\u0438, \u0441\u0430\u043c\u043e\u0440\u0435\u0433\u0443\u043b\u044f\u0446\u0438\u0438 \u0438 \u044d\u043c\u043e\u0446\u0438\u043e\u043d\u0430\u043b\u044c\u043d\u043e\u0439 \u0443\u0441\u0442\u043e\u0439\u0447\u0438\u0432\u043e\u0441\u0442\u0438.<\/p>\t\t\t\t\t\t\t\t<\/div>\n\t\t\t\t<div class=\"elementor-element elementor-element-e992a58 elementor-widget elementor-widget-button\" data-id=\"e992a58\" data-element_type=\"widget\" data-e-type=\"widget\" data-widget_type=\"button.default\">\n\t\t\t\t\t\t\t\t\t\t<a class=\"elementor-button elementor-button-link elementor-size-sm\" href=\"https:\/\/tzeustress.com\/ru\/book-online\/\">\n\t\t\t\t\t\t<span class=\"elementor-button-content-wrapper\">\n\t\t\t\t\t\t<span class=\"elementor-button-icon\">\n\t\t\t\t<svg aria-hidden=\"true\" class=\"e-font-icon-svg e-fas-long-arrow-alt-right\" viewbox=\"0 0 448 512\" xmlns=\"http:\/\/www.w3.org\/2000\/svg\"><path d=\"M313.941 216H12c-6.627 0-12 5.373-12 12v56c0 6.627 5.373 12 12 12h301.941v46.059c0 21.382 25.851 32.09 40.971 16.971l86.059-86.059c9.373-9.373 9.373-24.569 0-33.941l-86.059-86.059c-15.119-15.119-40.971-4.411-40.971 16.971V216z\"><\/path><\/svg>\t\t\t<\/span>\n\t\t\t\t\t\t\t\t\t<span class=\"elementor-button-text\">\u0417\u0430\u0431\u0440\u043e\u043d\u0438\u0440\u043e\u0432\u0430\u0442\u044c \u0441\u0435\u0439\u0447\u0430\u0441<\/span>\n\t\t\t\t\t<\/span>\n\t\t\t\t\t<\/a>\n\t\t\t\t\t\t\t\t<\/div>\n\t\t\t\t<\/div>\n\t\t<div class=\"elementor-element elementor-element-c72ff80 e-con-full e-flex e-con e-child\" data-id=\"c72ff80\" data-element_type=\"container\" data-e-type=\"container\">\n\t\t\t\t<div class=\"elementor-element elementor-element-7347ebc elementor-invisible elementor-widget elementor-widget-image\" data-id=\"7347ebc\" data-element_type=\"widget\" data-e-type=\"widget\" data-settings=\"{&quot;_animation&quot;:&quot;fadeInRight&quot;}\" data-widget_type=\"image.default\">\n\t\t\t\t\t\t\t\t\t\t\t\t\t\t\t<img fetchpriority=\"high\" decoding=\"async\" width=\"390\" height=\"261\" src=\"https:\/\/tzeustress.com\/wp-content\/uploads\/2026\/01\/229d5d_ff09ea1151a64266877d69b767941023mv2.avif\" class=\"attachment-full size-full wp-image-116\" alt=\"\" srcset=\"https:\/\/tzeustress.com\/wp-content\/uploads\/2026\/01\/229d5d_ff09ea1151a64266877d69b767941023mv2.avif 390w, https:\/\/tzeustress.com\/wp-content\/uploads\/2026\/01\/229d5d_ff09ea1151a64266877d69b767941023mv2-300x201.jpg 300w\" sizes=\"(max-width: 390px) 100vw, 390px\" \/>\t\t\t\t\t\t\t\t\t\t\t\t\t\t\t<\/div>\n\t\t\t\t<\/div>\n\t\t\t\t\t<\/div>\n\t\t\t\t<\/div>\n\t\t<div class=\"elementor-element elementor-element-2c721a1 e-flex e-con-boxed elementor-invisible e-con e-parent\" data-id=\"2c721a1\" data-element_type=\"container\" data-e-type=\"container\" data-settings=\"{&quot;animation&quot;:&quot;fadeInUp&quot;}\">\n\t\t\t\t\t<div class=\"e-con-inner\">\n\t\t<div class=\"elementor-element elementor-element-e39259b e-con-full e-flex e-con e-child\" data-id=\"e39259b\" data-element_type=\"container\" data-e-type=\"container\">\n\t\t\t\t<div class=\"elementor-element elementor-element-38fce50 elementor-widget elementor-widget-heading\" data-id=\"38fce50\" data-element_type=\"widget\" data-e-type=\"widget\" data-widget_type=\"heading.default\">\n\t\t\t\t\t<h2 class=\"elementor-heading-title elementor-size-default\">\u0412\u043e\u0437\u0434\u0435\u0439\u0441\u0442\u0432\u0443\u0435\u0442 \u043d\u0430\u043f\u0440\u044f\u043c\u0443\u044e \u043d\u0430:<\/h2>\t\t\t\t<\/div>\n\t\t\t\t<div class=\"elementor-element elementor-element-d500410 elementor-widget elementor-widget-text-editor\" data-id=\"d500410\" data-element_type=\"widget\" data-e-type=\"widget\" data-widget_type=\"text-editor.default\">\n\t\t\t\t\t\t\t\t\t<ul><li>\u043d\u0435\u0439\u0440\u043e\u043d\u043d\u044b\u0435 \u0446\u0435\u043f\u0438, \u043d\u0430\u0440\u0443\u0448\u0435\u043d\u043d\u044b\u0435 \u0445\u0440\u043e\u043d\u0438\u0447\u0435\u0441\u043a\u0438\u043c \u0441\u0442\u0440\u0435\u0441\u0441\u043e\u043c<\/li><li>\u044d\u043c\u043e\u0446\u0438\u043e\u043d\u0430\u043b\u044c\u043d\u0443\u044e \u0438 \u0444\u0438\u0437\u0438\u043e\u043b\u043e\u0433\u0438\u0447\u0435\u0441\u043a\u0443\u044e \u0434\u0438\u0441\u0440\u0435\u0433\u0443\u043b\u044f\u0446\u0438\u044e<\/li><li>\u0443\u0441\u0442\u043e\u0439\u0447\u0438\u0432\u044b\u0435 \u043f\u0441\u0438\u0445\u043e\u043b\u043e\u0433\u0438\u0447\u0435\u0441\u043a\u0438\u0435 \u0431\u043b\u043e\u043a\u0438<\/li><\/ul>\t\t\t\t\t\t\t\t<\/div>\n\t\t\t\t<\/div>\n\t\t<div class=\"elementor-element elementor-element-9056f7e e-con-full e-flex e-con e-child\" data-id=\"9056f7e\" data-element_type=\"container\" data-e-type=\"container\">\n\t\t\t\t<div class=\"elementor-element elementor-element-fd3b048 elementor-widget elementor-widget-heading\" data-id=\"fd3b048\" data-element_type=\"widget\" data-e-type=\"widget\" data-widget_type=\"heading.default\">\n\t\t\t\t\t<h2 class=\"elementor-heading-title elementor-size-default\">\u0412\u043a\u043b\u044e\u0447\u0430\u0435\u0442:<\/h2>\t\t\t\t<\/div>\n\t\t\t\t<div class=\"elementor-element elementor-element-13aedeb elementor-widget elementor-widget-text-editor\" data-id=\"13aedeb\" data-element_type=\"widget\" data-e-type=\"widget\" data-widget_type=\"text-editor.default\">\n\t\t\t\t\t\t\t\t\t<ul><li>12 \u0441\u0435\u0441\u0441\u0438\u0439 \u043f\u0440\u043e\u0434\u0432\u0438\u043d\u0443\u0442\u043e\u0439 \u0438\u043d\u0442\u0435\u0433\u0440\u0430\u0442\u0438\u0432\u043d\u043e\u0439 \u043f\u0441\u0438\u0445\u043e\u0442\u0435\u0440\u0430\u043f\u0438\u0438<\/li><li>56 \u0441\u0435\u0441\u0441\u0438\u0439 \u043c\u043e\u0437\u0433\u043e\u0432\u043e\u0439 \u0441\u0442\u0438\u043c\u0443\u043b\u044f\u0446\u0438\u0438 (tDCS)<\/li><li>48 \u0441\u0435\u0441\u0441\u0438\u0439 \u043d\u0435\u0438\u043d\u0432\u0430\u0437\u0438\u0432\u043d\u043e\u0439 \u0432\u0430\u0433\u0443\u0441\u043d\u043e\u0439 \u0441\u0442\u0438\u043c\u0443\u043b\u044f\u0446\u0438\u0438<\/li><\/ul>\t\t\t\t\t\t\t\t<\/div>\n\t\t\t\t<\/div>\n\t\t\t\t\t<\/div>\n\t\t\t\t<\/div>\n\t\t\t\t<\/div>","protected":false},"excerpt":{"rendered":"<p>Restauraci\u00f3n profunda del sistema nervioso y resultados duraderos Programa neuropsicol\u00f3gico integral de 12 semanas, dise\u00f1ado para lograr una recuperaci\u00f3n profunda y estable tanto a nivel psicol\u00f3gico como fisiol\u00f3gico.Integra los m\u00e9todos m\u00e1s avanzados y con mayor respaldo cient\u00edfico internacional en neuroplasticidad, autorregulaci\u00f3n y resiliencia emocional. Reservar ahora Act\u00faa directamente sobre: Circuitos neuronales alterados por estr\u00e9s cr\u00f3nico [&hellip;]<\/p>\n","protected":false},"author":1,"featured_media":0,"parent":0,"menu_order":0,"comment_status":"closed","ping_status":"closed","template":"","meta":{"footnotes":""},"class_list":["post-385","page","type-page","status-publish","hentry"],"_hostinger_reach_plugin_has_subscription_block":false,"_hostinger_reach_plugin_is_elementor":false,"_links":{"self":[{"href":"https:\/\/tzeustress.com\/ru\/wp-json\/wp\/v2\/pages\/385","targetHints":{"allow":["GET"]}}],"collection":[{"href":"https:\/\/tzeustress.com\/ru\/wp-json\/wp\/v2\/pages"}],"about":[{"href":"https:\/\/tzeustress.com\/ru\/wp-json\/wp\/v2\/types\/page"}],"author":[{"embeddable":true,"href":"https:\/\/tzeustress.com\/ru\/wp-json\/wp\/v2\/users\/1"}],"replies":[{"embeddable":true,"href":"https:\/\/tzeustress.com\/ru\/wp-json\/wp\/v2\/comments?post=385"}],"version-history":[{"count":16,"href":"https:\/\/tzeustress.com\/ru\/wp-json\/wp\/v2\/pages\/385\/revisions"}],"predecessor-version":[{"id":817,"href":"https:\/\/tzeustress.com\/ru\/wp-json\/wp\/v2\/pages\/385\/revisions\/817"}],"wp:attachment":[{"href":"https:\/\/tzeustress.com\/ru\/wp-json\/wp\/v2\/media?parent=385"}],"curies":[{"name":"wp","href":"https:\/\/api.w.org\/{rel}","templated":true}]}}