{"id":469,"date":"2026-01-20T19:54:04","date_gmt":"2026-01-20T19:54:04","guid":{"rendered":"https:\/\/wordpress-1571069-6117386.cloudwaysapps.com\/?page_id=469"},"modified":"2026-01-21T11:01:20","modified_gmt":"2026-01-21T11:01:20","slug":"estimulacion-del-nervio-vago","status":"publish","type":"page","link":"https:\/\/tzeustress.com\/ru\/estimulacion-del-nervio-vago\/","title":{"rendered":"\u0421\u0442\u0438\u043c\u0443\u043b\u044f\u0446\u0438\u044f \u0431\u043b\u0443\u0436\u0434\u0430\u044e\u0449\u0435\u0433\u043e \u043d\u0435\u0440\u0432\u0430"},"content":{"rendered":"<div data-elementor-type=\"wp-page\" data-elementor-id=\"469\" class=\"elementor elementor-469\" data-elementor-post-type=\"page\">\n\t\t\t\t<div class=\"elementor-element elementor-element-4742425 e-flex e-con-boxed e-con e-parent\" data-id=\"4742425\" data-element_type=\"container\" data-e-type=\"container\" data-settings=\"{&quot;background_background&quot;:&quot;classic&quot;}\">\n\t\t\t\t\t<div class=\"e-con-inner\">\n\t\t\t\t<div class=\"elementor-element elementor-element-5015991 elementor-invisible elementor-widget elementor-widget-heading\" data-id=\"5015991\" data-element_type=\"widget\" data-e-type=\"widget\" data-settings=\"{&quot;_animation&quot;:&quot;fadeIn&quot;}\" data-widget_type=\"heading.default\">\n\t\t\t\t\t<h2 class=\"elementor-heading-title elementor-size-default\">\u0421\u0442\u0438\u043c\u0443\u043b\u044f\u0446\u0438\u044f \u0431\u043b\u0443\u0436\u0434\u0430\u044e\u0449\u0435\u0433\u043e \u043d\u0435\u0440\u0432\u0430<\/h2>\t\t\t\t<\/div>\n\t\t\t\t\t<\/div>\n\t\t\t\t<\/div>\n\t\t<div class=\"elementor-element elementor-element-a4d8bd5 e-flex e-con-boxed e-con e-parent\" data-id=\"a4d8bd5\" data-element_type=\"container\" data-e-type=\"container\">\n\t\t\t\t\t<div class=\"e-con-inner\">\n\t\t<div class=\"elementor-element elementor-element-1a02ecc e-con-full e-flex e-con e-child\" data-id=\"1a02ecc\" data-element_type=\"container\" data-e-type=\"container\" data-settings=\"{&quot;animation&quot;:&quot;none&quot;}\">\n\t\t\t\t<div class=\"elementor-element elementor-element-026976d elementor-widget elementor-widget-heading\" data-id=\"026976d\" data-element_type=\"widget\" data-e-type=\"widget\" data-widget_type=\"heading.default\">\n\t\t\t\t\t<h2 class=\"elementor-heading-title elementor-size-default\">\u041d\u0435\u0438\u043d\u0432\u0430\u0437\u0438\u0432\u043d\u0430\u044f \u0432\u0430\u0433\u0443\u0441\u043d\u0430\u044f \u043d\u0435\u0439\u0440\u043e\u043c\u043e\u0434\u0443\u043b\u044f\u0446\u0438\u044f \u0434\u043b\u044f \u0432\u043e\u0441\u0441\u0442\u0430\u043d\u043e\u0432\u043b\u0435\u043d\u0438\u044f \u0431\u0430\u043b\u0430\u043d\u0441\u0430 \u00ab\u0442\u0435\u043b\u043e\u2013\u043c\u043e\u0437\u0433\u00bb<\/h2>\t\t\t\t<\/div>\n\t\t\t\t<div class=\"elementor-element elementor-element-986cfaa elementor-widget elementor-widget-text-editor\" data-id=\"986cfaa\" data-element_type=\"widget\" data-e-type=\"widget\" data-widget_type=\"text-editor.default\">\n\t\t\t\t\t\t\t\t\t\u0411\u043b\u0443\u0436\u0434\u0430\u044e\u0449\u0438\u0439 \u043d\u0435\u0440\u0432 \u2014 \u043e\u0434\u043d\u0430 \u0438\u0437 \u043a\u043b\u044e\u0447\u0435\u0432\u044b\u0445 \u043a\u043e\u043c\u043c\u0443\u043d\u0438\u043a\u0430\u0446\u0438\u043e\u043d\u043d\u044b\u0445 \u043c\u0430\u0433\u0438\u0441\u0442\u0440\u0430\u043b\u0435\u0439 \u043c\u0435\u0436\u0434\u0443 \u043c\u043e\u0437\u0433\u043e\u043c \u0438 \u0442\u0435\u043b\u043e\u043c.\n\u0421 \u043f\u043e\u043c\u043e\u0449\u044c\u044e \u0431\u0435\u0437\u043e\u043f\u0430\u0441\u043d\u044b\u0445 \u043f\u0440\u043e\u0442\u043e\u043a\u043e\u043b\u043e\u0432 \u043d\u0435\u0438\u043d\u0432\u0430\u0437\u0438\u0432\u043d\u043e\u0439 \u0441\u0442\u0438\u043c\u0443\u043b\u044f\u0446\u0438\u0438 \u0431\u043b\u0443\u0436\u0434\u0430\u044e\u0449\u0435\u0433\u043e \u043d\u0435\u0440\u0432\u0430 (AVNT\u2122) \u0430\u043a\u0442\u0438\u0432\u0438\u0440\u0443\u044e\u0442\u0441\u044f \u0435\u0441\u0442\u0435\u0441\u0442\u0432\u0435\u043d\u043d\u044b\u0435 \u043c\u0435\u0445\u0430\u043d\u0438\u0437\u043c\u044b \u0432\u043e\u0441\u0441\u0442\u0430\u043d\u043e\u0432\u043b\u0435\u043d\u0438\u044f \u043d\u0435\u0440\u0432\u043d\u043e\u0439 \u0441\u0438\u0441\u0442\u0435\u043c\u044b.\t\t\t\t\t\t\t\t<\/div>\n\t\t\t\t<div class=\"elementor-element elementor-element-2bcb4c9 elementor-widget elementor-widget-button\" data-id=\"2bcb4c9\" data-element_type=\"widget\" data-e-type=\"widget\" data-widget_type=\"button.default\">\n\t\t\t\t\t\t\t\t\t\t<a class=\"elementor-button elementor-button-link elementor-size-sm\" href=\"https:\/\/tzeustress.com\/ru\/book-online\/\">\n\t\t\t\t\t\t<span class=\"elementor-button-content-wrapper\">\n\t\t\t\t\t\t<span class=\"elementor-button-icon\">\n\t\t\t\t<svg aria-hidden=\"true\" class=\"e-font-icon-svg e-fas-long-arrow-alt-right\" viewbox=\"0 0 448 512\" xmlns=\"http:\/\/www.w3.org\/2000\/svg\"><path d=\"M313.941 216H12c-6.627 0-12 5.373-12 12v56c0 6.627 5.373 12 12 12h301.941v46.059c0 21.382 25.851 32.09 40.971 16.971l86.059-86.059c9.373-9.373 9.373-24.569 0-33.941l-86.059-86.059c-15.119-15.119-40.971-4.411-40.971 16.971V216z\"><\/path><\/svg>\t\t\t<\/span>\n\t\t\t\t\t\t\t\t\t<span class=\"elementor-button-text\">\u0417\u0430\u0431\u0440\u043e\u043d\u0438\u0440\u043e\u0432\u0430\u0442\u044c \u0441\u0435\u0439\u0447\u0430\u0441<\/span>\n\t\t\t\t\t<\/span>\n\t\t\t\t\t<\/a>\n\t\t\t\t\t\t\t\t<\/div>\n\t\t\t\t<\/div>\n\t\t<div class=\"elementor-element elementor-element-97611bf e-con-full e-flex e-con e-child\" data-id=\"97611bf\" data-element_type=\"container\" data-e-type=\"container\">\n\t\t\t\t<div class=\"elementor-element elementor-element-ed07c65 elementor-invisible elementor-widget elementor-widget-image\" data-id=\"ed07c65\" data-element_type=\"widget\" data-e-type=\"widget\" data-settings=\"{&quot;_animation&quot;:&quot;fadeInRight&quot;}\" data-widget_type=\"image.default\">\n\t\t\t\t\t\t\t\t\t\t\t\t\t\t\t<img fetchpriority=\"high\" decoding=\"async\" width=\"390\" height=\"261\" src=\"https:\/\/tzeustress.com\/wp-content\/uploads\/2026\/01\/229d5d_3737bfb8636d4b3e844046c4f1b656b7mv2.avif\" class=\"attachment-full size-full wp-image-273\" alt=\"\" srcset=\"https:\/\/tzeustress.com\/wp-content\/uploads\/2026\/01\/229d5d_3737bfb8636d4b3e844046c4f1b656b7mv2.avif 390w, https:\/\/tzeustress.com\/wp-content\/uploads\/2026\/01\/229d5d_3737bfb8636d4b3e844046c4f1b656b7mv2-300x201.jpg 300w\" sizes=\"(max-width: 390px) 100vw, 390px\" \/>\t\t\t\t\t\t\t\t\t\t\t\t\t\t\t<\/div>\n\t\t\t\t<\/div>\n\t\t\t\t\t<\/div>\n\t\t\t\t<\/div>\n\t\t<div class=\"elementor-element elementor-element-c72d2fa e-flex e-con-boxed elementor-invisible e-con e-parent\" data-id=\"c72d2fa\" data-element_type=\"container\" data-e-type=\"container\" data-settings=\"{&quot;animation&quot;:&quot;fadeInUp&quot;}\">\n\t\t\t\t\t<div class=\"e-con-inner\">\n\t\t<div class=\"elementor-element elementor-element-474d945 e-con-full e-flex e-con e-child\" data-id=\"474d945\" data-element_type=\"container\" data-e-type=\"container\">\n\t\t\t\t<div class=\"elementor-element elementor-element-8f1f781 elementor-widget elementor-widget-heading\" data-id=\"8f1f781\" data-element_type=\"widget\" data-e-type=\"widget\" data-widget_type=\"heading.default\">\n\t\t\t\t\t<h2 class=\"elementor-heading-title elementor-size-default\">\u041f\u0440\u0435\u0438\u043c\u0443\u0449\u0435\u0441\u0442\u0432\u0430:<\/h2>\t\t\t\t<\/div>\n\t\t\t\t<div class=\"elementor-element elementor-element-5b9f49d elementor-widget elementor-widget-text-editor\" data-id=\"5b9f49d\" data-element_type=\"widget\" data-e-type=\"widget\" data-widget_type=\"text-editor.default\">\n\t\t\t\t\t\t\t\t\t<ul><li>\u0441\u043d\u0438\u0436\u0435\u043d\u0438\u0435 \u0443\u0440\u043e\u0432\u043d\u044f \u0441\u0442\u0440\u0435\u0441\u0441\u0430 \u0438 \u0442\u0440\u0435\u0432\u043e\u0433\u0438<\/li><li>\u0443\u043b\u0443\u0447\u0448\u0435\u043d\u0438\u0435 \u0441\u043d\u0430 \u0438 \u0443\u0440\u043e\u0432\u043d\u044f \u044d\u043d\u0435\u0440\u0433\u0438\u0438<\/li><li>\u0443\u043c\u0435\u043d\u044c\u0448\u0435\u043d\u0438\u0435 \u0431\u043e\u043b\u0435\u0432\u043e\u0433\u043e \u0441\u0438\u043d\u0434\u0440\u043e\u043c\u0430 \u0438 \u0442\u0435\u043b\u0435\u0441\u043d\u044b\u0445 \u0441\u0438\u043c\u043f\u0442\u043e\u043c\u043e\u0432<\/li><li>\u043f\u043e\u0434\u0434\u0435\u0440\u0436\u043a\u0430 \u0440\u0430\u0431\u043e\u0442\u044b \u0441\u0435\u0440\u0434\u0446\u0430 \u0438 \u043c\u043e\u0437\u0433\u0430<\/li><\/ul>\t\t\t\t\t\t\t\t<\/div>\n\t\t\t\t<\/div>\n\t\t<div class=\"elementor-element elementor-element-fcdb9a2 e-con-full e-flex e-con e-child\" data-id=\"fcdb9a2\" data-element_type=\"container\" data-e-type=\"container\">\n\t\t\t\t<div class=\"elementor-element elementor-element-96cb3a0 elementor-widget elementor-widget-heading\" data-id=\"96cb3a0\" data-element_type=\"widget\" data-e-type=\"widget\" data-widget_type=\"heading.default\">\n\t\t\t\t\t<h2 class=\"elementor-heading-title elementor-size-default\">\u041e\u0441\u043e\u0431\u0435\u043d\u043d\u043e \u044d\u0444\u0444\u0435\u043a\u0442\u0438\u0432\u043d\u043e \u043f\u0440\u0438:<\/h2>\t\t\t\t<\/div>\n\t\t\t\t<div class=\"elementor-element elementor-element-85a065d elementor-widget elementor-widget-text-editor\" data-id=\"85a065d\" data-element_type=\"widget\" data-e-type=\"widget\" data-widget_type=\"text-editor.default\">\n\t\t\t\t\t\t\t\t\t<ul><li>\u0431\u0435\u0441\u0441\u043e\u043d\u043d\u0438\u0446\u0435 \u0438 \u043d\u0430\u0440\u0443\u0448\u0435\u043d\u0438\u044f\u0445 \u0441\u043d\u0430<\/li><li>\u043c\u0438\u0433\u0440\u0435\u043d\u044f\u0445 \u0438 \u0433\u043e\u043b\u043e\u0432\u043d\u044b\u0445 \u0431\u043e\u043b\u044f\u0445<\/li><li>\u0442\u0440\u0435\u0432\u043e\u0433\u0435, \u0441\u0442\u0440\u0435\u0441\u0441\u0435 \u0438 \u0434\u0435\u043f\u0440\u0435\u0441\u0441\u0438\u0438<\/li><li>\u0441\u0438\u043d\u0434\u0440\u043e\u043c\u0435 \u0440\u0430\u0437\u0434\u0440\u0430\u0436\u0451\u043d\u043d\u043e\u0433\u043e \u043a\u0438\u0448\u0435\u0447\u043d\u0438\u043a\u0430<\/li><li>\u0445\u0440\u043e\u043d\u0438\u0447\u0435\u0441\u043a\u043e\u0439 \u0431\u043e\u043b\u0438 \u0438 \u0443\u0441\u0442\u0430\u043b\u043e\u0441\u0442\u0438<\/li><li>\u043d\u0430\u0440\u0443\u0448\u0435\u043d\u0438\u044f\u0445 \u0432\u0435\u0433\u0435\u0442\u0430\u0442\u0438\u0432\u043d\u043e\u0439 \u043d\u0435\u0440\u0432\u043d\u043e\u0439 \u0441\u0438\u0441\u0442\u0435\u043c\u044b (\u0432\u043a\u043b\u044e\u0447\u0430\u044f \u043f\u043e\u0441\u0442-COVID)<\/li><\/ul>\t\t\t\t\t\t\t\t<\/div>\n\t\t\t\t<\/div>\n\t\t\t\t\t<\/div>\n\t\t\t\t<\/div>\n\t\t\t\t<\/div>","protected":false},"excerpt":{"rendered":"<p>Neuromodulaci\u00f3n vagal no invasiva para restaurar el equilibrio cuerpo\u2013cerebro El nervio vago es una de las principales v\u00edas de comunicaci\u00f3n entre el cerebro y el cuerpo. A trav\u00e9s de protocolos seguros de estimulaci\u00f3n vagal no invasiva (AVNT\u2122), se activan los mecanismos naturales de recuperaci\u00f3n del sistema nervioso. Reservar ahora Beneficios: Reducci\u00f3n del estr\u00e9s y la [&hellip;]<\/p>\n","protected":false},"author":1,"featured_media":0,"parent":0,"menu_order":0,"comment_status":"closed","ping_status":"closed","template":"","meta":{"footnotes":""},"class_list":["post-469","page","type-page","status-publish","hentry"],"_hostinger_reach_plugin_has_subscription_block":false,"_hostinger_reach_plugin_is_elementor":false,"_links":{"self":[{"href":"https:\/\/tzeustress.com\/ru\/wp-json\/wp\/v2\/pages\/469","targetHints":{"allow":["GET"]}}],"collection":[{"href":"https:\/\/tzeustress.com\/ru\/wp-json\/wp\/v2\/pages"}],"about":[{"href":"https:\/\/tzeustress.com\/ru\/wp-json\/wp\/v2\/types\/page"}],"author":[{"embeddable":true,"href":"https:\/\/tzeustress.com\/ru\/wp-json\/wp\/v2\/users\/1"}],"replies":[{"embeddable":true,"href":"https:\/\/tzeustress.com\/ru\/wp-json\/wp\/v2\/comments?post=469"}],"version-history":[{"count":10,"href":"https:\/\/tzeustress.com\/ru\/wp-json\/wp\/v2\/pages\/469\/revisions"}],"predecessor-version":[{"id":613,"href":"https:\/\/tzeustress.com\/ru\/wp-json\/wp\/v2\/pages\/469\/revisions\/613"}],"wp:attachment":[{"href":"https:\/\/tzeustress.com\/ru\/wp-json\/wp\/v2\/media?parent=469"}],"curies":[{"name":"wp","href":"https:\/\/api.w.org\/{rel}","templated":true}]}}