{"id":716,"date":"2026-03-11T11:53:02","date_gmt":"2026-03-11T11:53:02","guid":{"rendered":"https:\/\/tzeustress.com\/?page_id=716"},"modified":"2026-03-11T11:55:25","modified_gmt":"2026-03-11T11:55:25","slug":"evaluacion-psicologica-infantil-y-adolescente","status":"publish","type":"page","link":"https:\/\/tzeustress.com\/ru\/evaluacion-psicologica-infantil-y-adolescente\/","title":{"rendered":"\u041f\u0441\u0438\u0445\u043e\u043b\u043e\u0433\u0438\u0447\u0435\u0441\u043a\u0430\u044f \u043e\u0446\u0435\u043d\u043a\u0430 \u0434\u0435\u0442\u0435\u0439 \u0438 \u043f\u043e\u0434\u0440\u043e\u0441\u0442\u043a\u043e\u0432"},"content":{"rendered":"<div data-elementor-type=\"wp-page\" data-elementor-id=\"716\" class=\"elementor elementor-716\" data-elementor-post-type=\"page\">\n\t\t\t\t<div class=\"elementor-element elementor-element-3410283 e-flex e-con-boxed e-con e-parent\" data-id=\"3410283\" data-element_type=\"container\" data-e-type=\"container\" data-settings=\"{&quot;background_background&quot;:&quot;classic&quot;}\">\n\t\t\t\t\t<div class=\"e-con-inner\">\n\t\t\t\t<div class=\"elementor-element elementor-element-4568124 elementor-invisible elementor-widget elementor-widget-heading\" data-id=\"4568124\" data-element_type=\"widget\" data-e-type=\"widget\" data-settings=\"{&quot;_animation&quot;:&quot;fadeIn&quot;}\" data-widget_type=\"heading.default\">\n\t\t\t\t\t<h2 class=\"elementor-heading-title elementor-size-default\">\u041f\u0441\u0438\u0445\u043e\u043b\u043e\u0433\u0438\u0447\u0435\u0441\u043a\u0430\u044f \u043e\u0446\u0435\u043d\u043a\u0430 \u0434\u0435\u0442\u0435\u0439 \u0438 \u043f\u043e\u0434\u0440\u043e\u0441\u0442\u043a\u043e\u0432<\/h2>\t\t\t\t<\/div>\n\t\t\t\t\t<\/div>\n\t\t\t\t<\/div>\n\t\t<div class=\"elementor-element elementor-element-e240f4b e-flex e-con-boxed e-con e-parent\" data-id=\"e240f4b\" data-element_type=\"container\" data-e-type=\"container\">\n\t\t\t\t\t<div class=\"e-con-inner\">\n\t\t<div class=\"elementor-element elementor-element-0245ac4 e-con-full e-flex e-con e-child\" data-id=\"0245ac4\" data-element_type=\"container\" data-e-type=\"container\" data-settings=\"{&quot;animation&quot;:&quot;none&quot;}\">\n\t\t\t\t<div class=\"elementor-element elementor-element-87f0ff2 elementor-widget elementor-widget-heading\" data-id=\"87f0ff2\" data-element_type=\"widget\" data-e-type=\"widget\" data-widget_type=\"heading.default\">\n\t\t\t\t\t<h2 class=\"elementor-heading-title elementor-size-default\">\u041f\u043e\u043d\u044f\u0442\u044c \u0441 \u044f\u0441\u043d\u043e\u0441\u0442\u044c\u044e, \u0447\u0442\u043e \u043f\u0440\u043e\u0438\u0441\u0445\u043e\u0434\u0438\u0442 \u0441 \u0432\u0430\u0448\u0438\u043c \u0440\u0435\u0431\u0451\u043d\u043a\u043e\u043c<\/h2>\t\t\t\t<\/div>\n\t\t\t\t<div class=\"elementor-element elementor-element-d436cba elementor-widget elementor-widget-text-editor\" data-id=\"d436cba\" data-element_type=\"widget\" data-e-type=\"widget\" data-widget_type=\"text-editor.default\">\n\t\t\t\t\t\t\t\t\t<p><span style=\"font-weight: 400;\">\u0423\u0441\u043b\u0443\u0433\u0430 \u0441\u0442\u0440\u0443\u043a\u0442\u0443\u0440\u0438\u0440\u043e\u0432\u0430\u043d\u043d\u043e\u0439 \u043f\u0441\u0438\u0445\u043e\u043b\u043e\u0433\u0438\u0447\u0435\u0441\u043a\u043e\u0439 \u043e\u0446\u0435\u043d\u043a\u0438, \u043d\u0430\u043f\u0440\u0430\u0432\u043b\u0435\u043d\u043d\u0430\u044f \u043d\u0430 \u0432\u0441\u0435\u0441\u0442\u043e\u0440\u043e\u043d\u043d\u0438\u0439 \u0430\u043d\u0430\u043b\u0438\u0437 \u044d\u043c\u043e\u0446\u0438\u043e\u043d\u0430\u043b\u044c\u043d\u043e\u0433\u043e, \u043f\u043e\u0432\u0435\u0434\u0435\u043d\u0447\u0435\u0441\u043a\u043e\u0433\u043e \u0438 \u0430\u0434\u0430\u043f\u0442\u0430\u0446\u0438\u043e\u043d\u043d\u043e\u0433\u043e \u0444\u0443\u043d\u043a\u0446\u0438\u043e\u043d\u0438\u0440\u043e\u0432\u0430\u043d\u0438\u044f \u0434\u0435\u0442\u0435\u0439 \u0438 \u043f\u043e\u0434\u0440\u043e\u0441\u0442\u043a\u043e\u0432.<\/span><\/p><p><span style=\"font-weight: 400;\">\u0427\u0430\u0441\u0442\u043e \u0440\u043e\u0434\u0438\u0442\u0435\u043b\u0438 \u0437\u0430\u043c\u0435\u0447\u0430\u044e\u0442 \u0438\u0437\u043c\u0435\u043d\u0435\u043d\u0438\u044f, \u0442\u0440\u0443\u0434\u043d\u043e\u0441\u0442\u0438 \u0438\u043b\u0438 \u043a\u043e\u043d\u0444\u043b\u0438\u043a\u0442\u044b, \u043d\u043e \u043d\u0435 \u043c\u043e\u0433\u0443\u0442 \u0442\u043e\u0447\u043d\u043e \u043f\u043e\u043d\u044f\u0442\u044c, \u0447\u0442\u043e \u0438\u043c\u0435\u043d\u043d\u043e \u043f\u0440\u043e\u0438\u0441\u0445\u043e\u0434\u0438\u0442. \u0422\u0430\u043a\u0430\u044f \u043e\u0446\u0435\u043d\u043a\u0430 \u043f\u043e\u0437\u0432\u043e\u043b\u044f\u0435\u0442 \u043f\u043e\u043b\u0443\u0447\u0438\u0442\u044c \u043f\u0440\u043e\u0444\u0435\u0441\u0441\u0438\u043e\u043d\u0430\u043b\u044c\u043d\u044b\u0439, \u043e\u0431\u044a\u0435\u043a\u0442\u0438\u0432\u043d\u044b\u0439 \u0438 \u0433\u043b\u0443\u0431\u043e\u043a\u0438\u0439 \u0432\u0437\u0433\u043b\u044f\u0434 \u043d\u0430 \u0441\u0438\u0442\u0443\u0430\u0446\u0438\u044e, \u0438\u0437\u0431\u0435\u0436\u0430\u0442\u044c \u0441\u0443\u0431\u044a\u0435\u043a\u0442\u0438\u0432\u043d\u044b\u0445 \u0438\u043d\u0442\u0435\u0440\u043f\u0440\u0435\u0442\u0430\u0446\u0438\u0439 \u0438 \u043f\u043e\u0441\u043f\u0435\u0448\u043d\u044b\u0445 \u0440\u0435\u0448\u0435\u043d\u0438\u0439.<\/span><\/p><p class=\"translation-block\">\u0426\u0435\u043b\u044c \u2014 \u043f\u0440\u043e\u044f\u0441\u043d\u0438\u0442\u044c \u0441\u0438\u0442\u0443\u0430\u0446\u0438\u044e, \u0434\u0430\u0442\u044c \u043e\u0440\u0438\u0435\u043d\u0442\u0438\u0440\u044b \u0438 \u0441\u043e\u0437\u0434\u0430\u0442\u044c \u043d\u0430\u0434\u0451\u0436\u043d\u0443\u044e \u043e\u0441\u043d\u043e\u0432\u0443 \u0434\u043b\u044f \u0443\u0432\u0435\u0440\u0435\u043d\u043d\u044b\u0445 \u0438 \u0432\u0437\u0432\u0435\u0448\u0435\u043d\u043d\u044b\u0445 \u0434\u0435\u0439\u0441\u0442\u0432\u0438\u0439.<\/p>\t\t\t\t\t\t\t\t<\/div>\n\t\t\t\t<div class=\"elementor-element elementor-element-3a034e2 elementor-widget elementor-widget-button\" data-id=\"3a034e2\" data-element_type=\"widget\" data-e-type=\"widget\" data-widget_type=\"button.default\">\n\t\t\t\t\t\t\t\t\t\t<a class=\"elementor-button elementor-button-link elementor-size-sm\" href=\"https:\/\/tzeustress.com\/ru\/book-online\/\">\n\t\t\t\t\t\t<span class=\"elementor-button-content-wrapper\">\n\t\t\t\t\t\t<span class=\"elementor-button-icon\">\n\t\t\t\t<svg aria-hidden=\"true\" class=\"e-font-icon-svg e-fas-long-arrow-alt-right\" viewbox=\"0 0 448 512\" xmlns=\"http:\/\/www.w3.org\/2000\/svg\"><path d=\"M313.941 216H12c-6.627 0-12 5.373-12 12v56c0 6.627 5.373 12 12 12h301.941v46.059c0 21.382 25.851 32.09 40.971 16.971l86.059-86.059c9.373-9.373 9.373-24.569 0-33.941l-86.059-86.059c-15.119-15.119-40.971-4.411-40.971 16.971V216z\"><\/path><\/svg>\t\t\t<\/span>\n\t\t\t\t\t\t\t\t\t<span class=\"elementor-button-text\">\u0417\u0430\u0431\u0440\u043e\u043d\u0438\u0440\u043e\u0432\u0430\u0442\u044c \u0441\u0435\u0439\u0447\u0430\u0441<\/span>\n\t\t\t\t\t<\/span>\n\t\t\t\t\t<\/a>\n\t\t\t\t\t\t\t\t<\/div>\n\t\t\t\t<\/div>\n\t\t<div class=\"elementor-element elementor-element-ec2716f e-con-full e-flex e-con e-child\" data-id=\"ec2716f\" data-element_type=\"container\" data-e-type=\"container\">\n\t\t\t\t<div class=\"elementor-element elementor-element-ea73819 elementor-invisible elementor-widget elementor-widget-image\" data-id=\"ea73819\" data-element_type=\"widget\" data-e-type=\"widget\" data-settings=\"{&quot;_animation&quot;:&quot;fadeInRight&quot;}\" data-widget_type=\"image.default\">\n\t\t\t\t\t\t\t\t\t\t\t\t\t\t\t<img fetchpriority=\"high\" decoding=\"async\" width=\"986\" height=\"658\" src=\"https:\/\/tzeustress.com\/wp-content\/uploads\/2026\/03\/image1.jpg\" class=\"attachment-full size-full wp-image-720\" alt=\"\" srcset=\"https:\/\/tzeustress.com\/wp-content\/uploads\/2026\/03\/image1.jpg 986w, https:\/\/tzeustress.com\/wp-content\/uploads\/2026\/03\/image1-300x200.jpg 300w, https:\/\/tzeustress.com\/wp-content\/uploads\/2026\/03\/image1-768x513.jpg 768w, https:\/\/tzeustress.com\/wp-content\/uploads\/2026\/03\/image1-18x12.jpg 18w\" sizes=\"(max-width: 986px) 100vw, 986px\" \/>\t\t\t\t\t\t\t\t\t\t\t\t\t\t\t<\/div>\n\t\t\t\t<\/div>\n\t\t\t\t\t<\/div>\n\t\t\t\t<\/div>\n\t\t<div class=\"elementor-element elementor-element-b192a5d e-flex e-con-boxed elementor-invisible e-con e-parent\" data-id=\"b192a5d\" data-element_type=\"container\" data-e-type=\"container\" data-settings=\"{&quot;animation&quot;:&quot;fadeInUp&quot;}\">\n\t\t\t\t\t<div class=\"e-con-inner\">\n\t\t<div class=\"elementor-element elementor-element-8f2add7 e-con-full e-flex e-con e-child\" data-id=\"8f2add7\" data-element_type=\"container\" data-e-type=\"container\">\n\t\t\t\t<div class=\"elementor-element elementor-element-df39fff elementor-widget elementor-widget-heading\" data-id=\"df39fff\" data-element_type=\"widget\" data-e-type=\"widget\" data-widget_type=\"heading.default\">\n\t\t\t\t\t<h2 class=\"elementor-heading-title elementor-size-default\">\u041a\u0430\u043a\u0438\u0435 \u0441\u0444\u0435\u0440\u044b \u0430\u043d\u0430\u043b\u0438\u0437\u0438\u0440\u0443\u044e\u0442\u0441\u044f?<\/h2>\t\t\t\t<\/div>\n\t\t\t\t<div class=\"elementor-element elementor-element-7168403 elementor-widget elementor-widget-text-editor\" data-id=\"7168403\" data-element_type=\"widget\" data-e-type=\"widget\" data-widget_type=\"text-editor.default\">\n\t\t\t\t\t\t\t\t\t<ul><li style=\"font-weight: 400;\" aria-level=\"1\"><span style=\"font-weight: 400;\">\u0422\u0440\u0435\u0432\u043e\u0436\u043d\u043e\u0441\u0442\u044c, \u0441\u0442\u0440\u0430\u0445\u0438, \u043d\u0435\u0443\u0432\u0435\u0440\u0435\u043d\u043d\u043e\u0441\u0442\u044c<\/span><\/li><li style=\"font-weight: 400;\" aria-level=\"1\"><span style=\"font-weight: 400;\">\u041f\u0435\u0447\u0430\u043b\u044c, \u0441\u043d\u0438\u0436\u0435\u043d\u0438\u0435 \u043c\u043e\u0442\u0438\u0432\u0430\u0446\u0438\u0438 \u0438\u043b\u0438 \u044d\u043c\u043e\u0446\u0438\u043e\u043d\u0430\u043b\u044c\u043d\u044b\u0435 \u0438\u0437\u043c\u0435\u043d\u0435\u043d\u0438\u044f<\/span><\/li><li style=\"font-weight: 400;\" aria-level=\"1\"><span style=\"font-weight: 400;\">\u0420\u0430\u0437\u0434\u0440\u0430\u0436\u0438\u0442\u0435\u043b\u044c\u043d\u043e\u0441\u0442\u044c, \u0438\u043c\u043f\u0443\u043b\u044c\u0441\u0438\u0432\u043d\u043e\u0441\u0442\u044c \u0438 \u043f\u043e\u0432\u0435\u0434\u0435\u043d\u0447\u0435\u0441\u043a\u0438\u0435 \u0442\u0440\u0443\u0434\u043d\u043e\u0441\u0442\u0438<\/span><\/li><li style=\"font-weight: 400;\" aria-level=\"1\"><span style=\"font-weight: 400;\">\u042d\u043c\u043e\u0446\u0438\u043e\u043d\u0430\u043b\u044c\u043d\u0430\u044f \u0440\u0435\u0433\u0443\u043b\u044f\u0446\u0438\u044f \u0438 \u043f\u0435\u0440\u0435\u043d\u043e\u0441\u0438\u043c\u043e\u0441\u0442\u044c \u0444\u0440\u0443\u0441\u0442\u0440\u0430\u0446\u0438\u0438<\/span><\/li><li style=\"font-weight: 400;\" aria-level=\"1\"><span style=\"font-weight: 400;\">\u0421\u0430\u043c\u043e\u043e\u0446\u0435\u043d\u043a\u0430 \u0438 \u043f\u0440\u0435\u0434\u0441\u0442\u0430\u0432\u043b\u0435\u043d\u0438\u0435 \u043e \u0441\u0435\u0431\u0435<\/span><\/li><li style=\"font-weight: 400;\" aria-level=\"1\"><span style=\"font-weight: 400;\">\u0421\u043e\u0446\u0438\u0430\u043b\u044c\u043d\u044b\u0435 \u043d\u0430\u0432\u044b\u043a\u0438 \u0438 \u0448\u043a\u043e\u043b\u044c\u043d\u0430\u044f \u0430\u0434\u0430\u043f\u0442\u0430\u0446\u0438\u044f<\/span><\/li><li style=\"font-weight: 400;\" aria-level=\"1\"><span style=\"font-weight: 400;\">\u0421\u0435\u043c\u0435\u0439\u043d\u044b\u0435 \u043a\u043e\u043d\u0444\u043b\u0438\u043a\u0442\u044b \u0438 \u043e\u0441\u043e\u0431\u0435\u043d\u043d\u043e\u0441\u0442\u0438 \u0432\u0437\u0430\u0438\u043c\u043e\u043e\u0442\u043d\u043e\u0448\u0435\u043d\u0438\u0439<\/span><\/li><li style=\"font-weight: 400;\" aria-level=\"1\"><span style=\"font-weight: 400;\">\u0423\u0440\u043e\u0432\u0435\u043d\u044c \u0432\u043d\u0443\u0442\u0440\u0435\u043d\u043d\u0435\u0433\u043e \u043d\u0430\u043f\u0440\u044f\u0436\u0435\u043d\u0438\u044f, \u043a\u043e\u0442\u043e\u0440\u044b\u0439 \u043d\u0435 \u0432\u0441\u0435\u0433\u0434\u0430 \u0437\u0430\u043c\u0435\u0442\u0435\u043d \u0432\u043d\u0435\u0448\u043d\u0435<\/span><\/li><\/ul><p>\u00a0<\/p><p><span style=\"font-weight: 400;\">\u041e\u0446\u0435\u043d\u043a\u0430 \u043f\u0440\u043e\u0432\u043e\u0434\u0438\u0442\u0441\u044f \u0441 \u0438\u043d\u0442\u0435\u0433\u0440\u0430\u0442\u0438\u0432\u043d\u043e\u0439 \u043f\u043e\u0437\u0438\u0446\u0438\u0438, \u0441 \u0443\u0447\u0451\u0442\u043e\u043c \u0440\u0430\u0437\u043b\u0438\u0447\u043d\u044b\u0445 \u043a\u043e\u043d\u0442\u0435\u043a\u0441\u0442\u043e\u0432, \u0432 \u043a\u043e\u0442\u043e\u0440\u044b\u0445 \u0440\u0430\u0437\u0432\u0438\u0432\u0430\u0435\u0442\u0441\u044f \u0440\u0435\u0431\u0451\u043d\u043e\u043a.<\/span><\/p>\t\t\t\t\t\t\t\t<\/div>\n\t\t\t\t<\/div>\n\t\t<div class=\"elementor-element elementor-element-9233c9f e-con-full e-flex e-con e-child\" data-id=\"9233c9f\" data-element_type=\"container\" data-e-type=\"container\">\n\t\t\t\t<div class=\"elementor-element elementor-element-e270358 elementor-widget elementor-widget-heading\" data-id=\"e270358\" data-element_type=\"widget\" data-e-type=\"widget\" data-widget_type=\"heading.default\">\n\t\t\t\t\t<h2 class=\"elementor-heading-title elementor-size-default\">\u0412\u043a\u043b\u044e\u0447\u0430\u0435\u0442:<\/h2>\t\t\t\t<\/div>\n\t\t\t\t<div class=\"elementor-element elementor-element-b74df6b elementor-widget elementor-widget-text-editor\" data-id=\"b74df6b\" data-element_type=\"widget\" data-e-type=\"widget\" data-widget_type=\"text-editor.default\">\n\t\t\t\t\t\t\t\t\t<ul><li style=\"font-weight: 400;\" aria-level=\"1\"><span style=\"font-weight: 400;\">\u041f\u0435\u0440\u0432\u0438\u0447\u043d\u043e\u0435 \u043a\u043b\u0438\u043d\u0438\u0447\u0435\u0441\u043a\u043e\u0435 \u0438\u043d\u0442\u0435\u0440\u0432\u044c\u044e \u0441 \u0441\u0435\u043c\u044c\u0451\u0439<\/span><\/li><li style=\"font-weight: 400;\" aria-level=\"1\"><span style=\"font-weight: 400;\">\u0418\u043d\u0434\u0438\u0432\u0438\u0434\u0443\u0430\u043b\u044c\u043d\u0443\u044e \u043f\u0441\u0438\u0445\u043e\u043b\u043e\u0433\u0438\u0447\u0435\u0441\u043a\u0443\u044e \u0434\u0438\u0430\u0433\u043d\u043e\u0441\u0442\u0438\u043a\u0443 \u0440\u0435\u0431\u0451\u043d\u043a\u0430 \u0438\u043b\u0438 \u043f\u043e\u0434\u0440\u043e\u0441\u0442\u043a\u0430<\/span><\/li><li style=\"font-weight: 400;\" aria-level=\"1\"><span style=\"font-weight: 400;\">\u0421\u0431\u043e\u0440 \u0438 \u0438\u043d\u0442\u0435\u0433\u0440\u0430\u0446\u0438\u044e \u0438\u043d\u0444\u043e\u0440\u043c\u0430\u0446\u0438\u0438 \u0438\u0437 \u0448\u043a\u043e\u043b\u044c\u043d\u043e\u0439 \u0441\u0440\u0435\u0434\u044b<\/span><\/li><li style=\"font-weight: 400;\" aria-level=\"1\"><span style=\"font-weight: 400;\">\u041a\u043e\u043c\u043f\u043b\u0435\u043a\u0441\u043d\u044b\u0439 \u043a\u043b\u0438\u043d\u0438\u0447\u0435\u0441\u043a\u0438\u0439 \u0430\u043d\u0430\u043b\u0438\u0437 \u0438 \u043f\u0440\u043e\u0444\u0435\u0441\u0441\u0438\u043e\u043d\u0430\u043b\u044c\u043d\u0443\u044e \u0438\u043d\u0442\u0435\u0440\u043f\u0440\u0435\u0442\u0430\u0446\u0438\u044e \u0440\u0435\u0437\u0443\u043b\u044c\u0442\u0430\u0442\u043e\u0432<\/span><\/li><li style=\"font-weight: 400;\" aria-level=\"1\"><span style=\"font-weight: 400;\">\u041f\u043e\u0434\u0440\u043e\u0431\u043d\u043e\u0435 \u043f\u0441\u0438\u0445\u043e\u043b\u043e\u0433\u0438\u0447\u0435\u0441\u043a\u043e\u0435 \u0437\u0430\u043a\u043b\u044e\u0447\u0435\u043d\u0438\u0435<\/span><\/li><li style=\"font-weight: 400;\" aria-level=\"1\"><span style=\"font-weight: 400;\">\u0420\u0430\u0437\u044a\u044f\u0441\u043d\u0438\u0442\u0435\u043b\u044c\u043d\u0443\u044e \u043a\u043e\u043d\u0441\u0443\u043b\u044c\u0442\u0430\u0446\u0438\u044e \u0434\u043b\u044f \u0441\u0435\u043c\u044c\u0438 \u0441 \u043f\u0440\u0430\u043a\u0442\u0438\u0447\u0435\u0441\u043a\u0438\u043c\u0438 \u0440\u0435\u043a\u043e\u043c\u0435\u043d\u0434\u0430\u0446\u0438\u044f\u043c\u0438<\/span><\/li><li style=\"font-weight: 400;\" aria-level=\"1\"><span style=\"font-weight: 400;\">\u041a\u043e\u043d\u043a\u0440\u0435\u0442\u043d\u044b\u0435 \u0440\u0435\u043a\u043e\u043c\u0435\u043d\u0434\u0430\u0446\u0438\u0438 \u0434\u043b\u044f \u044d\u0444\u0444\u0435\u043a\u0442\u0438\u0432\u043d\u043e\u0433\u043e \u0432\u0437\u0430\u0438\u043c\u043e\u0434\u0435\u0439\u0441\u0442\u0432\u0438\u044f \u0441 \u043e\u0431\u0440\u0430\u0437\u043e\u0432\u0430\u0442\u0435\u043b\u044c\u043d\u044b\u043c \u0443\u0447\u0440\u0435\u0436\u0434\u0435\u043d\u0438\u0435\u043c<\/span><\/li><\/ul><p>\u00a0<\/p><p><span style=\"font-weight: 400;\">\u0417\u0430\u043a\u043b\u044e\u0447\u0435\u043d\u0438\u0435 \u043c\u043e\u0436\u0435\u0442 \u0431\u044b\u0442\u044c \u043f\u0440\u0435\u0434\u043e\u0441\u0442\u0430\u0432\u043b\u0435\u043d\u043e \u0448\u043a\u043e\u043b\u0435 \u0434\u043b\u044f \u0432\u044b\u0441\u0442\u0440\u0430\u0438\u0432\u0430\u043d\u0438\u044f \u0441\u043e\u0433\u043b\u0430\u0441\u043e\u0432\u0430\u043d\u043d\u043e\u0439, \u043f\u0440\u043e\u0444\u0435\u0441\u0441\u0438\u043e\u043d\u0430\u043b\u044c\u043d\u043e \u043e\u0431\u043e\u0441\u043d\u043e\u0432\u0430\u043d\u043d\u043e\u0439 \u0441\u0442\u0440\u0430\u0442\u0435\u0433\u0438\u0438 \u043f\u043e\u043c\u043e\u0449\u0438 \u0441 \u0443\u0447\u0451\u0442\u043e\u043c \u0438\u043d\u0434\u0438\u0432\u0438\u0434\u0443\u0430\u043b\u044c\u043d\u044b\u0445 \u043e\u0441\u043e\u0431\u0435\u043d\u043d\u043e\u0441\u0442\u0435\u0439 \u0440\u0435\u0431\u0451\u043d\u043a\u0430.<\/span><\/p>\t\t\t\t\t\t\t\t<\/div>\n\t\t\t\t<\/div>\n\t\t\t\t\t<\/div>\n\t\t\t\t<\/div>\n\t\t\t\t<\/div>","protected":false},"excerpt":{"rendered":"<p>Comprender con claridad lo que le est\u00e1 ocurriendo a tu hijo Servicio de evaluaci\u00f3n psicol\u00f3gica estructurada orientado a analizar el funcionamiento emocional, conductual y adaptativo de ni\u00f1os y adolescentes. Muchas veces los padres perciben cambios, dificultades o conflictos, pero no logran entender con precisi\u00f3n qu\u00e9 est\u00e1 ocurriendo. Esta evaluaci\u00f3n permite obtener una visi\u00f3n profesional, objetiva [&hellip;]<\/p>\n","protected":false},"author":1,"featured_media":0,"parent":0,"menu_order":0,"comment_status":"closed","ping_status":"closed","template":"","meta":{"footnotes":""},"class_list":["post-716","page","type-page","status-publish","hentry"],"_hostinger_reach_plugin_has_subscription_block":false,"_hostinger_reach_plugin_is_elementor":false,"_links":{"self":[{"href":"https:\/\/tzeustress.com\/ru\/wp-json\/wp\/v2\/pages\/716","targetHints":{"allow":["GET"]}}],"collection":[{"href":"https:\/\/tzeustress.com\/ru\/wp-json\/wp\/v2\/pages"}],"about":[{"href":"https:\/\/tzeustress.com\/ru\/wp-json\/wp\/v2\/types\/page"}],"author":[{"embeddable":true,"href":"https:\/\/tzeustress.com\/ru\/wp-json\/wp\/v2\/users\/1"}],"replies":[{"embeddable":true,"href":"https:\/\/tzeustress.com\/ru\/wp-json\/wp\/v2\/comments?post=716"}],"version-history":[{"count":4,"href":"https:\/\/tzeustress.com\/ru\/wp-json\/wp\/v2\/pages\/716\/revisions"}],"predecessor-version":[{"id":723,"href":"https:\/\/tzeustress.com\/ru\/wp-json\/wp\/v2\/pages\/716\/revisions\/723"}],"wp:attachment":[{"href":"https:\/\/tzeustress.com\/ru\/wp-json\/wp\/v2\/media?parent=716"}],"curies":[{"name":"wp","href":"https:\/\/api.w.org\/{rel}","templated":true}]}}