{"id":724,"date":"2026-03-11T11:55:57","date_gmt":"2026-03-11T11:55:57","guid":{"rendered":"https:\/\/tzeustress.com\/?page_id=724"},"modified":"2026-03-11T11:57:08","modified_gmt":"2026-03-11T11:57:08","slug":"terapia-de-pareja","status":"publish","type":"page","link":"https:\/\/tzeustress.com\/ru\/terapia-de-pareja\/","title":{"rendered":"\u041f\u0430\u0440\u043d\u0430\u044f \u0442\u0435\u0440\u0430\u043f\u0438\u044f"},"content":{"rendered":"<div data-elementor-type=\"wp-page\" data-elementor-id=\"724\" class=\"elementor elementor-724\" data-elementor-post-type=\"page\">\n\t\t\t\t<div class=\"elementor-element elementor-element-14e7e89 e-flex e-con-boxed e-con e-parent\" data-id=\"14e7e89\" data-element_type=\"container\" data-e-type=\"container\" data-settings=\"{&quot;background_background&quot;:&quot;classic&quot;}\">\n\t\t\t\t\t<div class=\"e-con-inner\">\n\t\t\t\t<div class=\"elementor-element elementor-element-14e51ff elementor-invisible elementor-widget elementor-widget-heading\" data-id=\"14e51ff\" data-element_type=\"widget\" data-e-type=\"widget\" data-settings=\"{&quot;_animation&quot;:&quot;fadeIn&quot;}\" data-widget_type=\"heading.default\">\n\t\t\t\t\t<h2 class=\"elementor-heading-title elementor-size-default\">\u041f\u0430\u0440\u043d\u0430\u044f \u0442\u0435\u0440\u0430\u043f\u0438\u044f<\/h2>\t\t\t\t<\/div>\n\t\t\t\t\t<\/div>\n\t\t\t\t<\/div>\n\t\t<div class=\"elementor-element elementor-element-d28ebb8 e-flex e-con-boxed e-con e-parent\" data-id=\"d28ebb8\" data-element_type=\"container\" data-e-type=\"container\">\n\t\t\t\t\t<div class=\"e-con-inner\">\n\t\t<div class=\"elementor-element elementor-element-8760144 e-con-full e-flex e-con e-child\" data-id=\"8760144\" data-element_type=\"container\" data-e-type=\"container\" data-settings=\"{&quot;animation&quot;:&quot;none&quot;}\">\n\t\t\t\t<div class=\"elementor-element elementor-element-ba02f80 elementor-widget elementor-widget-heading\" data-id=\"ba02f80\" data-element_type=\"widget\" data-e-type=\"widget\" data-widget_type=\"heading.default\">\n\t\t\t\t\t<h2 class=\"elementor-heading-title elementor-size-default\">\u0421\u043f\u0435\u0446\u0438\u0430\u043b\u0438\u0437\u0438\u0440\u043e\u0432\u0430\u043d\u043d\u0430\u044f \u043f\u043e\u043c\u043e\u0449\u044c \u0434\u043b\u044f \u0432\u043e\u0441\u0441\u0442\u0430\u043d\u043e\u0432\u043b\u0435\u043d\u0438\u044f \u0431\u043b\u0438\u0437\u043e\u0441\u0442\u0438 \u0438 \u0443\u043a\u0440\u0435\u043f\u043b\u0435\u043d\u0438\u044f \u043e\u0442\u043d\u043e\u0448\u0435\u043d\u0438\u0439<\/h2>\t\t\t\t<\/div>\n\t\t\t\t<div class=\"elementor-element elementor-element-a9801d7 elementor-widget elementor-widget-text-editor\" data-id=\"a9801d7\" data-element_type=\"widget\" data-e-type=\"widget\" data-widget_type=\"text-editor.default\">\n\t\t\t\t\t\t\t\t\t<p><span style=\"font-weight: 400;\">\u041f\u0430\u0440\u043d\u0430\u044f \u0442\u0435\u0440\u0430\u043f\u0438\u044f \u2014 \u044d\u0442\u043e \u0441\u0442\u0440\u0443\u043a\u0442\u0443\u0440\u0438\u0440\u043e\u0432\u0430\u043d\u043d\u044b\u0439 \u043f\u0440\u043e\u0446\u0435\u0441\u0441, \u043d\u0430\u043f\u0440\u0430\u0432\u043b\u0435\u043d\u043d\u044b\u0439 \u043d\u0430 \u0443\u043b\u0443\u0447\u0448\u0435\u043d\u0438\u0435 \u043a\u043e\u043c\u043c\u0443\u043d\u0438\u043a\u0430\u0446\u0438\u0438, \u0440\u0430\u0437\u0440\u0435\u0448\u0435\u043d\u0438\u0435 \u0437\u0430\u0442\u044f\u0436\u043d\u044b\u0445 \u043a\u043e\u043d\u0444\u043b\u0438\u043a\u0442\u043e\u0432 \u0438 \u0432\u043e\u0441\u0441\u0442\u0430\u043d\u043e\u0432\u043b\u0435\u043d\u0438\u0435 \u044d\u043c\u043e\u0446\u0438\u043e\u043d\u0430\u043b\u044c\u043d\u043e\u0439 \u0441\u0442\u0430\u0431\u0438\u043b\u044c\u043d\u043e\u0441\u0442\u0438 \u0432 \u043e\u0442\u043d\u043e\u0448\u0435\u043d\u0438\u044f\u0445.<\/span><\/p><p><span style=\"font-weight: 400;\">\u0420\u0435\u0447\u044c \u0438\u0434\u0451\u0442 \u043d\u0435 \u043f\u0440\u043e\u0441\u0442\u043e \u043e \u00ab\u0440\u0430\u0437\u0433\u043e\u0432\u043e\u0440\u0435 \u043e \u043f\u0440\u043e\u0431\u043b\u0435\u043c\u0430\u0445\u00bb, \u0430 \u043e \u0440\u0430\u0431\u043e\u0442\u0435 \u0441 \u0443\u0441\u0442\u043e\u0439\u0447\u0438\u0432\u044b\u043c\u0438 \u043c\u043e\u0434\u0435\u043b\u044f\u043c\u0438 \u0432\u0437\u0430\u0438\u043c\u043e\u0434\u0435\u0439\u0441\u0442\u0432\u0438\u044f, \u044d\u043c\u043e\u0446\u0438\u043e\u043d\u0430\u043b\u044c\u043d\u043e\u0439 \u0440\u0435\u0433\u0443\u043b\u044f\u0446\u0438\u0435\u0439 \u0438 \u0434\u0438\u043d\u0430\u043c\u0438\u043a\u0430\u043c\u0438, \u043a\u043e\u0442\u043e\u0440\u044b\u0435 \u043f\u043e\u0434\u0434\u0435\u0440\u0436\u0438\u0432\u0430\u044e\u0442 \u043a\u043e\u043d\u0444\u043b\u0438\u043a\u0442.<\/span><\/p>\t\t\t\t\t\t\t\t<\/div>\n\t\t\t\t<div class=\"elementor-element elementor-element-d782fbc elementor-widget elementor-widget-button\" data-id=\"d782fbc\" data-element_type=\"widget\" data-e-type=\"widget\" data-widget_type=\"button.default\">\n\t\t\t\t\t\t\t\t\t\t<a class=\"elementor-button elementor-button-link elementor-size-sm\" href=\"https:\/\/tzeustress.com\/ru\/book-online\/\">\n\t\t\t\t\t\t<span class=\"elementor-button-content-wrapper\">\n\t\t\t\t\t\t<span class=\"elementor-button-icon\">\n\t\t\t\t<svg aria-hidden=\"true\" class=\"e-font-icon-svg e-fas-long-arrow-alt-right\" viewbox=\"0 0 448 512\" xmlns=\"http:\/\/www.w3.org\/2000\/svg\"><path d=\"M313.941 216H12c-6.627 0-12 5.373-12 12v56c0 6.627 5.373 12 12 12h301.941v46.059c0 21.382 25.851 32.09 40.971 16.971l86.059-86.059c9.373-9.373 9.373-24.569 0-33.941l-86.059-86.059c-15.119-15.119-40.971-4.411-40.971 16.971V216z\"><\/path><\/svg>\t\t\t<\/span>\n\t\t\t\t\t\t\t\t\t<span class=\"elementor-button-text\">\u0417\u0430\u0431\u0440\u043e\u043d\u0438\u0440\u043e\u0432\u0430\u0442\u044c \u0441\u0435\u0439\u0447\u0430\u0441<\/span>\n\t\t\t\t\t<\/span>\n\t\t\t\t\t<\/a>\n\t\t\t\t\t\t\t\t<\/div>\n\t\t\t\t<\/div>\n\t\t<div class=\"elementor-element elementor-element-4cd5d0c e-con-full e-flex e-con e-child\" data-id=\"4cd5d0c\" data-element_type=\"container\" data-e-type=\"container\">\n\t\t\t\t<div class=\"elementor-element elementor-element-bc1cc87 elementor-invisible elementor-widget elementor-widget-image\" data-id=\"bc1cc87\" data-element_type=\"widget\" data-e-type=\"widget\" data-settings=\"{&quot;_animation&quot;:&quot;fadeInRight&quot;}\" data-widget_type=\"image.default\">\n\t\t\t\t\t\t\t\t\t\t\t\t\t\t\t<img fetchpriority=\"high\" decoding=\"async\" width=\"1014\" height=\"684\" src=\"https:\/\/tzeustress.com\/wp-content\/uploads\/2026\/03\/image1-1.jpg\" class=\"attachment-full size-full wp-image-719\" alt=\"\" srcset=\"https:\/\/tzeustress.com\/wp-content\/uploads\/2026\/03\/image1-1.jpg 1014w, https:\/\/tzeustress.com\/wp-content\/uploads\/2026\/03\/image1-1-300x202.jpg 300w, https:\/\/tzeustress.com\/wp-content\/uploads\/2026\/03\/image1-1-768x518.jpg 768w, https:\/\/tzeustress.com\/wp-content\/uploads\/2026\/03\/image1-1-18x12.jpg 18w\" sizes=\"(max-width: 1014px) 100vw, 1014px\" \/>\t\t\t\t\t\t\t\t\t\t\t\t\t\t\t<\/div>\n\t\t\t\t<\/div>\n\t\t\t\t\t<\/div>\n\t\t\t\t<\/div>\n\t\t<div class=\"elementor-element elementor-element-4378a09 e-flex e-con-boxed elementor-invisible e-con e-parent\" data-id=\"4378a09\" data-element_type=\"container\" data-e-type=\"container\" data-settings=\"{&quot;animation&quot;:&quot;fadeInUp&quot;}\">\n\t\t\t\t\t<div class=\"e-con-inner\">\n\t\t<div class=\"elementor-element elementor-element-fbc5fa6 e-con-full e-flex e-con e-child\" data-id=\"fbc5fa6\" data-element_type=\"container\" data-e-type=\"container\">\n\t\t\t\t<div class=\"elementor-element elementor-element-f24ae3b elementor-widget elementor-widget-heading\" data-id=\"f24ae3b\" data-element_type=\"widget\" data-e-type=\"widget\" data-widget_type=\"heading.default\">\n\t\t\t\t\t<h2 class=\"elementor-heading-title elementor-size-default\">\u0420\u0435\u043a\u043e\u043c\u0435\u043d\u0434\u043e\u0432\u0430\u043d\u0430 \u043f\u0440\u0438:<\/h2>\t\t\t\t<\/div>\n\t\t\t\t<div class=\"elementor-element elementor-element-06404c1 elementor-widget elementor-widget-text-editor\" data-id=\"06404c1\" data-element_type=\"widget\" data-e-type=\"widget\" data-widget_type=\"text-editor.default\">\n\t\t\t\t\t\t\t\t\t<ul><li style=\"font-weight: 400;\" aria-level=\"1\"><span style=\"font-weight: 400;\">\u041f\u043e\u0432\u0442\u043e\u0440\u044f\u044e\u0449\u0438\u0445\u0441\u044f \u043a\u043e\u043d\u0444\u043b\u0438\u043a\u0442\u0430\u0445 \u0438 \u043f\u043e\u0441\u0442\u043e\u044f\u043d\u043d\u044b\u0445 \u0441\u0441\u043e\u0440\u0430\u0445<\/span><\/li><li style=\"font-weight: 400;\" aria-level=\"1\"><span style=\"font-weight: 400;\">\u0422\u0440\u0443\u0434\u043d\u043e\u0441\u0442\u044f\u0445 \u0432 \u043a\u043e\u043c\u043c\u0443\u043d\u0438\u043a\u0430\u0446\u0438\u0438<\/span><\/li><li style=\"font-weight: 400;\" aria-level=\"1\"><span style=\"font-weight: 400;\">\u042d\u043c\u043e\u0446\u0438\u043e\u043d\u0430\u043b\u044c\u043d\u043e\u043c \u043e\u0442\u0434\u0430\u043b\u0435\u043d\u0438\u0438<\/span><\/li><li style=\"font-weight: 400;\" aria-level=\"1\"><span style=\"font-weight: 400;\">\u0420\u0435\u0432\u043d\u043e\u0441\u0442\u0438, \u043d\u0435\u0434\u043e\u0432\u0435\u0440\u0438\u0438 \u0438\u043b\u0438 \u043a\u0440\u0438\u0437\u0438\u0441\u0435 \u043e\u0442\u043d\u043e\u0448\u0435\u043d\u0438\u0439<\/span><\/li><li style=\"font-weight: 400;\" aria-level=\"1\"><span style=\"font-weight: 400;\">\u0416\u0438\u0437\u043d\u0435\u043d\u043d\u044b\u0445 \u0438\u0437\u043c\u0435\u043d\u0435\u043d\u0438\u044f\u0445, \u0432\u043b\u0438\u044f\u044e\u0449\u0438\u0445 \u043d\u0430 \u043f\u0430\u0440\u0443<\/span><\/li><\/ul><p>\u00a0<\/p><p><span style=\"font-weight: 400;\">\u0420\u0430\u0431\u043e\u0442\u0430 \u043e\u0441\u043d\u043e\u0432\u0430\u043d\u0430 \u043d\u0430 \u043f\u0441\u0438\u0445\u043e\u0442\u0435\u0440\u0430\u043f\u0438\u0438 \u0441 \u0434\u043e\u043a\u0430\u0437\u0430\u0442\u0435\u043b\u044c\u043d\u043e\u0439 \u044d\u0444\u0444\u0435\u043a\u0442\u0438\u0432\u043d\u043e\u0441\u0442\u044c\u044e \u0438 \u0438\u043d\u0441\u0442\u0440\u0443\u043c\u0435\u043d\u0442\u0430\u0445 \u044d\u043c\u043e\u0446\u0438\u043e\u043d\u0430\u043b\u044c\u043d\u043e\u0439 \u0440\u0435\u0433\u0443\u043b\u044f\u0446\u0438\u0438, \u0447\u0442\u043e \u0441\u043f\u043e\u0441\u043e\u0431\u0441\u0442\u0432\u0443\u0435\u0442 \u0440\u0435\u0430\u043b\u044c\u043d\u044b\u043c \u0438\u0437\u043c\u0435\u043d\u0435\u043d\u0438\u044f\u043c \u0432 \u0434\u0438\u043d\u0430\u043c\u0438\u043a\u0435 \u043f\u0430\u0440\u044b.<\/span><\/p>\t\t\t\t\t\t\t\t<\/div>\n\t\t\t\t<\/div>\n\t\t<div class=\"elementor-element elementor-element-6ed88f2 e-con-full e-flex e-con e-child\" data-id=\"6ed88f2\" data-element_type=\"container\" data-e-type=\"container\">\n\t\t\t\t<div class=\"elementor-element elementor-element-bf53f98 elementor-widget elementor-widget-heading\" data-id=\"bf53f98\" data-element_type=\"widget\" data-e-type=\"widget\" data-widget_type=\"heading.default\">\n\t\t\t\t\t<h2 class=\"elementor-heading-title elementor-size-default\">\u0412\u043a\u043b\u044e\u0447\u0430\u0435\u0442:<\/h2>\t\t\t\t<\/div>\n\t\t\t\t<div class=\"elementor-element elementor-element-0b11e58 elementor-widget elementor-widget-text-editor\" data-id=\"0b11e58\" data-element_type=\"widget\" data-e-type=\"widget\" data-widget_type=\"text-editor.default\">\n\t\t\t\t\t\t\t\t\t<ul><li style=\"font-weight: 400;\" aria-level=\"1\"><span style=\"font-weight: 400;\">\u041f\u0435\u0440\u0432\u0438\u0447\u043d\u0443\u044e \u043e\u0446\u0435\u043d\u043a\u0443 \u0434\u0438\u043d\u0430\u043c\u0438\u043a\u0438 \u043e\u0442\u043d\u043e\u0448\u0435\u043d\u0438\u0439<\/span><\/li><li style=\"font-weight: 400;\" aria-level=\"1\"><span style=\"font-weight: 400;\">\u0421\u0442\u0440\u0443\u043a\u0442\u0443\u0440\u0438\u0440\u043e\u0432\u0430\u043d\u043d\u044b\u0435 \u0441\u0435\u0441\u0441\u0438\u0438 \u0441 \u0447\u0451\u0442\u043a\u0438\u043c\u0438 \u0446\u0435\u043b\u044f\u043c\u0438<\/span><\/li><li style=\"font-weight: 400;\" aria-level=\"1\"><span style=\"font-weight: 400;\">\u0420\u0430\u0431\u043e\u0442\u0430 \u043d\u0430\u0434 \u043a\u043e\u043c\u043c\u0443\u043d\u0438\u043a\u0430\u0446\u0438\u0435\u0439 \u0438 \u044d\u043c\u043e\u0446\u0438\u043e\u043d\u0430\u043b\u044c\u043d\u043e\u0439 \u0440\u0435\u0433\u0443\u043b\u044f\u0446\u0438\u0435\u0439<\/span><\/li><li style=\"font-weight: 400;\" aria-level=\"1\"><span style=\"font-weight: 400;\">\u041f\u0440\u0430\u043a\u0442\u0438\u0447\u0435\u0441\u043a\u0438\u0435 \u0441\u0442\u0440\u0430\u0442\u0435\u0433\u0438\u0438 \u0434\u043b\u044f \u043f\u0440\u0438\u043c\u0435\u043d\u0435\u043d\u0438\u044f \u0432\u043d\u0435 \u0441\u0435\u0441\u0441\u0438\u0439<\/span><\/li><li style=\"font-weight: 400;\" aria-level=\"1\"><span style=\"font-weight: 400;\">\u041e\u0440\u0438\u0435\u043d\u0442\u0430\u0446\u0438\u044e \u043d\u0430 \u0443\u0441\u0442\u043e\u0439\u0447\u0438\u0432\u044b\u0435 \u0438 \u0434\u043e\u043b\u0433\u043e\u0441\u0440\u043e\u0447\u043d\u044b\u0435 \u0440\u0435\u0437\u0443\u043b\u044c\u0442\u0430\u0442\u044b<\/span><\/li><\/ul>\t\t\t\t\t\t\t\t<\/div>\n\t\t\t\t<\/div>\n\t\t\t\t\t<\/div>\n\t\t\t\t<\/div>\n\t\t\t\t<\/div>","protected":false},"excerpt":{"rendered":"<p>Intervenci\u00f3n especializada para restaurar la conexi\u00f3n y fortalecer la relaci\u00f3n La terapia de pareja es un proceso estructurado orientado a mejorar la comunicaci\u00f3n, resolver conflictos persistentes y reconstruir la estabilidad emocional dentro de la relaci\u00f3n. No se trata solo de \u201chablar de los problemas\u201d, sino de intervenir sobre los patrones relacionales, la regulaci\u00f3n emocional y [&hellip;]<\/p>\n","protected":false},"author":1,"featured_media":0,"parent":0,"menu_order":0,"comment_status":"closed","ping_status":"closed","template":"","meta":{"footnotes":""},"class_list":["post-724","page","type-page","status-publish","hentry"],"_hostinger_reach_plugin_has_subscription_block":false,"_hostinger_reach_plugin_is_elementor":false,"_links":{"self":[{"href":"https:\/\/tzeustress.com\/ru\/wp-json\/wp\/v2\/pages\/724","targetHints":{"allow":["GET"]}}],"collection":[{"href":"https:\/\/tzeustress.com\/ru\/wp-json\/wp\/v2\/pages"}],"about":[{"href":"https:\/\/tzeustress.com\/ru\/wp-json\/wp\/v2\/types\/page"}],"author":[{"embeddable":true,"href":"https:\/\/tzeustress.com\/ru\/wp-json\/wp\/v2\/users\/1"}],"replies":[{"embeddable":true,"href":"https:\/\/tzeustress.com\/ru\/wp-json\/wp\/v2\/comments?post=724"}],"version-history":[{"count":4,"href":"https:\/\/tzeustress.com\/ru\/wp-json\/wp\/v2\/pages\/724\/revisions"}],"predecessor-version":[{"id":728,"href":"https:\/\/tzeustress.com\/ru\/wp-json\/wp\/v2\/pages\/724\/revisions\/728"}],"wp:attachment":[{"href":"https:\/\/tzeustress.com\/ru\/wp-json\/wp\/v2\/media?parent=724"}],"curies":[{"name":"wp","href":"https:\/\/api.w.org\/{rel}","templated":true}]}}